{"id":14640,"date":"2025-05-27T11:04:28","date_gmt":"2025-05-27T09:04:28","guid":{"rendered":"https:\/\/swissdigitalcenter.ch\/?page_id=14640"},"modified":"2025-06-04T14:45:00","modified_gmt":"2025-06-04T12:45:00","slug":"erpfinder","status":"publish","type":"page","link":"https:\/\/swissdigitalcenter.ch\/de\/erpfinder\/","title":{"rendered":"ERP Finder"},"content":{"rendered":"\t\t<div data-elementor-type=\"wp-page\" data-elementor-id=\"14640\" class=\"elementor elementor-14640 elementor-14633\" data-elementor-post-type=\"page\">\n\t\t\t\t\t\t<section class=\"elementor-section elementor-top-section elementor-element elementor-element-359348b8 elementor-section-boxed elementor-section-height-default elementor-section-height-default\" data-id=\"359348b8\" data-element_type=\"section\" data-e-type=\"section\">\n\t\t\t\t\t\t<div class=\"elementor-container elementor-column-gap-default\">\n\t\t\t\t\t<div class=\"elementor-column elementor-col-100 elementor-top-column elementor-element elementor-element-2673e29b\" data-id=\"2673e29b\" data-element_type=\"column\" data-e-type=\"column\">\n\t\t\t<div class=\"elementor-widget-wrap elementor-element-populated\">\n\t\t\t\t\t\t<div class=\"elementor-element elementor-element-148caec8 elementor-widget elementor-widget-heading\" data-id=\"148caec8\" data-element_type=\"widget\" data-e-type=\"widget\" data-widget_type=\"heading.default\">\n\t\t\t\t<div class=\"elementor-widget-container\">\n\t\t\t\t\t<h2 class=\"elementor-heading-title elementor-size-default\">Entdecken Sie Ihre ideale ERP-L\u00f6sung<\/h2>\t\t\t\t<\/div>\n\t\t\t\t<\/div>\n\t\t\t\t<div class=\"elementor-element elementor-element-62a4df11 elementor-widget elementor-widget-text-editor\" data-id=\"62a4df11\" data-element_type=\"widget\" data-e-type=\"widget\" data-widget_type=\"text-editor.default\">\n\t\t\t\t<div class=\"elementor-widget-container\">\n\t\t\t\t\t\t\t\t\t<p>Die Auswahl eines ERP-Systems (Enterprise Resource Planning) ist f\u00fcr KMU oft ein komplexer Prozess. Dennoch ist diese Art von Tool entscheidend f\u00fcr die effiziente Steuerung der Prozesse in Zusammenhang mit den spezifischen Aktivit\u00e4ten von Unternehmen. ERP Finder bietet Ihnen eine intuitive Webplattform, die Sie durch diesen Auswahlprozess begleitet. Sie listet fast 80 L\u00f6sungen und 250 Integratoren auf, die Sie beraten k\u00f6nnen. Das Ziel von ERP Finder? Ihnen als KMU zu erm\u00f6glichen, Ihre digitale Transformation gelassen anzugehen, indem Sie mit der Auswahl eines geeigneten Managementsystems beginnen.<\/p><p>\u00a0<\/p><p>Treffen Sie unten Ihre Auswahl, indem Sie die zahlreichen verf\u00fcgbaren Filter verwenden. Beachten Sie, dass eine erweiterte Version des ERP Finders auf der Website <a href=\"https:\/\/erpfinder.hevs.ch\/\">https:\/\/erpfinder.hevs.ch<\/a> verf\u00fcgbar ist.<\/p>\t\t\t\t\t\t\t\t<\/div>\n\t\t\t\t<\/div>\n\t\t\t\t\t<\/div>\n\t\t<\/div>\n\t\t\t\t\t<\/div>\n\t\t<\/section>\n\t\t\t\t<section class=\"elementor-section elementor-top-section elementor-element elementor-element-8e25018 elementor-section-boxed elementor-section-height-default elementor-section-height-default\" data-id=\"8e25018\" data-element_type=\"section\" data-e-type=\"section\">\n\t\t\t\t\t\t<div class=\"elementor-container elementor-column-gap-default\">\n\t\t\t\t\t<div class=\"elementor-column elementor-col-100 elementor-top-column elementor-element elementor-element-3c2e75f\" data-id=\"3c2e75f\" data-element_type=\"column\" data-e-type=\"column\">\n\t\t\t<div class=\"elementor-widget-wrap elementor-element-populated\">\n\t\t\t\t\t\t<div class=\"elementor-element elementor-element-df91ac7 elementor-widget elementor-widget-shortcode\" data-id=\"df91ac7\" data-element_type=\"widget\" data-e-type=\"widget\" data-widget_type=\"shortcode.default\">\n\t\t\t\t<div class=\"elementor-widget-container\">\n\t\t\t\t\tEs ist ein Fehler aufgetreten. Bitte aktualisieren Sie die Seite oder wenden Sie sich an den Administrator der Website, wenn das Problem weiterhin besteht.\t\t<div class=\"elementor-shortcode\"><\/div>\n\t\t\t\t\t\t<\/div>\n\t\t\t\t<\/div>\n\t\t\t\t\t<\/div>\n\t\t<\/div>\n\t\t\t\t\t<\/div>\n\t\t<\/section>\n\t\t\t\t<\/div>\n\t\t","protected":false},"excerpt":{"rendered":"<p>Entdecken Sie Ihre ideale ERP-L\u00f6sung Die Auswahl eines ERP-Systems (Enterprise Resource Planning) ist f\u00fcr KMU oft ein komplexer Prozess. Dennoch ist diese Art von Tool entscheidend f\u00fcr die effiziente Steuerung der Prozesse in Zusammenhang mit den spezifischen Aktivit\u00e4ten von Unternehmen. ERP Finder bietet Ihnen eine intuitive Webplattform, die Sie durch diesen Auswahlprozess begleitet. Sie listet [&hellip;]<\/p>\n","protected":false},"author":1,"featured_media":8707,"parent":0,"menu_order":0,"comment_status":"closed","ping_status":"closed","template":"","meta":{"_acf_changed":false,"footnotes":""},"class_list":["post-14640","page","type-page","status-publish","has-post-thumbnail","hentry"],"acf":[],"yoast_head":"<!-- This site is optimized with the Yoast SEO plugin v27.5 - https:\/\/yoast.com\/product\/yoast-seo-wordpress\/ -->\n<title>ERP Finder &#8211; Swiss Digital Center<\/title>\n<meta name=\"description\" content=\"Die Auswahl eines ERP-Systems (Enterprise Resource Planning) ist f\u00fcr KMU oft ein komplexer Prozess. Dennoch ist diese Art von Tool entscheidend f\u00fcr die effiziente Steuerung der Prozesse in Zusammenhang mit den spezifischen Aktivit\u00e4ten von Unternehmen. ERP Finder bietet Ihnen eine intuitive Webplattform, die Sie durch diesen Auswahlprozess begleitet. Sie listet 75 L\u00f6sungen und 250 Integratoren auf, die Sie beraten k\u00f6nnen.\" \/>\n<meta name=\"robots\" content=\"index, follow, max-snippet:-1, max-image-preview:large, max-video-preview:-1\" \/>\n<link rel=\"canonical\" href=\"https:\/\/swissdigitalcenter.ch\/de\/erpfinder\/\" \/>\n<meta property=\"og:locale\" content=\"de_DE\" \/>\n<meta property=\"og:type\" content=\"article\" \/>\n<meta property=\"og:title\" content=\"ERP Finder\" \/>\n<meta property=\"og:description\" content=\"Die Auswahl eines ERP-Systems (Enterprise Resource Planning) ist f\u00fcr KMU oft ein komplexer Prozess. Dennoch ist diese Art von Tool entscheidend f\u00fcr die effiziente Steuerung der Prozesse in Zusammenhang mit den spezifischen Aktivit\u00e4ten von Unternehmen. ERP Finder bietet Ihnen eine intuitive Webplattform, die Sie durch diesen Auswahlprozess begleitet. Sie listet 75 L\u00f6sungen und 250 Integratoren auf, die Sie beraten k\u00f6nnen.\" \/>\n<meta property=\"og:url\" content=\"https:\/\/swissdigitalcenter.ch\/de\/erpfinder\/\" \/>\n<meta property=\"og:site_name\" content=\"Swiss Digital Center\" \/>\n<meta property=\"article:publisher\" content=\"https:\/\/www.facebook.com\/TechnoPoleDeSierre\" \/>\n<meta property=\"article:modified_time\" content=\"2025-06-04T12:45:00+00:00\" \/>\n<meta property=\"og:image\" content=\"https:\/\/swissdigitalcenter.ch\/wp-content\/uploads\/2022\/07\/master-ia_intelligence-artificielle-1-scaled.jpg\" \/>\n\t<meta property=\"og:image:width\" content=\"2560\" \/>\n\t<meta property=\"og:image:height\" content=\"2012\" \/>\n\t<meta property=\"og:image:type\" content=\"image\/jpeg\" \/>\n<meta name=\"twitter:card\" content=\"summary_large_image\" \/>\n<meta name=\"twitter:title\" content=\"ERP Finder\" \/>\n<meta name=\"twitter:description\" content=\"Die Auswahl eines ERP-Systems (Enterprise Resource Planning) ist f\u00fcr KMU oft ein komplexer Prozess. Dennoch ist diese Art von Tool entscheidend f\u00fcr die effiziente Steuerung der Prozesse in Zusammenhang mit den spezifischen Aktivit\u00e4ten von Unternehmen. ERP Finder bietet Ihnen eine intuitive Webplattform, die Sie durch diesen Auswahlprozess begleitet. Sie listet 75 L\u00f6sungen und 250 Integratoren auf, die Sie beraten k\u00f6nnen.\" \/>\n<meta name=\"twitter:image\" content=\"https:\/\/swissdigitalcenter.ch\/wp-content\/uploads\/2022\/07\/master-ia_intelligence-artificielle-1-scaled.jpg\" \/>\n<meta name=\"twitter:site\" content=\"@tpolesierre\" \/>\n<meta name=\"twitter:label1\" content=\"Gesch\u00e4tzte Lesezeit\" \/>\n\t<meta name=\"twitter:data1\" content=\"1\u00a0Minute\" \/>\n<script type=\"application\/ld+json\" class=\"yoast-schema-graph\">{\"@context\":\"https:\\\/\\\/schema.org\",\"@graph\":[{\"@type\":\"WebPage\",\"@id\":\"https:\\\/\\\/swissdigitalcenter.ch\\\/de\\\/erpfinder\\\/\",\"url\":\"https:\\\/\\\/swissdigitalcenter.ch\\\/de\\\/erpfinder\\\/\",\"name\":\"ERP Finder &#8211; Swiss Digital Center\",\"isPartOf\":{\"@id\":\"https:\\\/\\\/swissdigitalcenter.ch\\\/fr\\\/#website\"},\"primaryImageOfPage\":{\"@id\":\"https:\\\/\\\/swissdigitalcenter.ch\\\/de\\\/erpfinder\\\/#primaryimage\"},\"image\":{\"@id\":\"https:\\\/\\\/swissdigitalcenter.ch\\\/de\\\/erpfinder\\\/#primaryimage\"},\"thumbnailUrl\":\"https:\\\/\\\/swissdigitalcenter.ch\\\/wp-content\\\/uploads\\\/2022\\\/07\\\/master-ia_intelligence-artificielle-scaled.jpg\",\"datePublished\":\"2025-05-27T09:04:28+00:00\",\"dateModified\":\"2025-06-04T12:45:00+00:00\",\"description\":\"Die Auswahl eines ERP-Systems (Enterprise Resource Planning) ist f\u00fcr KMU oft ein komplexer Prozess. Dennoch ist diese Art von Tool entscheidend f\u00fcr die effiziente Steuerung der Prozesse in Zusammenhang mit den spezifischen Aktivit\u00e4ten von Unternehmen. ERP Finder bietet Ihnen eine intuitive Webplattform, die Sie durch diesen Auswahlprozess begleitet. Sie listet 75 L\u00f6sungen und 250 Integratoren auf, die Sie beraten k\u00f6nnen.\",\"breadcrumb\":{\"@id\":\"https:\\\/\\\/swissdigitalcenter.ch\\\/de\\\/erpfinder\\\/#breadcrumb\"},\"inLanguage\":\"de\",\"potentialAction\":[{\"@type\":\"ReadAction\",\"target\":[\"https:\\\/\\\/swissdigitalcenter.ch\\\/de\\\/erpfinder\\\/\"]}]},{\"@type\":\"ImageObject\",\"inLanguage\":\"de\",\"@id\":\"https:\\\/\\\/swissdigitalcenter.ch\\\/de\\\/erpfinder\\\/#primaryimage\",\"url\":\"https:\\\/\\\/swissdigitalcenter.ch\\\/wp-content\\\/uploads\\\/2022\\\/07\\\/master-ia_intelligence-artificielle-scaled.jpg\",\"contentUrl\":\"https:\\\/\\\/swissdigitalcenter.ch\\\/wp-content\\\/uploads\\\/2022\\\/07\\\/master-ia_intelligence-artificielle-scaled.jpg\",\"width\":2560,\"height\":2012,\"caption\":\"master ia_intelligence artificielle\"},{\"@type\":\"BreadcrumbList\",\"@id\":\"https:\\\/\\\/swissdigitalcenter.ch\\\/de\\\/erpfinder\\\/#breadcrumb\",\"itemListElement\":[{\"@type\":\"ListItem\",\"position\":1,\"name\":\"Home\",\"item\":\"https:\\\/\\\/swissdigitalcenter.ch\\\/de\\\/startseite\\\/\"},{\"@type\":\"ListItem\",\"position\":2,\"name\":\"ERP Finder\"}]},{\"@type\":\"WebSite\",\"@id\":\"https:\\\/\\\/swissdigitalcenter.ch\\\/fr\\\/#website\",\"url\":\"https:\\\/\\\/swissdigitalcenter.ch\\\/fr\\\/\",\"name\":\"Swiss Digital Center\",\"description\":\"La digitalisation au c\u0153ur des Alpes\",\"publisher\":{\"@id\":\"https:\\\/\\\/swissdigitalcenter.ch\\\/fr\\\/#organization\"},\"potentialAction\":[{\"@type\":\"SearchAction\",\"target\":{\"@type\":\"EntryPoint\",\"urlTemplate\":\"https:\\\/\\\/swissdigitalcenter.ch\\\/fr\\\/?s={search_term_string}\"},\"query-input\":{\"@type\":\"PropertyValueSpecification\",\"valueRequired\":true,\"valueName\":\"search_term_string\"}}],\"inLanguage\":\"de\"},{\"@type\":\"Organization\",\"@id\":\"https:\\\/\\\/swissdigitalcenter.ch\\\/fr\\\/#organization\",\"name\":\"Swiss Digital Center\",\"url\":\"https:\\\/\\\/swissdigitalcenter.ch\\\/fr\\\/\",\"logo\":{\"@type\":\"ImageObject\",\"inLanguage\":\"de\",\"@id\":\"https:\\\/\\\/swissdigitalcenter.ch\\\/fr\\\/#\\\/schema\\\/logo\\\/image\\\/\",\"url\":\"https:\\\/\\\/swissdigitalcenter.ch\\\/wp-content\\\/uploads\\\/2020\\\/07\\\/favicon-1.png\",\"contentUrl\":\"https:\\\/\\\/swissdigitalcenter.ch\\\/wp-content\\\/uploads\\\/2020\\\/07\\\/favicon-1.png\",\"width\":512,\"height\":512,\"caption\":\"Swiss Digital Center\"},\"image\":{\"@id\":\"https:\\\/\\\/swissdigitalcenter.ch\\\/fr\\\/#\\\/schema\\\/logo\\\/image\\\/\"},\"sameAs\":[\"https:\\\/\\\/www.facebook.com\\\/TechnoPoleDeSierre\",\"https:\\\/\\\/x.com\\\/tpolesierre\"]}]}<\/script>\n<!-- \/ Yoast SEO plugin. -->","yoast_head_json":{"title":"ERP Finder &#8211; Swiss Digital Center","description":"Die Auswahl eines ERP-Systems (Enterprise Resource Planning) ist f\u00fcr KMU oft ein komplexer Prozess. Dennoch ist diese Art von Tool entscheidend f\u00fcr die effiziente Steuerung der Prozesse in Zusammenhang mit den spezifischen Aktivit\u00e4ten von Unternehmen. ERP Finder bietet Ihnen eine intuitive Webplattform, die Sie durch diesen Auswahlprozess begleitet. Sie listet 75 L\u00f6sungen und 250 Integratoren auf, die Sie beraten k\u00f6nnen.","robots":{"index":"index","follow":"follow","max-snippet":"max-snippet:-1","max-image-preview":"max-image-preview:large","max-video-preview":"max-video-preview:-1"},"canonical":"https:\/\/swissdigitalcenter.ch\/de\/erpfinder\/","og_locale":"de_DE","og_type":"article","og_title":"ERP Finder","og_description":"Die Auswahl eines ERP-Systems (Enterprise Resource Planning) ist f\u00fcr KMU oft ein komplexer Prozess. Dennoch ist diese Art von Tool entscheidend f\u00fcr die effiziente Steuerung der Prozesse in Zusammenhang mit den spezifischen Aktivit\u00e4ten von Unternehmen. ERP Finder bietet Ihnen eine intuitive Webplattform, die Sie durch diesen Auswahlprozess begleitet. Sie listet 75 L\u00f6sungen und 250 Integratoren auf, die Sie beraten k\u00f6nnen.","og_url":"https:\/\/swissdigitalcenter.ch\/de\/erpfinder\/","og_site_name":"Swiss Digital Center","article_publisher":"https:\/\/www.facebook.com\/TechnoPoleDeSierre","article_modified_time":"2025-06-04T12:45:00+00:00","og_image":[{"width":2560,"height":2012,"url":"https:\/\/swissdigitalcenter.ch\/wp-content\/uploads\/2022\/07\/master-ia_intelligence-artificielle-1-scaled.jpg","type":"image\/jpeg"}],"twitter_card":"summary_large_image","twitter_title":"ERP Finder","twitter_description":"Die Auswahl eines ERP-Systems (Enterprise Resource Planning) ist f\u00fcr KMU oft ein komplexer Prozess. Dennoch ist diese Art von Tool entscheidend f\u00fcr die effiziente Steuerung der Prozesse in Zusammenhang mit den spezifischen Aktivit\u00e4ten von Unternehmen. ERP Finder bietet Ihnen eine intuitive Webplattform, die Sie durch diesen Auswahlprozess begleitet. Sie listet 75 L\u00f6sungen und 250 Integratoren auf, die Sie beraten k\u00f6nnen.","twitter_image":"https:\/\/swissdigitalcenter.ch\/wp-content\/uploads\/2022\/07\/master-ia_intelligence-artificielle-1-scaled.jpg","twitter_site":"@tpolesierre","twitter_misc":{"Gesch\u00e4tzte Lesezeit":"1\u00a0Minute"},"schema":{"@context":"https:\/\/schema.org","@graph":[{"@type":"WebPage","@id":"https:\/\/swissdigitalcenter.ch\/de\/erpfinder\/","url":"https:\/\/swissdigitalcenter.ch\/de\/erpfinder\/","name":"ERP Finder &#8211; Swiss Digital Center","isPartOf":{"@id":"https:\/\/swissdigitalcenter.ch\/fr\/#website"},"primaryImageOfPage":{"@id":"https:\/\/swissdigitalcenter.ch\/de\/erpfinder\/#primaryimage"},"image":{"@id":"https:\/\/swissdigitalcenter.ch\/de\/erpfinder\/#primaryimage"},"thumbnailUrl":"https:\/\/swissdigitalcenter.ch\/wp-content\/uploads\/2022\/07\/master-ia_intelligence-artificielle-scaled.jpg","datePublished":"2025-05-27T09:04:28+00:00","dateModified":"2025-06-04T12:45:00+00:00","description":"Die Auswahl eines ERP-Systems (Enterprise Resource Planning) ist f\u00fcr KMU oft ein komplexer Prozess. Dennoch ist diese Art von Tool entscheidend f\u00fcr die effiziente Steuerung der Prozesse in Zusammenhang mit den spezifischen Aktivit\u00e4ten von Unternehmen. ERP Finder bietet Ihnen eine intuitive Webplattform, die Sie durch diesen Auswahlprozess begleitet. Sie listet 75 L\u00f6sungen und 250 Integratoren auf, die Sie beraten k\u00f6nnen.","breadcrumb":{"@id":"https:\/\/swissdigitalcenter.ch\/de\/erpfinder\/#breadcrumb"},"inLanguage":"de","potentialAction":[{"@type":"ReadAction","target":["https:\/\/swissdigitalcenter.ch\/de\/erpfinder\/"]}]},{"@type":"ImageObject","inLanguage":"de","@id":"https:\/\/swissdigitalcenter.ch\/de\/erpfinder\/#primaryimage","url":"https:\/\/swissdigitalcenter.ch\/wp-content\/uploads\/2022\/07\/master-ia_intelligence-artificielle-scaled.jpg","contentUrl":"https:\/\/swissdigitalcenter.ch\/wp-content\/uploads\/2022\/07\/master-ia_intelligence-artificielle-scaled.jpg","width":2560,"height":2012,"caption":"master ia_intelligence artificielle"},{"@type":"BreadcrumbList","@id":"https:\/\/swissdigitalcenter.ch\/de\/erpfinder\/#breadcrumb","itemListElement":[{"@type":"ListItem","position":1,"name":"Home","item":"https:\/\/swissdigitalcenter.ch\/de\/startseite\/"},{"@type":"ListItem","position":2,"name":"ERP Finder"}]},{"@type":"WebSite","@id":"https:\/\/swissdigitalcenter.ch\/fr\/#website","url":"https:\/\/swissdigitalcenter.ch\/fr\/","name":"Swiss Digital Center","description":"La digitalisation au c\u0153ur des Alpes","publisher":{"@id":"https:\/\/swissdigitalcenter.ch\/fr\/#organization"},"potentialAction":[{"@type":"SearchAction","target":{"@type":"EntryPoint","urlTemplate":"https:\/\/swissdigitalcenter.ch\/fr\/?s={search_term_string}"},"query-input":{"@type":"PropertyValueSpecification","valueRequired":true,"valueName":"search_term_string"}}],"inLanguage":"de"},{"@type":"Organization","@id":"https:\/\/swissdigitalcenter.ch\/fr\/#organization","name":"Swiss Digital Center","url":"https:\/\/swissdigitalcenter.ch\/fr\/","logo":{"@type":"ImageObject","inLanguage":"de","@id":"https:\/\/swissdigitalcenter.ch\/fr\/#\/schema\/logo\/image\/","url":"https:\/\/swissdigitalcenter.ch\/wp-content\/uploads\/2020\/07\/favicon-1.png","contentUrl":"https:\/\/swissdigitalcenter.ch\/wp-content\/uploads\/2020\/07\/favicon-1.png","width":512,"height":512,"caption":"Swiss Digital Center"},"image":{"@id":"https:\/\/swissdigitalcenter.ch\/fr\/#\/schema\/logo\/image\/"},"sameAs":["https:\/\/www.facebook.com\/TechnoPoleDeSierre","https:\/\/x.com\/tpolesierre"]}]}},"_links":{"self":[{"href":"https:\/\/swissdigitalcenter.ch\/de\/wp-json\/wp\/v2\/pages\/14640","targetHints":{"allow":["GET"]}}],"collection":[{"href":"https:\/\/swissdigitalcenter.ch\/de\/wp-json\/wp\/v2\/pages"}],"about":[{"href":"https:\/\/swissdigitalcenter.ch\/de\/wp-json\/wp\/v2\/types\/page"}],"author":[{"embeddable":true,"href":"https:\/\/swissdigitalcenter.ch\/de\/wp-json\/wp\/v2\/users\/1"}],"replies":[{"embeddable":true,"href":"https:\/\/swissdigitalcenter.ch\/de\/wp-json\/wp\/v2\/comments?post=14640"}],"version-history":[{"count":8,"href":"https:\/\/swissdigitalcenter.ch\/de\/wp-json\/wp\/v2\/pages\/14640\/revisions"}],"predecessor-version":[{"id":14738,"href":"https:\/\/swissdigitalcenter.ch\/de\/wp-json\/wp\/v2\/pages\/14640\/revisions\/14738"}],"wp:featuredmedia":[{"embeddable":true,"href":"https:\/\/swissdigitalcenter.ch\/de\/wp-json\/wp\/v2\/media\/8707"}],"wp:attachment":[{"href":"https:\/\/swissdigitalcenter.ch\/de\/wp-json\/wp\/v2\/media?parent=14640"}],"curies":[{"name":"wp","href":"https:\/\/api.w.org\/{rel}","templated":true}]}}