{"id":14725,"date":"2025-06-02T13:31:27","date_gmt":"2025-06-02T11:31:27","guid":{"rendered":"https:\/\/swissdigitalcenter.ch\/outils-pratiques-pour-les-pme\/"},"modified":"2025-06-04T14:38:47","modified_gmt":"2025-06-04T12:38:47","slug":"outils-pratiques-pour-les-pme","status":"publish","type":"page","link":"https:\/\/swissdigitalcenter.ch\/de\/outils-pratiques-pour-les-pme\/","title":{"rendered":"Unsere n\u00fctzlichen Tools f\u00fcr KMU"},"content":{"rendered":"\t\t<div data-elementor-type=\"wp-page\" data-elementor-id=\"14725\" class=\"elementor elementor-14725 elementor-14677\" data-elementor-post-type=\"page\">\n\t\t\t\t<div class=\"elementor-element elementor-element-30052b8 e-flex e-con-boxed e-con e-parent\" data-id=\"30052b8\" data-element_type=\"container\" data-e-type=\"container\">\n\t\t\t\t\t<div class=\"e-con-inner\">\n\t\t\t\t<div class=\"elementor-element elementor-element-07781d1 elementor-widget elementor-widget-text-editor\" data-id=\"07781d1\" data-element_type=\"widget\" data-e-type=\"widget\" data-widget_type=\"text-editor.default\">\n\t\t\t\t<div class=\"elementor-widget-container\">\n\t\t\t\t\t\t\t\t\t<p>Das Swiss Digital Center unterst\u00fctzt mit Hilfe seiner Partner die digitale Transformation in KMU. Zu diesem Zweck hat es praktische und kostenlose Tools entwickelt, um ihnen den Alltag zu erleichtern.<\/p><p>Erfahren Sie unten mehr dar\u00fcber.<\/p>\t\t\t\t\t\t\t\t<\/div>\n\t\t\t\t<\/div>\n\t\t\t\t<div class=\"elementor-element elementor-element-05b8af4 elementor-widget elementor-widget-image\" data-id=\"05b8af4\" data-element_type=\"widget\" data-e-type=\"widget\" data-widget_type=\"image.default\">\n\t\t\t\t<div class=\"elementor-widget-container\">\n\t\t\t\t\t\t\t\t\t\t\t\t\t\t\t<img decoding=\"async\" src=\"https:\/\/swissdigitalcenter.ch\/wp-content\/uploads\/elementor\/thumbs\/md_banner_2.daf2229b-scaled-r6pq8jpkq0m7lm90kcljm2n3d15onbgf5lo3u4chmo.png\" title=\"md_banner_2.daf2229b\" alt=\"md_banner_2.daf2229b\" loading=\"lazy\" \/>\t\t\t\t\t\t\t\t\t\t\t\t\t\t\t<\/div>\n\t\t\t\t<\/div>\n\t\t\t\t<div class=\"elementor-element elementor-element-fc86851 elementor-widget elementor-widget-text-editor\" data-id=\"fc86851\" data-element_type=\"widget\" data-e-type=\"widget\" data-widget_type=\"text-editor.default\">\n\t\t\t\t<div class=\"elementor-widget-container\">\n\t\t\t\t\t\t\t\t\t<h3>Die digitale Reife meines KMU pr\u00fcfen<\/h3><p>F\u00fcr ein KMU ist es entscheidend, seinen digitalen Reifegrad zu kennen, um seine St\u00e4rken, Chancen und vorrangigen Entwicklungsbereiche zu identifizieren. Aus diesem Grund hat die HES-SO Valais\/Wallis in Zusammenarbeit mit dem Swiss Digital Center ein kostenloses und personalisiertes Tool zur Selbstdiagnose entwickelt.<\/p>\t\t\t\t\t\t\t\t<\/div>\n\t\t\t\t<\/div>\n\t\t\t\t<div class=\"elementor-element elementor-element-c904ea6 elementor-align-center elementor-widget elementor-widget-button\" data-id=\"c904ea6\" data-element_type=\"widget\" data-e-type=\"widget\" data-widget_type=\"button.default\">\n\t\t\t\t<div class=\"elementor-widget-container\">\n\t\t\t\t\t\t\t\t\t<div class=\"elementor-button-wrapper\">\n\t\t\t\t\t<a class=\"elementor-button elementor-button-link elementor-size-sm\" href=\"http:\/\/pme.swissdigitalcenter.ch\" target=\"_blank\">\n\t\t\t\t\t\t<span class=\"elementor-button-content-wrapper\">\n\t\t\t\t\t\t\t\t\t<span class=\"elementor-button-text\">Ich teste den Reifegrad meines KMU <\/span>\n\t\t\t\t\t<\/span>\n\t\t\t\t\t<\/a>\n\t\t\t\t<\/div>\n\t\t\t\t\t\t\t\t<\/div>\n\t\t\t\t<\/div>\n\t\t\t\t<div class=\"elementor-element elementor-element-763497e elementor-widget elementor-widget-spacer\" data-id=\"763497e\" data-element_type=\"widget\" data-e-type=\"widget\" data-widget_type=\"spacer.default\">\n\t\t\t\t<div class=\"elementor-widget-container\">\n\t\t\t\t\t\t\t<div class=\"elementor-spacer\">\n\t\t\t<div class=\"elementor-spacer-inner\"><\/div>\n\t\t<\/div>\n\t\t\t\t\t\t<\/div>\n\t\t\t\t<\/div>\n\t\t\t\t<div class=\"elementor-element elementor-element-6746eb0 elementor-widget elementor-widget-image\" data-id=\"6746eb0\" data-element_type=\"widget\" data-e-type=\"widget\" data-widget_type=\"image.default\">\n\t\t\t\t<div class=\"elementor-widget-container\">\n\t\t\t\t\t\t\t\t\t\t\t\t\t\t\t<img decoding=\"async\" src=\"https:\/\/swissdigitalcenter.ch\/wp-content\/uploads\/elementor\/thumbs\/master-ia_intelligence-artificielle-scaled-r6f0qq270sx7t2kab31brldl8l6mfogi4r3da74u2o.jpg\" title=\"master ia_intelligence artificielle\" alt=\"master ia_intelligence artificielle\" loading=\"lazy\" \/>\t\t\t\t\t\t\t\t\t\t\t\t\t\t\t<\/div>\n\t\t\t\t<\/div>\n\t\t\t\t<div class=\"elementor-element elementor-element-6f248f6 elementor-widget elementor-widget-text-editor\" data-id=\"6f248f6\" data-element_type=\"widget\" data-e-type=\"widget\" data-widget_type=\"text-editor.default\">\n\t\t\t\t<div class=\"elementor-widget-container\">\n\t\t\t\t\t\t\t\t\t<h3>Das richtige Managementsystem (ERP) f\u00fcr mein KMU ausw\u00e4hlen<\/h3><p>Die Suche nach einem geeigneten ERP-System ist f\u00fcr viele Unternehmen eine Herausforderung. Um diesem Bedarf gerecht zu werden, hat die HES-SO Valais-Wallis mit ERP Finder eine innovative Plattform entwickelt. Dieses neue kostenlose Tool vereinfacht den Auswahlprozess f\u00fcr ein Unternehmensmanagementsystem und gew\u00e4hrleistet gleichzeitig eine bessere Anpassung an die spezifischen Bed\u00fcrfnisse von KMU. 75 L\u00f6sungen und mehr als 240 referenzierte Integratoren sind hinterlegt.<\/p>\t\t\t\t\t\t\t\t<\/div>\n\t\t\t\t<\/div>\n\t\t\t\t<div class=\"elementor-element elementor-element-1b88130 elementor-align-center elementor-widget elementor-widget-button\" data-id=\"1b88130\" data-element_type=\"widget\" data-e-type=\"widget\" data-widget_type=\"button.default\">\n\t\t\t\t<div class=\"elementor-widget-container\">\n\t\t\t\t\t\t\t\t\t<div class=\"elementor-button-wrapper\">\n\t\t\t\t\t<a class=\"elementor-button elementor-button-link elementor-size-sm\" href=\"https:\/\/swissdigitalcenter.ch\/de\/erpfinder\">\n\t\t\t\t\t\t<span class=\"elementor-button-content-wrapper\">\n\t\t\t\t\t\t\t\t\t<span class=\"elementor-button-text\">Ich w\u00e4hle das f\u00fcr mein KMU geeignete ERP-System<\/span>\n\t\t\t\t\t<\/span>\n\t\t\t\t\t<\/a>\n\t\t\t\t<\/div>\n\t\t\t\t\t\t\t\t<\/div>\n\t\t\t\t<\/div>\n\t\t\t\t\t<\/div>\n\t\t\t\t<\/div>\n\t\t\t\t<\/div>\n\t\t","protected":false},"excerpt":{"rendered":"<p>Das Swiss Digital Center unterst\u00fctzt mit Hilfe seiner Partner die digitale Transformation in KMU. Zu diesem Zweck hat es praktische und kostenlose Tools entwickelt, um ihnen den Alltag zu erleichtern. Erfahren Sie unten mehr dar\u00fcber. Die digitale Reife meines KMU pr\u00fcfen F\u00fcr ein KMU ist es entscheidend, seinen digitalen Reifegrad zu kennen, um seine St\u00e4rken, [&hellip;]<\/p>\n","protected":false},"author":13,"featured_media":14680,"parent":0,"menu_order":0,"comment_status":"closed","ping_status":"closed","template":"","meta":{"_acf_changed":false,"footnotes":""},"class_list":["post-14725","page","type-page","status-publish","has-post-thumbnail","hentry"],"acf":[],"yoast_head":"<!-- This site is optimized with the Yoast SEO plugin v27.4 - https:\/\/yoast.com\/product\/yoast-seo-wordpress\/ -->\n<title>Unsere n\u00fctzlichen Tools f\u00fcr KMU &#8211; Swiss Digital Center<\/title>\n<meta name=\"description\" content=\"Das Swiss Digital Center unterst\u00fctzt mit Hilfe seiner Partner die digitale Transformation in KMU. Zu diesem Zweck hat es praktische und kostenlose Tools entwickelt, um ihnen den Alltag zu erleichtern.\" \/>\n<meta name=\"robots\" content=\"index, follow, max-snippet:-1, max-image-preview:large, max-video-preview:-1\" \/>\n<link rel=\"canonical\" href=\"https:\/\/swissdigitalcenter.ch\/de\/outils-pratiques-pour-les-pme\/\" \/>\n<meta property=\"og:locale\" content=\"de_DE\" \/>\n<meta property=\"og:type\" content=\"article\" \/>\n<meta property=\"og:title\" content=\"Unsere n\u00fctzlichen Tools f\u00fcr KMU\" \/>\n<meta property=\"og:description\" content=\"Das Swiss Digital Center unterst\u00fctzt mit Hilfe seiner Partner die digitale Transformation in KMU. Zu diesem Zweck hat es praktische und kostenlose Tools entwickelt, um ihnen den Alltag zu erleichtern.\" \/>\n<meta property=\"og:url\" content=\"https:\/\/swissdigitalcenter.ch\/de\/outils-pratiques-pour-les-pme\/\" \/>\n<meta property=\"og:site_name\" content=\"Swiss Digital Center\" \/>\n<meta property=\"article:publisher\" content=\"https:\/\/www.facebook.com\/TechnoPoleDeSierre\" \/>\n<meta property=\"article:modified_time\" content=\"2025-06-04T12:38:47+00:00\" \/>\n<meta property=\"og:image\" content=\"https:\/\/swissdigitalcenter.ch\/wp-content\/uploads\/2025\/06\/john-FlPc9_VocJ4-unsplash-scaled.jpg\" \/>\n\t<meta property=\"og:image:width\" content=\"2560\" \/>\n\t<meta property=\"og:image:height\" content=\"1707\" \/>\n\t<meta property=\"og:image:type\" content=\"image\/jpeg\" \/>\n<meta name=\"twitter:card\" content=\"summary_large_image\" \/>\n<meta name=\"twitter:title\" content=\"Unsere n\u00fctzlichen Tools f\u00fcr KMU\" \/>\n<meta name=\"twitter:description\" content=\"Das Swiss Digital Center unterst\u00fctzt mit Hilfe seiner Partner die digitale Transformation in KMU. Zu diesem Zweck hat es praktische und kostenlose Tools entwickelt, um ihnen den Alltag zu erleichtern.\" \/>\n<meta name=\"twitter:image\" content=\"https:\/\/swissdigitalcenter.ch\/wp-content\/uploads\/2025\/06\/john-FlPc9_VocJ4-unsplash-scaled.jpg\" \/>\n<meta name=\"twitter:site\" content=\"@tpolesierre\" \/>\n<meta name=\"twitter:label1\" content=\"Gesch\u00e4tzte Lesezeit\" \/>\n\t<meta name=\"twitter:data1\" content=\"2\u00a0Minuten\" \/>\n<script type=\"application\/ld+json\" class=\"yoast-schema-graph\">{\"@context\":\"https:\\\/\\\/schema.org\",\"@graph\":[{\"@type\":\"WebPage\",\"@id\":\"https:\\\/\\\/swissdigitalcenter.ch\\\/de\\\/outils-pratiques-pour-les-pme\\\/\",\"url\":\"https:\\\/\\\/swissdigitalcenter.ch\\\/de\\\/outils-pratiques-pour-les-pme\\\/\",\"name\":\"Unsere n\u00fctzlichen Tools f\u00fcr KMU &#8211; Swiss Digital Center\",\"isPartOf\":{\"@id\":\"https:\\\/\\\/swissdigitalcenter.ch\\\/fr\\\/#website\"},\"primaryImageOfPage\":{\"@id\":\"https:\\\/\\\/swissdigitalcenter.ch\\\/de\\\/outils-pratiques-pour-les-pme\\\/#primaryimage\"},\"image\":{\"@id\":\"https:\\\/\\\/swissdigitalcenter.ch\\\/de\\\/outils-pratiques-pour-les-pme\\\/#primaryimage\"},\"thumbnailUrl\":\"https:\\\/\\\/swissdigitalcenter.ch\\\/wp-content\\\/uploads\\\/2025\\\/06\\\/john-FlPc9_VocJ4-unsplash-scaled.jpg\",\"datePublished\":\"2025-06-02T11:31:27+00:00\",\"dateModified\":\"2025-06-04T12:38:47+00:00\",\"description\":\"Das Swiss Digital Center unterst\u00fctzt mit Hilfe seiner Partner die digitale Transformation in KMU. Zu diesem Zweck hat es praktische und kostenlose Tools entwickelt, um ihnen den Alltag zu erleichtern.\",\"breadcrumb\":{\"@id\":\"https:\\\/\\\/swissdigitalcenter.ch\\\/de\\\/outils-pratiques-pour-les-pme\\\/#breadcrumb\"},\"inLanguage\":\"de\",\"potentialAction\":[{\"@type\":\"ReadAction\",\"target\":[\"https:\\\/\\\/swissdigitalcenter.ch\\\/de\\\/outils-pratiques-pour-les-pme\\\/\"]}]},{\"@type\":\"ImageObject\",\"inLanguage\":\"de\",\"@id\":\"https:\\\/\\\/swissdigitalcenter.ch\\\/de\\\/outils-pratiques-pour-les-pme\\\/#primaryimage\",\"url\":\"https:\\\/\\\/swissdigitalcenter.ch\\\/wp-content\\\/uploads\\\/2025\\\/06\\\/john-FlPc9_VocJ4-unsplash-scaled.jpg\",\"contentUrl\":\"https:\\\/\\\/swissdigitalcenter.ch\\\/wp-content\\\/uploads\\\/2025\\\/06\\\/john-FlPc9_VocJ4-unsplash-scaled.jpg\",\"width\":2560,\"height\":1707},{\"@type\":\"BreadcrumbList\",\"@id\":\"https:\\\/\\\/swissdigitalcenter.ch\\\/de\\\/outils-pratiques-pour-les-pme\\\/#breadcrumb\",\"itemListElement\":[{\"@type\":\"ListItem\",\"position\":1,\"name\":\"Home\",\"item\":\"https:\\\/\\\/swissdigitalcenter.ch\\\/de\\\/\"},{\"@type\":\"ListItem\",\"position\":2,\"name\":\"Unsere n\u00fctzlichen Tools f\u00fcr KMU\"}]},{\"@type\":\"WebSite\",\"@id\":\"https:\\\/\\\/swissdigitalcenter.ch\\\/fr\\\/#website\",\"url\":\"https:\\\/\\\/swissdigitalcenter.ch\\\/fr\\\/\",\"name\":\"Swiss Digital Center\",\"description\":\"La digitalisation au c\u0153ur des Alpes\",\"publisher\":{\"@id\":\"https:\\\/\\\/swissdigitalcenter.ch\\\/fr\\\/#organization\"},\"potentialAction\":[{\"@type\":\"SearchAction\",\"target\":{\"@type\":\"EntryPoint\",\"urlTemplate\":\"https:\\\/\\\/swissdigitalcenter.ch\\\/fr\\\/?s={search_term_string}\"},\"query-input\":{\"@type\":\"PropertyValueSpecification\",\"valueRequired\":true,\"valueName\":\"search_term_string\"}}],\"inLanguage\":\"de\"},{\"@type\":\"Organization\",\"@id\":\"https:\\\/\\\/swissdigitalcenter.ch\\\/fr\\\/#organization\",\"name\":\"Swiss Digital Center\",\"url\":\"https:\\\/\\\/swissdigitalcenter.ch\\\/fr\\\/\",\"logo\":{\"@type\":\"ImageObject\",\"inLanguage\":\"de\",\"@id\":\"https:\\\/\\\/swissdigitalcenter.ch\\\/fr\\\/#\\\/schema\\\/logo\\\/image\\\/\",\"url\":\"https:\\\/\\\/swissdigitalcenter.ch\\\/wp-content\\\/uploads\\\/2020\\\/07\\\/favicon-1.png\",\"contentUrl\":\"https:\\\/\\\/swissdigitalcenter.ch\\\/wp-content\\\/uploads\\\/2020\\\/07\\\/favicon-1.png\",\"width\":512,\"height\":512,\"caption\":\"Swiss Digital Center\"},\"image\":{\"@id\":\"https:\\\/\\\/swissdigitalcenter.ch\\\/fr\\\/#\\\/schema\\\/logo\\\/image\\\/\"},\"sameAs\":[\"https:\\\/\\\/www.facebook.com\\\/TechnoPoleDeSierre\",\"https:\\\/\\\/x.com\\\/tpolesierre\"]}]}<\/script>\n<!-- \/ Yoast SEO plugin. -->","yoast_head_json":{"title":"Unsere n\u00fctzlichen Tools f\u00fcr KMU &#8211; Swiss Digital Center","description":"Das Swiss Digital Center unterst\u00fctzt mit Hilfe seiner Partner die digitale Transformation in KMU. Zu diesem Zweck hat es praktische und kostenlose Tools entwickelt, um ihnen den Alltag zu erleichtern.","robots":{"index":"index","follow":"follow","max-snippet":"max-snippet:-1","max-image-preview":"max-image-preview:large","max-video-preview":"max-video-preview:-1"},"canonical":"https:\/\/swissdigitalcenter.ch\/de\/outils-pratiques-pour-les-pme\/","og_locale":"de_DE","og_type":"article","og_title":"Unsere n\u00fctzlichen Tools f\u00fcr KMU","og_description":"Das Swiss Digital Center unterst\u00fctzt mit Hilfe seiner Partner die digitale Transformation in KMU. Zu diesem Zweck hat es praktische und kostenlose Tools entwickelt, um ihnen den Alltag zu erleichtern.","og_url":"https:\/\/swissdigitalcenter.ch\/de\/outils-pratiques-pour-les-pme\/","og_site_name":"Swiss Digital Center","article_publisher":"https:\/\/www.facebook.com\/TechnoPoleDeSierre","article_modified_time":"2025-06-04T12:38:47+00:00","og_image":[{"width":2560,"height":1707,"url":"https:\/\/swissdigitalcenter.ch\/wp-content\/uploads\/2025\/06\/john-FlPc9_VocJ4-unsplash-scaled.jpg","type":"image\/jpeg"}],"twitter_card":"summary_large_image","twitter_title":"Unsere n\u00fctzlichen Tools f\u00fcr KMU","twitter_description":"Das Swiss Digital Center unterst\u00fctzt mit Hilfe seiner Partner die digitale Transformation in KMU. Zu diesem Zweck hat es praktische und kostenlose Tools entwickelt, um ihnen den Alltag zu erleichtern.","twitter_image":"https:\/\/swissdigitalcenter.ch\/wp-content\/uploads\/2025\/06\/john-FlPc9_VocJ4-unsplash-scaled.jpg","twitter_site":"@tpolesierre","twitter_misc":{"Gesch\u00e4tzte Lesezeit":"2\u00a0Minuten"},"schema":{"@context":"https:\/\/schema.org","@graph":[{"@type":"WebPage","@id":"https:\/\/swissdigitalcenter.ch\/de\/outils-pratiques-pour-les-pme\/","url":"https:\/\/swissdigitalcenter.ch\/de\/outils-pratiques-pour-les-pme\/","name":"Unsere n\u00fctzlichen Tools f\u00fcr KMU &#8211; Swiss Digital Center","isPartOf":{"@id":"https:\/\/swissdigitalcenter.ch\/fr\/#website"},"primaryImageOfPage":{"@id":"https:\/\/swissdigitalcenter.ch\/de\/outils-pratiques-pour-les-pme\/#primaryimage"},"image":{"@id":"https:\/\/swissdigitalcenter.ch\/de\/outils-pratiques-pour-les-pme\/#primaryimage"},"thumbnailUrl":"https:\/\/swissdigitalcenter.ch\/wp-content\/uploads\/2025\/06\/john-FlPc9_VocJ4-unsplash-scaled.jpg","datePublished":"2025-06-02T11:31:27+00:00","dateModified":"2025-06-04T12:38:47+00:00","description":"Das Swiss Digital Center unterst\u00fctzt mit Hilfe seiner Partner die digitale Transformation in KMU. Zu diesem Zweck hat es praktische und kostenlose Tools entwickelt, um ihnen den Alltag zu erleichtern.","breadcrumb":{"@id":"https:\/\/swissdigitalcenter.ch\/de\/outils-pratiques-pour-les-pme\/#breadcrumb"},"inLanguage":"de","potentialAction":[{"@type":"ReadAction","target":["https:\/\/swissdigitalcenter.ch\/de\/outils-pratiques-pour-les-pme\/"]}]},{"@type":"ImageObject","inLanguage":"de","@id":"https:\/\/swissdigitalcenter.ch\/de\/outils-pratiques-pour-les-pme\/#primaryimage","url":"https:\/\/swissdigitalcenter.ch\/wp-content\/uploads\/2025\/06\/john-FlPc9_VocJ4-unsplash-scaled.jpg","contentUrl":"https:\/\/swissdigitalcenter.ch\/wp-content\/uploads\/2025\/06\/john-FlPc9_VocJ4-unsplash-scaled.jpg","width":2560,"height":1707},{"@type":"BreadcrumbList","@id":"https:\/\/swissdigitalcenter.ch\/de\/outils-pratiques-pour-les-pme\/#breadcrumb","itemListElement":[{"@type":"ListItem","position":1,"name":"Home","item":"https:\/\/swissdigitalcenter.ch\/de\/"},{"@type":"ListItem","position":2,"name":"Unsere n\u00fctzlichen Tools f\u00fcr KMU"}]},{"@type":"WebSite","@id":"https:\/\/swissdigitalcenter.ch\/fr\/#website","url":"https:\/\/swissdigitalcenter.ch\/fr\/","name":"Swiss Digital Center","description":"La digitalisation au c\u0153ur des Alpes","publisher":{"@id":"https:\/\/swissdigitalcenter.ch\/fr\/#organization"},"potentialAction":[{"@type":"SearchAction","target":{"@type":"EntryPoint","urlTemplate":"https:\/\/swissdigitalcenter.ch\/fr\/?s={search_term_string}"},"query-input":{"@type":"PropertyValueSpecification","valueRequired":true,"valueName":"search_term_string"}}],"inLanguage":"de"},{"@type":"Organization","@id":"https:\/\/swissdigitalcenter.ch\/fr\/#organization","name":"Swiss Digital Center","url":"https:\/\/swissdigitalcenter.ch\/fr\/","logo":{"@type":"ImageObject","inLanguage":"de","@id":"https:\/\/swissdigitalcenter.ch\/fr\/#\/schema\/logo\/image\/","url":"https:\/\/swissdigitalcenter.ch\/wp-content\/uploads\/2020\/07\/favicon-1.png","contentUrl":"https:\/\/swissdigitalcenter.ch\/wp-content\/uploads\/2020\/07\/favicon-1.png","width":512,"height":512,"caption":"Swiss Digital Center"},"image":{"@id":"https:\/\/swissdigitalcenter.ch\/fr\/#\/schema\/logo\/image\/"},"sameAs":["https:\/\/www.facebook.com\/TechnoPoleDeSierre","https:\/\/x.com\/tpolesierre"]}]}},"_links":{"self":[{"href":"https:\/\/swissdigitalcenter.ch\/de\/wp-json\/wp\/v2\/pages\/14725","targetHints":{"allow":["GET"]}}],"collection":[{"href":"https:\/\/swissdigitalcenter.ch\/de\/wp-json\/wp\/v2\/pages"}],"about":[{"href":"https:\/\/swissdigitalcenter.ch\/de\/wp-json\/wp\/v2\/types\/page"}],"author":[{"embeddable":true,"href":"https:\/\/swissdigitalcenter.ch\/de\/wp-json\/wp\/v2\/users\/13"}],"replies":[{"embeddable":true,"href":"https:\/\/swissdigitalcenter.ch\/de\/wp-json\/wp\/v2\/comments?post=14725"}],"version-history":[{"count":7,"href":"https:\/\/swissdigitalcenter.ch\/de\/wp-json\/wp\/v2\/pages\/14725\/revisions"}],"predecessor-version":[{"id":14733,"href":"https:\/\/swissdigitalcenter.ch\/de\/wp-json\/wp\/v2\/pages\/14725\/revisions\/14733"}],"wp:featuredmedia":[{"embeddable":true,"href":"https:\/\/swissdigitalcenter.ch\/de\/wp-json\/wp\/v2\/media\/14680"}],"wp:attachment":[{"href":"https:\/\/swissdigitalcenter.ch\/de\/wp-json\/wp\/v2\/media?parent=14725"}],"curies":[{"name":"wp","href":"https:\/\/api.w.org\/{rel}","templated":true}]}}