{"id":7367,"date":"2022-05-12T15:02:23","date_gmt":"2022-05-12T13:02:23","guid":{"rendered":"https:\/\/swissdigitalcenter.ch\/services-pour-entreprises\/salles-de-conference-visio-conference\/"},"modified":"2022-05-24T11:20:53","modified_gmt":"2022-05-24T09:20:53","slug":"salles-de-conference-visio-conference","status":"publish","type":"page","link":"https:\/\/swissdigitalcenter.ch\/de\/dienstleistungen-fur-unternehmen\/salles-de-conference-visio-conference\/","title":{"rendered":"Salles de conf\u00e9rence \/ visio-conf\u00e9rence (10-250 pers.)"},"content":{"rendered":"\t\t<div data-elementor-type=\"wp-page\" data-elementor-id=\"7367\" class=\"elementor elementor-7367 elementor-6790\" data-elementor-post-type=\"page\">\n\t\t\t\t\t\t<section class=\"elementor-section elementor-top-section elementor-element elementor-element-7c43ac36 elementor-section-boxed elementor-section-height-default elementor-section-height-default\" data-id=\"7c43ac36\" data-element_type=\"section\" data-e-type=\"section\">\n\t\t\t\t\t\t<div class=\"elementor-container elementor-column-gap-default\">\n\t\t\t\t\t<div class=\"elementor-column elementor-col-100 elementor-top-column elementor-element elementor-element-1142c260\" data-id=\"1142c260\" data-element_type=\"column\" data-e-type=\"column\">\n\t\t\t<div class=\"elementor-widget-wrap elementor-element-populated\">\n\t\t\t\t\t\t<div class=\"elementor-element elementor-element-690ba231 elementor-widget elementor-widget-text-editor\" data-id=\"690ba231\" data-element_type=\"widget\" data-e-type=\"widget\" data-widget_type=\"text-editor.default\">\n\t\t\t\t<div class=\"elementor-widget-container\">\n\t\t\t\t\t\t\t\t\t<p>Retrouvez toutes les salles mises gratuitement \u00e0 disposition des r\u00e9sidents et qui peuvent \u00eatre lou\u00e9es par les non-r\u00e9sidents.<\/p>\t\t\t\t\t\t\t\t<\/div>\n\t\t\t\t<\/div>\n\t\t\t\t<div class=\"elementor-element elementor-element-3da2379 elementor-widget elementor-widget-text-editor\" data-id=\"3da2379\" data-element_type=\"widget\" data-e-type=\"widget\" data-widget_type=\"text-editor.default\">\n\t\t\t\t<div class=\"elementor-widget-container\">\n\t\t\t\t\t\t\t\t\t<p>L&#8217;utilisation des salles de conf\u00e9rence du Swiss Digital Center de Sierre se fait sous la responsabilit\u00e9 des utilisateurs.<\/p><p>Du papier et du d\u00e9sinfectant sont \u00e0 disposition dans chaque salle et nous demandons aux utilisateurs de d\u00e9sinfecter les tables et tout le mat\u00e9riel utilis\u00e9 avant chaque utilisation.<\/p><p>\u00a0<\/p>\t\t\t\t\t\t\t\t<\/div>\n\t\t\t\t<\/div>\n\t\t\t\t\t<\/div>\n\t\t<\/div>\n\t\t\t\t\t<\/div>\n\t\t<\/section>\n\t\t\t\t<\/div>\n\t\t","protected":false},"excerpt":{"rendered":"<p>Retrouvez toutes les salles mises gratuitement \u00e0 disposition des r\u00e9sidents et qui peuvent \u00eatre lou\u00e9es par les non-r\u00e9sidents. L&#8217;utilisation des salles de conf\u00e9rence du Swiss Digital Center de Sierre se fait sous la responsabilit\u00e9 des utilisateurs. Du papier et du d\u00e9sinfectant sont \u00e0 disposition dans chaque salle et nous demandons aux utilisateurs de d\u00e9sinfecter les [&hellip;]<\/p>\n","protected":false},"author":1,"featured_media":7733,"parent":7366,"menu_order":0,"comment_status":"closed","ping_status":"closed","template":"","meta":{"_acf_changed":false,"footnotes":""},"class_list":["post-7367","page","type-page","status-publish","has-post-thumbnail","hentry"],"acf":[],"yoast_head":"<!-- This site is optimized with the Yoast SEO plugin v27.3 - https:\/\/yoast.com\/product\/yoast-seo-wordpress\/ -->\n<title>Salles de conf\u00e9rence \/ visio-conf\u00e9rence (10-250 pers.) &#8211; Swiss Digital Center<\/title>\n<meta name=\"robots\" content=\"index, follow, max-snippet:-1, max-image-preview:large, max-video-preview:-1\" \/>\n<link rel=\"canonical\" href=\"https:\/\/swissdigitalcenter.ch\/de\/dienstleistungen-fur-unternehmen\/salles-de-conference-visio-conference\/\" \/>\n<meta property=\"og:locale\" content=\"de_DE\" \/>\n<meta property=\"og:type\" content=\"article\" \/>\n<meta property=\"og:title\" content=\"Salles de conf\u00e9rence \/ visio-conf\u00e9rence (10-250 pers.) &#8211; Swiss Digital Center\" \/>\n<meta property=\"og:description\" content=\"Retrouvez toutes les salles mises gratuitement \u00e0 disposition des r\u00e9sidents et qui peuvent \u00eatre lou\u00e9es par les non-r\u00e9sidents. L&#8217;utilisation des salles de conf\u00e9rence du Swiss Digital Center de Sierre se fait sous la responsabilit\u00e9 des utilisateurs. Du papier et du d\u00e9sinfectant sont \u00e0 disposition dans chaque salle et nous demandons aux utilisateurs de d\u00e9sinfecter les [&hellip;]\" \/>\n<meta property=\"og:url\" content=\"https:\/\/swissdigitalcenter.ch\/de\/dienstleistungen-fur-unternehmen\/salles-de-conference-visio-conference\/\" \/>\n<meta property=\"og:site_name\" content=\"Swiss Digital Center\" \/>\n<meta property=\"article:publisher\" content=\"https:\/\/www.facebook.com\/TechnoPoleDeSierre\" \/>\n<meta property=\"article:modified_time\" content=\"2022-05-24T09:20:53+00:00\" \/>\n<meta property=\"og:image\" content=\"https:\/\/swissdigitalcenter.ch\/wp-content\/uploads\/2022\/06\/20220600-SDC-146-scaled-e1655133505211.jpg\" \/>\n\t<meta property=\"og:image:width\" content=\"2560\" \/>\n\t<meta property=\"og:image:height\" content=\"1707\" \/>\n\t<meta property=\"og:image:type\" content=\"image\/jpeg\" \/>\n<meta name=\"twitter:card\" content=\"summary_large_image\" \/>\n<meta name=\"twitter:site\" content=\"@tpolesierre\" \/>\n<script type=\"application\/ld+json\" class=\"yoast-schema-graph\">{\"@context\":\"https:\\\/\\\/schema.org\",\"@graph\":[{\"@type\":\"WebPage\",\"@id\":\"https:\\\/\\\/swissdigitalcenter.ch\\\/de\\\/dienstleistungen-fur-unternehmen\\\/salles-de-conference-visio-conference\\\/\",\"url\":\"https:\\\/\\\/swissdigitalcenter.ch\\\/de\\\/dienstleistungen-fur-unternehmen\\\/salles-de-conference-visio-conference\\\/\",\"name\":\"Salles de conf\u00e9rence \\\/ visio-conf\u00e9rence (10-250 pers.) &#8211; Swiss Digital Center\",\"isPartOf\":{\"@id\":\"https:\\\/\\\/swissdigitalcenter.ch\\\/fr\\\/#website\"},\"primaryImageOfPage\":{\"@id\":\"https:\\\/\\\/swissdigitalcenter.ch\\\/de\\\/dienstleistungen-fur-unternehmen\\\/salles-de-conference-visio-conference\\\/#primaryimage\"},\"image\":{\"@id\":\"https:\\\/\\\/swissdigitalcenter.ch\\\/de\\\/dienstleistungen-fur-unternehmen\\\/salles-de-conference-visio-conference\\\/#primaryimage\"},\"thumbnailUrl\":\"https:\\\/\\\/swissdigitalcenter.ch\\\/wp-content\\\/uploads\\\/2022\\\/06\\\/20220600-SDC-146-scaled-e1655133505211.jpg\",\"datePublished\":\"2022-05-12T13:02:23+00:00\",\"dateModified\":\"2022-05-24T09:20:53+00:00\",\"breadcrumb\":{\"@id\":\"https:\\\/\\\/swissdigitalcenter.ch\\\/de\\\/dienstleistungen-fur-unternehmen\\\/salles-de-conference-visio-conference\\\/#breadcrumb\"},\"inLanguage\":\"de\",\"potentialAction\":[{\"@type\":\"ReadAction\",\"target\":[\"https:\\\/\\\/swissdigitalcenter.ch\\\/de\\\/dienstleistungen-fur-unternehmen\\\/salles-de-conference-visio-conference\\\/\"]}]},{\"@type\":\"ImageObject\",\"inLanguage\":\"de\",\"@id\":\"https:\\\/\\\/swissdigitalcenter.ch\\\/de\\\/dienstleistungen-fur-unternehmen\\\/salles-de-conference-visio-conference\\\/#primaryimage\",\"url\":\"https:\\\/\\\/swissdigitalcenter.ch\\\/wp-content\\\/uploads\\\/2022\\\/06\\\/20220600-SDC-146-scaled-e1655133505211.jpg\",\"contentUrl\":\"https:\\\/\\\/swissdigitalcenter.ch\\\/wp-content\\\/uploads\\\/2022\\\/06\\\/20220600-SDC-146-scaled-e1655133505211.jpg\",\"width\":2560,\"height\":1707},{\"@type\":\"BreadcrumbList\",\"@id\":\"https:\\\/\\\/swissdigitalcenter.ch\\\/de\\\/dienstleistungen-fur-unternehmen\\\/salles-de-conference-visio-conference\\\/#breadcrumb\",\"itemListElement\":[{\"@type\":\"ListItem\",\"position\":1,\"name\":\"Home\",\"item\":\"https:\\\/\\\/swissdigitalcenter.ch\\\/de\\\/\"},{\"@type\":\"ListItem\",\"position\":2,\"name\":\"Dienstleistungen f\u00fcr Unternehmen\",\"item\":\"https:\\\/\\\/swissdigitalcenter.ch\\\/de\\\/dienstleistungen-fur-unternehmen\\\/\"},{\"@type\":\"ListItem\",\"position\":3,\"name\":\"Salles de conf\u00e9rence \\\/ visio-conf\u00e9rence (10-250 pers.)\"}]},{\"@type\":\"WebSite\",\"@id\":\"https:\\\/\\\/swissdigitalcenter.ch\\\/fr\\\/#website\",\"url\":\"https:\\\/\\\/swissdigitalcenter.ch\\\/fr\\\/\",\"name\":\"Swiss Digital Center\",\"description\":\"La digitalisation au c\u0153ur des Alpes\",\"publisher\":{\"@id\":\"https:\\\/\\\/swissdigitalcenter.ch\\\/fr\\\/#organization\"},\"potentialAction\":[{\"@type\":\"SearchAction\",\"target\":{\"@type\":\"EntryPoint\",\"urlTemplate\":\"https:\\\/\\\/swissdigitalcenter.ch\\\/fr\\\/?s={search_term_string}\"},\"query-input\":{\"@type\":\"PropertyValueSpecification\",\"valueRequired\":true,\"valueName\":\"search_term_string\"}}],\"inLanguage\":\"de\"},{\"@type\":\"Organization\",\"@id\":\"https:\\\/\\\/swissdigitalcenter.ch\\\/fr\\\/#organization\",\"name\":\"Swiss Digital Center\",\"url\":\"https:\\\/\\\/swissdigitalcenter.ch\\\/fr\\\/\",\"logo\":{\"@type\":\"ImageObject\",\"inLanguage\":\"de\",\"@id\":\"https:\\\/\\\/swissdigitalcenter.ch\\\/fr\\\/#\\\/schema\\\/logo\\\/image\\\/\",\"url\":\"https:\\\/\\\/swissdigitalcenter.ch\\\/wp-content\\\/uploads\\\/2020\\\/07\\\/favicon-1.png\",\"contentUrl\":\"https:\\\/\\\/swissdigitalcenter.ch\\\/wp-content\\\/uploads\\\/2020\\\/07\\\/favicon-1.png\",\"width\":512,\"height\":512,\"caption\":\"Swiss Digital Center\"},\"image\":{\"@id\":\"https:\\\/\\\/swissdigitalcenter.ch\\\/fr\\\/#\\\/schema\\\/logo\\\/image\\\/\"},\"sameAs\":[\"https:\\\/\\\/www.facebook.com\\\/TechnoPoleDeSierre\",\"https:\\\/\\\/x.com\\\/tpolesierre\"]}]}<\/script>\n<!-- \/ Yoast SEO plugin. -->","yoast_head_json":{"title":"Salles de conf\u00e9rence \/ visio-conf\u00e9rence (10-250 pers.) &#8211; Swiss Digital Center","robots":{"index":"index","follow":"follow","max-snippet":"max-snippet:-1","max-image-preview":"max-image-preview:large","max-video-preview":"max-video-preview:-1"},"canonical":"https:\/\/swissdigitalcenter.ch\/de\/dienstleistungen-fur-unternehmen\/salles-de-conference-visio-conference\/","og_locale":"de_DE","og_type":"article","og_title":"Salles de conf\u00e9rence \/ visio-conf\u00e9rence (10-250 pers.) &#8211; Swiss Digital Center","og_description":"Retrouvez toutes les salles mises gratuitement \u00e0 disposition des r\u00e9sidents et qui peuvent \u00eatre lou\u00e9es par les non-r\u00e9sidents. L&#8217;utilisation des salles de conf\u00e9rence du Swiss Digital Center de Sierre se fait sous la responsabilit\u00e9 des utilisateurs. Du papier et du d\u00e9sinfectant sont \u00e0 disposition dans chaque salle et nous demandons aux utilisateurs de d\u00e9sinfecter les [&hellip;]","og_url":"https:\/\/swissdigitalcenter.ch\/de\/dienstleistungen-fur-unternehmen\/salles-de-conference-visio-conference\/","og_site_name":"Swiss Digital Center","article_publisher":"https:\/\/www.facebook.com\/TechnoPoleDeSierre","article_modified_time":"2022-05-24T09:20:53+00:00","og_image":[{"width":2560,"height":1707,"url":"https:\/\/swissdigitalcenter.ch\/wp-content\/uploads\/2022\/06\/20220600-SDC-146-scaled-e1655133505211.jpg","type":"image\/jpeg"}],"twitter_card":"summary_large_image","twitter_site":"@tpolesierre","schema":{"@context":"https:\/\/schema.org","@graph":[{"@type":"WebPage","@id":"https:\/\/swissdigitalcenter.ch\/de\/dienstleistungen-fur-unternehmen\/salles-de-conference-visio-conference\/","url":"https:\/\/swissdigitalcenter.ch\/de\/dienstleistungen-fur-unternehmen\/salles-de-conference-visio-conference\/","name":"Salles de conf\u00e9rence \/ visio-conf\u00e9rence (10-250 pers.) &#8211; Swiss Digital Center","isPartOf":{"@id":"https:\/\/swissdigitalcenter.ch\/fr\/#website"},"primaryImageOfPage":{"@id":"https:\/\/swissdigitalcenter.ch\/de\/dienstleistungen-fur-unternehmen\/salles-de-conference-visio-conference\/#primaryimage"},"image":{"@id":"https:\/\/swissdigitalcenter.ch\/de\/dienstleistungen-fur-unternehmen\/salles-de-conference-visio-conference\/#primaryimage"},"thumbnailUrl":"https:\/\/swissdigitalcenter.ch\/wp-content\/uploads\/2022\/06\/20220600-SDC-146-scaled-e1655133505211.jpg","datePublished":"2022-05-12T13:02:23+00:00","dateModified":"2022-05-24T09:20:53+00:00","breadcrumb":{"@id":"https:\/\/swissdigitalcenter.ch\/de\/dienstleistungen-fur-unternehmen\/salles-de-conference-visio-conference\/#breadcrumb"},"inLanguage":"de","potentialAction":[{"@type":"ReadAction","target":["https:\/\/swissdigitalcenter.ch\/de\/dienstleistungen-fur-unternehmen\/salles-de-conference-visio-conference\/"]}]},{"@type":"ImageObject","inLanguage":"de","@id":"https:\/\/swissdigitalcenter.ch\/de\/dienstleistungen-fur-unternehmen\/salles-de-conference-visio-conference\/#primaryimage","url":"https:\/\/swissdigitalcenter.ch\/wp-content\/uploads\/2022\/06\/20220600-SDC-146-scaled-e1655133505211.jpg","contentUrl":"https:\/\/swissdigitalcenter.ch\/wp-content\/uploads\/2022\/06\/20220600-SDC-146-scaled-e1655133505211.jpg","width":2560,"height":1707},{"@type":"BreadcrumbList","@id":"https:\/\/swissdigitalcenter.ch\/de\/dienstleistungen-fur-unternehmen\/salles-de-conference-visio-conference\/#breadcrumb","itemListElement":[{"@type":"ListItem","position":1,"name":"Home","item":"https:\/\/swissdigitalcenter.ch\/de\/"},{"@type":"ListItem","position":2,"name":"Dienstleistungen f\u00fcr Unternehmen","item":"https:\/\/swissdigitalcenter.ch\/de\/dienstleistungen-fur-unternehmen\/"},{"@type":"ListItem","position":3,"name":"Salles de conf\u00e9rence \/ visio-conf\u00e9rence (10-250 pers.)"}]},{"@type":"WebSite","@id":"https:\/\/swissdigitalcenter.ch\/fr\/#website","url":"https:\/\/swissdigitalcenter.ch\/fr\/","name":"Swiss Digital Center","description":"La digitalisation au c\u0153ur des Alpes","publisher":{"@id":"https:\/\/swissdigitalcenter.ch\/fr\/#organization"},"potentialAction":[{"@type":"SearchAction","target":{"@type":"EntryPoint","urlTemplate":"https:\/\/swissdigitalcenter.ch\/fr\/?s={search_term_string}"},"query-input":{"@type":"PropertyValueSpecification","valueRequired":true,"valueName":"search_term_string"}}],"inLanguage":"de"},{"@type":"Organization","@id":"https:\/\/swissdigitalcenter.ch\/fr\/#organization","name":"Swiss Digital Center","url":"https:\/\/swissdigitalcenter.ch\/fr\/","logo":{"@type":"ImageObject","inLanguage":"de","@id":"https:\/\/swissdigitalcenter.ch\/fr\/#\/schema\/logo\/image\/","url":"https:\/\/swissdigitalcenter.ch\/wp-content\/uploads\/2020\/07\/favicon-1.png","contentUrl":"https:\/\/swissdigitalcenter.ch\/wp-content\/uploads\/2020\/07\/favicon-1.png","width":512,"height":512,"caption":"Swiss Digital Center"},"image":{"@id":"https:\/\/swissdigitalcenter.ch\/fr\/#\/schema\/logo\/image\/"},"sameAs":["https:\/\/www.facebook.com\/TechnoPoleDeSierre","https:\/\/x.com\/tpolesierre"]}]}},"_links":{"self":[{"href":"https:\/\/swissdigitalcenter.ch\/de\/wp-json\/wp\/v2\/pages\/7367","targetHints":{"allow":["GET"]}}],"collection":[{"href":"https:\/\/swissdigitalcenter.ch\/de\/wp-json\/wp\/v2\/pages"}],"about":[{"href":"https:\/\/swissdigitalcenter.ch\/de\/wp-json\/wp\/v2\/types\/page"}],"author":[{"embeddable":true,"href":"https:\/\/swissdigitalcenter.ch\/de\/wp-json\/wp\/v2\/users\/1"}],"replies":[{"embeddable":true,"href":"https:\/\/swissdigitalcenter.ch\/de\/wp-json\/wp\/v2\/comments?post=7367"}],"version-history":[{"count":1,"href":"https:\/\/swissdigitalcenter.ch\/de\/wp-json\/wp\/v2\/pages\/7367\/revisions"}],"predecessor-version":[{"id":7381,"href":"https:\/\/swissdigitalcenter.ch\/de\/wp-json\/wp\/v2\/pages\/7367\/revisions\/7381"}],"up":[{"embeddable":true,"href":"https:\/\/swissdigitalcenter.ch\/de\/wp-json\/wp\/v2\/pages\/7366"}],"wp:featuredmedia":[{"embeddable":true,"href":"https:\/\/swissdigitalcenter.ch\/de\/wp-json\/wp\/v2\/media\/7733"}],"wp:attachment":[{"href":"https:\/\/swissdigitalcenter.ch\/de\/wp-json\/wp\/v2\/media?parent=7367"}],"curies":[{"name":"wp","href":"https:\/\/api.w.org\/{rel}","templated":true}]}}