{"id":7369,"date":"2022-05-12T15:31:42","date_gmt":"2022-05-12T13:31:42","guid":{"rendered":"https:\/\/swissdigitalcenter.ch\/services-pour-entreprises\/espace-de-reception\/"},"modified":"2022-05-24T11:20:56","modified_gmt":"2022-05-24T09:20:56","slug":"espace-de-reception","status":"publish","type":"page","link":"https:\/\/swissdigitalcenter.ch\/de\/dienstleistungen-fur-unternehmen\/espace-de-reception\/","title":{"rendered":"Espace de r\u00e9ception"},"content":{"rendered":"\t\t<div data-elementor-type=\"wp-page\" data-elementor-id=\"7369\" class=\"elementor elementor-7369 elementor-6835\" data-elementor-post-type=\"page\">\n\t\t\t\t\t\t<section class=\"elementor-section elementor-top-section elementor-element elementor-element-11e5bd29 elementor-section-boxed elementor-section-height-default elementor-section-height-default\" data-id=\"11e5bd29\" data-element_type=\"section\" data-e-type=\"section\">\n\t\t\t\t\t\t<div class=\"elementor-container elementor-column-gap-default\">\n\t\t\t\t\t<div class=\"elementor-column elementor-col-100 elementor-top-column elementor-element elementor-element-1c06381\" data-id=\"1c06381\" data-element_type=\"column\" data-e-type=\"column\">\n\t\t\t<div class=\"elementor-widget-wrap elementor-element-populated\">\n\t\t\t\t\t\t<div class=\"elementor-element elementor-element-4cfdfc8a elementor-widget elementor-widget-heading\" data-id=\"4cfdfc8a\" data-element_type=\"widget\" data-e-type=\"widget\" data-widget_type=\"heading.default\">\n\t\t\t\t<div class=\"elementor-widget-container\">\n\t\t\t\t\t<h2 class=\"elementor-heading-title elementor-size-default\">Un espace d'\u00e9changes au c\u0153ur du Swiss Digital Center de Sierre !<\/h2>\t\t\t\t<\/div>\n\t\t\t\t<\/div>\n\t\t\t\t<div class=\"elementor-element elementor-element-1a9b6ae0 elementor-widget elementor-widget-text-editor\" data-id=\"1a9b6ae0\" data-element_type=\"widget\" data-e-type=\"widget\" data-widget_type=\"text-editor.default\">\n\t\t\t\t<div class=\"elementor-widget-container\">\n\t\t\t\t\t\t\t\t\t<p>Le hall M\u00e9rope est un espace de pr\u00e8s de 200 m<sup>2<\/sup>\u00a0\u00e0 votre disposition pour y organiser des r\u00e9ceptions, ap\u00e9ritifs, f\u00eates d&#8217;entreprise, expositions, &#8230; L&#8217;Esplanade rouge, situ\u00e9e \u00e0 l&#8217;entr\u00e9e du Swiss Digital Center, est \u00e9galement l\u00e0 pour accueillir vos \u00e9v\u00e8nements en ext\u00e9rieur, avec ses 1500 m2<\/p>\t\t\t\t\t\t\t\t<\/div>\n\t\t\t\t<\/div>\n\t\t\t\t\t<\/div>\n\t\t<\/div>\n\t\t\t\t\t<\/div>\n\t\t<\/section>\n\t\t\t\t<\/div>\n\t\t","protected":false},"excerpt":{"rendered":"<p>Un espace d&#8217;\u00e9changes au c\u0153ur du Swiss Digital Center de Sierre ! Le hall M\u00e9rope est un espace de pr\u00e8s de 200 m2&nbsp;\u00e0 votre disposition pour y organiser des r\u00e9ceptions, ap\u00e9ritifs, f\u00eates d&#8217;entreprise, expositions, &#8230; L&#8217;Esplanade rouge, situ\u00e9e \u00e0 l&#8217;entr\u00e9e du Swiss Digital Center, est \u00e9galement l\u00e0 pour accueillir vos \u00e9v\u00e8nements en ext\u00e9rieur, avec ses [&hellip;]<\/p>\n","protected":false},"author":1,"featured_media":7676,"parent":7366,"menu_order":2,"comment_status":"closed","ping_status":"closed","template":"","meta":{"_acf_changed":false,"footnotes":""},"class_list":["post-7369","page","type-page","status-publish","has-post-thumbnail","hentry"],"acf":[],"yoast_head":"<!-- This site is optimized with the Yoast SEO plugin v27.3 - https:\/\/yoast.com\/product\/yoast-seo-wordpress\/ -->\n<title>Espace de r\u00e9ception &#8211; Swiss Digital Center<\/title>\n<meta name=\"robots\" content=\"index, follow, max-snippet:-1, max-image-preview:large, max-video-preview:-1\" \/>\n<link rel=\"canonical\" href=\"https:\/\/swissdigitalcenter.ch\/de\/dienstleistungen-fur-unternehmen\/espace-de-reception\/\" \/>\n<meta property=\"og:locale\" content=\"de_DE\" \/>\n<meta property=\"og:type\" content=\"article\" \/>\n<meta property=\"og:title\" content=\"Espace de r\u00e9ception &#8211; Swiss Digital Center\" \/>\n<meta property=\"og:description\" content=\"Un espace d&#8217;\u00e9changes au c\u0153ur du Swiss Digital Center de Sierre ! Le hall M\u00e9rope est un espace de pr\u00e8s de 200 m2&nbsp;\u00e0 votre disposition pour y organiser des r\u00e9ceptions, ap\u00e9ritifs, f\u00eates d&#8217;entreprise, expositions, &#8230; L&#8217;Esplanade rouge, situ\u00e9e \u00e0 l&#8217;entr\u00e9e du Swiss Digital Center, est \u00e9galement l\u00e0 pour accueillir vos \u00e9v\u00e8nements en ext\u00e9rieur, avec ses [&hellip;]\" \/>\n<meta property=\"og:url\" content=\"https:\/\/swissdigitalcenter.ch\/de\/dienstleistungen-fur-unternehmen\/espace-de-reception\/\" \/>\n<meta property=\"og:site_name\" content=\"Swiss Digital Center\" \/>\n<meta property=\"article:publisher\" content=\"https:\/\/www.facebook.com\/TechnoPoleDeSierre\" \/>\n<meta property=\"article:modified_time\" content=\"2022-05-24T09:20:56+00:00\" \/>\n<meta property=\"og:image\" content=\"https:\/\/swissdigitalcenter.ch\/wp-content\/uploads\/2022\/06\/20220600-SDC-190-1-scaled-e1655107908591.jpg\" \/>\n\t<meta property=\"og:image:width\" content=\"2560\" \/>\n\t<meta property=\"og:image:height\" content=\"1440\" \/>\n\t<meta property=\"og:image:type\" content=\"image\/jpeg\" \/>\n<meta name=\"twitter:card\" content=\"summary_large_image\" \/>\n<meta name=\"twitter:site\" content=\"@tpolesierre\" \/>\n<script type=\"application\/ld+json\" class=\"yoast-schema-graph\">{\"@context\":\"https:\\\/\\\/schema.org\",\"@graph\":[{\"@type\":\"WebPage\",\"@id\":\"https:\\\/\\\/swissdigitalcenter.ch\\\/de\\\/dienstleistungen-fur-unternehmen\\\/espace-de-reception\\\/\",\"url\":\"https:\\\/\\\/swissdigitalcenter.ch\\\/de\\\/dienstleistungen-fur-unternehmen\\\/espace-de-reception\\\/\",\"name\":\"Espace de r\u00e9ception &#8211; Swiss Digital Center\",\"isPartOf\":{\"@id\":\"https:\\\/\\\/swissdigitalcenter.ch\\\/fr\\\/#website\"},\"primaryImageOfPage\":{\"@id\":\"https:\\\/\\\/swissdigitalcenter.ch\\\/de\\\/dienstleistungen-fur-unternehmen\\\/espace-de-reception\\\/#primaryimage\"},\"image\":{\"@id\":\"https:\\\/\\\/swissdigitalcenter.ch\\\/de\\\/dienstleistungen-fur-unternehmen\\\/espace-de-reception\\\/#primaryimage\"},\"thumbnailUrl\":\"https:\\\/\\\/swissdigitalcenter.ch\\\/wp-content\\\/uploads\\\/2022\\\/06\\\/20220600-SDC-190-1-scaled-e1655107908591.jpg\",\"datePublished\":\"2022-05-12T13:31:42+00:00\",\"dateModified\":\"2022-05-24T09:20:56+00:00\",\"breadcrumb\":{\"@id\":\"https:\\\/\\\/swissdigitalcenter.ch\\\/de\\\/dienstleistungen-fur-unternehmen\\\/espace-de-reception\\\/#breadcrumb\"},\"inLanguage\":\"de\",\"potentialAction\":[{\"@type\":\"ReadAction\",\"target\":[\"https:\\\/\\\/swissdigitalcenter.ch\\\/de\\\/dienstleistungen-fur-unternehmen\\\/espace-de-reception\\\/\"]}]},{\"@type\":\"ImageObject\",\"inLanguage\":\"de\",\"@id\":\"https:\\\/\\\/swissdigitalcenter.ch\\\/de\\\/dienstleistungen-fur-unternehmen\\\/espace-de-reception\\\/#primaryimage\",\"url\":\"https:\\\/\\\/swissdigitalcenter.ch\\\/wp-content\\\/uploads\\\/2022\\\/06\\\/20220600-SDC-190-1-scaled-e1655107908591.jpg\",\"contentUrl\":\"https:\\\/\\\/swissdigitalcenter.ch\\\/wp-content\\\/uploads\\\/2022\\\/06\\\/20220600-SDC-190-1-scaled-e1655107908591.jpg\",\"width\":2560,\"height\":1440},{\"@type\":\"BreadcrumbList\",\"@id\":\"https:\\\/\\\/swissdigitalcenter.ch\\\/de\\\/dienstleistungen-fur-unternehmen\\\/espace-de-reception\\\/#breadcrumb\",\"itemListElement\":[{\"@type\":\"ListItem\",\"position\":1,\"name\":\"Home\",\"item\":\"https:\\\/\\\/swissdigitalcenter.ch\\\/de\\\/\"},{\"@type\":\"ListItem\",\"position\":2,\"name\":\"Dienstleistungen f\u00fcr Unternehmen\",\"item\":\"https:\\\/\\\/swissdigitalcenter.ch\\\/de\\\/dienstleistungen-fur-unternehmen\\\/\"},{\"@type\":\"ListItem\",\"position\":3,\"name\":\"Espace de r\u00e9ception\"}]},{\"@type\":\"WebSite\",\"@id\":\"https:\\\/\\\/swissdigitalcenter.ch\\\/fr\\\/#website\",\"url\":\"https:\\\/\\\/swissdigitalcenter.ch\\\/fr\\\/\",\"name\":\"Swiss Digital Center\",\"description\":\"La digitalisation au c\u0153ur des Alpes\",\"publisher\":{\"@id\":\"https:\\\/\\\/swissdigitalcenter.ch\\\/fr\\\/#organization\"},\"potentialAction\":[{\"@type\":\"SearchAction\",\"target\":{\"@type\":\"EntryPoint\",\"urlTemplate\":\"https:\\\/\\\/swissdigitalcenter.ch\\\/fr\\\/?s={search_term_string}\"},\"query-input\":{\"@type\":\"PropertyValueSpecification\",\"valueRequired\":true,\"valueName\":\"search_term_string\"}}],\"inLanguage\":\"de\"},{\"@type\":\"Organization\",\"@id\":\"https:\\\/\\\/swissdigitalcenter.ch\\\/fr\\\/#organization\",\"name\":\"Swiss Digital Center\",\"url\":\"https:\\\/\\\/swissdigitalcenter.ch\\\/fr\\\/\",\"logo\":{\"@type\":\"ImageObject\",\"inLanguage\":\"de\",\"@id\":\"https:\\\/\\\/swissdigitalcenter.ch\\\/fr\\\/#\\\/schema\\\/logo\\\/image\\\/\",\"url\":\"https:\\\/\\\/swissdigitalcenter.ch\\\/wp-content\\\/uploads\\\/2020\\\/07\\\/favicon-1.png\",\"contentUrl\":\"https:\\\/\\\/swissdigitalcenter.ch\\\/wp-content\\\/uploads\\\/2020\\\/07\\\/favicon-1.png\",\"width\":512,\"height\":512,\"caption\":\"Swiss Digital Center\"},\"image\":{\"@id\":\"https:\\\/\\\/swissdigitalcenter.ch\\\/fr\\\/#\\\/schema\\\/logo\\\/image\\\/\"},\"sameAs\":[\"https:\\\/\\\/www.facebook.com\\\/TechnoPoleDeSierre\",\"https:\\\/\\\/x.com\\\/tpolesierre\"]}]}<\/script>\n<!-- \/ Yoast SEO plugin. -->","yoast_head_json":{"title":"Espace de r\u00e9ception &#8211; Swiss Digital Center","robots":{"index":"index","follow":"follow","max-snippet":"max-snippet:-1","max-image-preview":"max-image-preview:large","max-video-preview":"max-video-preview:-1"},"canonical":"https:\/\/swissdigitalcenter.ch\/de\/dienstleistungen-fur-unternehmen\/espace-de-reception\/","og_locale":"de_DE","og_type":"article","og_title":"Espace de r\u00e9ception &#8211; Swiss Digital Center","og_description":"Un espace d&#8217;\u00e9changes au c\u0153ur du Swiss Digital Center de Sierre ! Le hall M\u00e9rope est un espace de pr\u00e8s de 200 m2&nbsp;\u00e0 votre disposition pour y organiser des r\u00e9ceptions, ap\u00e9ritifs, f\u00eates d&#8217;entreprise, expositions, &#8230; L&#8217;Esplanade rouge, situ\u00e9e \u00e0 l&#8217;entr\u00e9e du Swiss Digital Center, est \u00e9galement l\u00e0 pour accueillir vos \u00e9v\u00e8nements en ext\u00e9rieur, avec ses [&hellip;]","og_url":"https:\/\/swissdigitalcenter.ch\/de\/dienstleistungen-fur-unternehmen\/espace-de-reception\/","og_site_name":"Swiss Digital Center","article_publisher":"https:\/\/www.facebook.com\/TechnoPoleDeSierre","article_modified_time":"2022-05-24T09:20:56+00:00","og_image":[{"width":2560,"height":1440,"url":"https:\/\/swissdigitalcenter.ch\/wp-content\/uploads\/2022\/06\/20220600-SDC-190-1-scaled-e1655107908591.jpg","type":"image\/jpeg"}],"twitter_card":"summary_large_image","twitter_site":"@tpolesierre","schema":{"@context":"https:\/\/schema.org","@graph":[{"@type":"WebPage","@id":"https:\/\/swissdigitalcenter.ch\/de\/dienstleistungen-fur-unternehmen\/espace-de-reception\/","url":"https:\/\/swissdigitalcenter.ch\/de\/dienstleistungen-fur-unternehmen\/espace-de-reception\/","name":"Espace de r\u00e9ception &#8211; Swiss Digital Center","isPartOf":{"@id":"https:\/\/swissdigitalcenter.ch\/fr\/#website"},"primaryImageOfPage":{"@id":"https:\/\/swissdigitalcenter.ch\/de\/dienstleistungen-fur-unternehmen\/espace-de-reception\/#primaryimage"},"image":{"@id":"https:\/\/swissdigitalcenter.ch\/de\/dienstleistungen-fur-unternehmen\/espace-de-reception\/#primaryimage"},"thumbnailUrl":"https:\/\/swissdigitalcenter.ch\/wp-content\/uploads\/2022\/06\/20220600-SDC-190-1-scaled-e1655107908591.jpg","datePublished":"2022-05-12T13:31:42+00:00","dateModified":"2022-05-24T09:20:56+00:00","breadcrumb":{"@id":"https:\/\/swissdigitalcenter.ch\/de\/dienstleistungen-fur-unternehmen\/espace-de-reception\/#breadcrumb"},"inLanguage":"de","potentialAction":[{"@type":"ReadAction","target":["https:\/\/swissdigitalcenter.ch\/de\/dienstleistungen-fur-unternehmen\/espace-de-reception\/"]}]},{"@type":"ImageObject","inLanguage":"de","@id":"https:\/\/swissdigitalcenter.ch\/de\/dienstleistungen-fur-unternehmen\/espace-de-reception\/#primaryimage","url":"https:\/\/swissdigitalcenter.ch\/wp-content\/uploads\/2022\/06\/20220600-SDC-190-1-scaled-e1655107908591.jpg","contentUrl":"https:\/\/swissdigitalcenter.ch\/wp-content\/uploads\/2022\/06\/20220600-SDC-190-1-scaled-e1655107908591.jpg","width":2560,"height":1440},{"@type":"BreadcrumbList","@id":"https:\/\/swissdigitalcenter.ch\/de\/dienstleistungen-fur-unternehmen\/espace-de-reception\/#breadcrumb","itemListElement":[{"@type":"ListItem","position":1,"name":"Home","item":"https:\/\/swissdigitalcenter.ch\/de\/"},{"@type":"ListItem","position":2,"name":"Dienstleistungen f\u00fcr Unternehmen","item":"https:\/\/swissdigitalcenter.ch\/de\/dienstleistungen-fur-unternehmen\/"},{"@type":"ListItem","position":3,"name":"Espace de r\u00e9ception"}]},{"@type":"WebSite","@id":"https:\/\/swissdigitalcenter.ch\/fr\/#website","url":"https:\/\/swissdigitalcenter.ch\/fr\/","name":"Swiss Digital Center","description":"La digitalisation au c\u0153ur des Alpes","publisher":{"@id":"https:\/\/swissdigitalcenter.ch\/fr\/#organization"},"potentialAction":[{"@type":"SearchAction","target":{"@type":"EntryPoint","urlTemplate":"https:\/\/swissdigitalcenter.ch\/fr\/?s={search_term_string}"},"query-input":{"@type":"PropertyValueSpecification","valueRequired":true,"valueName":"search_term_string"}}],"inLanguage":"de"},{"@type":"Organization","@id":"https:\/\/swissdigitalcenter.ch\/fr\/#organization","name":"Swiss Digital Center","url":"https:\/\/swissdigitalcenter.ch\/fr\/","logo":{"@type":"ImageObject","inLanguage":"de","@id":"https:\/\/swissdigitalcenter.ch\/fr\/#\/schema\/logo\/image\/","url":"https:\/\/swissdigitalcenter.ch\/wp-content\/uploads\/2020\/07\/favicon-1.png","contentUrl":"https:\/\/swissdigitalcenter.ch\/wp-content\/uploads\/2020\/07\/favicon-1.png","width":512,"height":512,"caption":"Swiss Digital Center"},"image":{"@id":"https:\/\/swissdigitalcenter.ch\/fr\/#\/schema\/logo\/image\/"},"sameAs":["https:\/\/www.facebook.com\/TechnoPoleDeSierre","https:\/\/x.com\/tpolesierre"]}]}},"_links":{"self":[{"href":"https:\/\/swissdigitalcenter.ch\/de\/wp-json\/wp\/v2\/pages\/7369","targetHints":{"allow":["GET"]}}],"collection":[{"href":"https:\/\/swissdigitalcenter.ch\/de\/wp-json\/wp\/v2\/pages"}],"about":[{"href":"https:\/\/swissdigitalcenter.ch\/de\/wp-json\/wp\/v2\/types\/page"}],"author":[{"embeddable":true,"href":"https:\/\/swissdigitalcenter.ch\/de\/wp-json\/wp\/v2\/users\/1"}],"replies":[{"embeddable":true,"href":"https:\/\/swissdigitalcenter.ch\/de\/wp-json\/wp\/v2\/comments?post=7369"}],"version-history":[{"count":1,"href":"https:\/\/swissdigitalcenter.ch\/de\/wp-json\/wp\/v2\/pages\/7369\/revisions"}],"predecessor-version":[{"id":7383,"href":"https:\/\/swissdigitalcenter.ch\/de\/wp-json\/wp\/v2\/pages\/7369\/revisions\/7383"}],"up":[{"embeddable":true,"href":"https:\/\/swissdigitalcenter.ch\/de\/wp-json\/wp\/v2\/pages\/7366"}],"wp:featuredmedia":[{"embeddable":true,"href":"https:\/\/swissdigitalcenter.ch\/de\/wp-json\/wp\/v2\/media\/7676"}],"wp:attachment":[{"href":"https:\/\/swissdigitalcenter.ch\/de\/wp-json\/wp\/v2\/media?parent=7369"}],"curies":[{"name":"wp","href":"https:\/\/api.w.org\/{rel}","templated":true}]}}