{"id":7371,"date":"2022-05-12T15:34:06","date_gmt":"2022-05-12T13:34:06","guid":{"rendered":"https:\/\/swissdigitalcenter.ch\/services-pour-entreprises\/hotel-dentreprises-bureauxmeubles-pour-3-mois\/"},"modified":"2022-05-24T11:23:49","modified_gmt":"2022-05-24T09:23:49","slug":"hotel-dentreprises-bureauxmeubles-pour-3-mois","status":"publish","type":"page","link":"https:\/\/swissdigitalcenter.ch\/de\/dienstleistungen-fur-unternehmen\/hotel-dentreprises-bureauxmeubles-pour-3-mois\/","title":{"rendered":"H\u00f4tel d&#8217;entreprises (bureaux meubl\u00e9s pour 3 mois)"},"content":{"rendered":"\t\t<div data-elementor-type=\"wp-page\" data-elementor-id=\"7371\" class=\"elementor elementor-7371 elementor-6841\" data-elementor-post-type=\"page\">\n\t\t\t\t\t\t<section class=\"elementor-section elementor-top-section elementor-element elementor-element-66412a9d elementor-section-boxed elementor-section-height-default elementor-section-height-default\" data-id=\"66412a9d\" data-element_type=\"section\" data-e-type=\"section\">\n\t\t\t\t\t\t<div class=\"elementor-container elementor-column-gap-default\">\n\t\t\t\t\t<div class=\"elementor-column elementor-col-100 elementor-top-column elementor-element elementor-element-1ec34065\" data-id=\"1ec34065\" data-element_type=\"column\" data-e-type=\"column\">\n\t\t\t<div class=\"elementor-widget-wrap elementor-element-populated\">\n\t\t\t\t\t\t<div class=\"elementor-element elementor-element-ec5d00d elementor-widget elementor-widget-heading\" data-id=\"ec5d00d\" data-element_type=\"widget\" data-e-type=\"widget\" data-widget_type=\"heading.default\">\n\t\t\t\t<div class=\"elementor-widget-container\">\n\t\t\t\t\t<h2 class=\"elementor-heading-title elementor-size-default\">Une solution flexible et pratique<\/h2>\t\t\t\t<\/div>\n\t\t\t\t<\/div>\n\t\t\t\t<div class=\"elementor-element elementor-element-77fb260c elementor-widget elementor-widget-text-editor\" data-id=\"77fb260c\" data-element_type=\"widget\" data-e-type=\"widget\" data-widget_type=\"text-editor.default\">\n\t\t\t\t<div class=\"elementor-widget-container\">\n\t\t\t\t\t\t\t\t\t<p>Besoin d\u2019un bureau meubl\u00e9 pour une p\u00e9riode limit\u00e9e? Le Swiss Digital Center de Sierre vous propose des locaux enti\u00e8rement \u00e9quip\u00e9s pour une p\u00e9riode de 3 mois, renouvelable 3 fois.<\/p><p>Dans cette enceinte conviviale et innovante de 20&#8217;000 m2, vous trouverez tout ce dont vous aurez besoin pour d\u00e9velopper votre activit\u00e9. Les r\u00e9sidents b\u00e9n\u00e9ficient de l&#8217;utilisation de 8 salles de conf\u00e9rences, d&#8217;espaces conviviaux de d\u00e9tente, de jeux (ping-pong, babyfoot, billard), d\u2019un fitness, de 2 restaurants, d\u2019un &#8222;data center&#8220; et d&#8217;une station Publibike.<\/p><p>Nos espaces sont fonctionnels et confortables, pr\u00eats \u00e0 accueillir vos projets.<\/p>\t\t\t\t\t\t\t\t<\/div>\n\t\t\t\t<\/div>\n\t\t\t\t<div class=\"elementor-element elementor-element-57ee5f0 elementor-widget elementor-widget-button\" data-id=\"57ee5f0\" data-element_type=\"widget\" data-e-type=\"widget\" data-widget_type=\"button.default\">\n\t\t\t\t<div class=\"elementor-widget-container\">\n\t\t\t\t\t\t\t\t\t<div class=\"elementor-button-wrapper\">\n\t\t\t\t\t<a class=\"elementor-button elementor-button-link elementor-size-sm\" href=\"https:\/\/swissdigitalcenter.ch\/a-propos#contact\">\n\t\t\t\t\t\t<span class=\"elementor-button-content-wrapper\">\n\t\t\t\t\t\t\t\t\t<span class=\"elementor-button-text\">Contactez-nous pour une visite<\/span>\n\t\t\t\t\t<\/span>\n\t\t\t\t\t<\/a>\n\t\t\t\t<\/div>\n\t\t\t\t\t\t\t\t<\/div>\n\t\t\t\t<\/div>\n\t\t\t\t\t<\/div>\n\t\t<\/div>\n\t\t\t\t\t<\/div>\n\t\t<\/section>\n\t\t\t\t<section class=\"elementor-section elementor-top-section elementor-element elementor-element-d27d51a elementor-section-boxed elementor-section-height-default elementor-section-height-default\" data-id=\"d27d51a\" data-element_type=\"section\" data-e-type=\"section\">\n\t\t\t\t\t\t<div class=\"elementor-container elementor-column-gap-default\">\n\t\t\t\t\t<div class=\"elementor-column elementor-col-100 elementor-top-column elementor-element elementor-element-0c20bf1\" data-id=\"0c20bf1\" data-element_type=\"column\" data-e-type=\"column\">\n\t\t\t<div class=\"elementor-widget-wrap elementor-element-populated\">\n\t\t\t\t\t\t<div class=\"elementor-element elementor-element-d660521 elementor-widget elementor-widget-heading\" data-id=\"d660521\" data-element_type=\"widget\" data-e-type=\"widget\" data-widget_type=\"heading.default\">\n\t\t\t\t<div class=\"elementor-widget-container\">\n\t\t\t\t\t<h2 class=\"elementor-heading-title elementor-size-default\">Hotels d'entreprises<\/h2>\t\t\t\t<\/div>\n\t\t\t\t<\/div>\n\t\t\t\t<div class=\"elementor-element elementor-element-fe0a564 elementor-widget elementor-widget-heading\" data-id=\"fe0a564\" data-element_type=\"widget\" data-e-type=\"widget\" data-widget_type=\"heading.default\">\n\t\t\t\t<div class=\"elementor-widget-container\">\n\t\t\t\t\t<h2 class=\"elementor-heading-title elementor-size-default\">Prix sur demande<\/h2>\t\t\t\t<\/div>\n\t\t\t\t<\/div>\n\t\t\t\t<div class=\"elementor-element elementor-element-c60a4bd elementor-icon-list--layout-traditional elementor-list-item-link-full_width elementor-widget elementor-widget-icon-list\" data-id=\"c60a4bd\" data-element_type=\"widget\" data-e-type=\"widget\" data-widget_type=\"icon-list.default\">\n\t\t\t\t<div class=\"elementor-widget-container\">\n\t\t\t\t\t\t\t<ul class=\"elementor-icon-list-items\">\n\t\t\t\t\t\t\t<li class=\"elementor-icon-list-item\">\n\t\t\t\t\t\t\t\t\t\t\t<span class=\"elementor-icon-list-icon\">\n\t\t\t\t\t\t\t<i aria-hidden=\"true\" class=\"fas fa-check-circle\"><\/i>\t\t\t\t\t\t<\/span>\n\t\t\t\t\t\t\t\t\t\t<span class=\"elementor-icon-list-text\">Avec mobilier<\/span>\n\t\t\t\t\t\t\t\t\t<\/li>\n\t\t\t\t\t\t\t\t<li class=\"elementor-icon-list-item\">\n\t\t\t\t\t\t\t\t\t\t\t<span class=\"elementor-icon-list-icon\">\n\t\t\t\t\t\t\t<i aria-hidden=\"true\" class=\"fas fa-check-circle\"><\/i>\t\t\t\t\t\t<\/span>\n\t\t\t\t\t\t\t\t\t\t<span class=\"elementor-icon-list-text\">Installation \u00e9lectrique<\/span>\n\t\t\t\t\t\t\t\t\t<\/li>\n\t\t\t\t\t\t\t\t<li class=\"elementor-icon-list-item\">\n\t\t\t\t\t\t\t\t\t\t\t<span class=\"elementor-icon-list-icon\">\n\t\t\t\t\t\t\t<i aria-hidden=\"true\" class=\"fas fa-check-circle\"><\/i>\t\t\t\t\t\t<\/span>\n\t\t\t\t\t\t\t\t\t\t<span class=\"elementor-icon-list-text\">Connexion internet, Wifi<\/span>\n\t\t\t\t\t\t\t\t\t<\/li>\n\t\t\t\t\t\t\t\t<li class=\"elementor-icon-list-item\">\n\t\t\t\t\t\t\t\t\t\t\t<span class=\"elementor-icon-list-icon\">\n\t\t\t\t\t\t\t<i aria-hidden=\"true\" class=\"fas fa-check-circle\"><\/i>\t\t\t\t\t\t<\/span>\n\t\t\t\t\t\t\t\t\t\t<span class=\"elementor-icon-list-text\">Acc\u00e8s au parking ext\u00e9rieur<\/span>\n\t\t\t\t\t\t\t\t\t<\/li>\n\t\t\t\t\t\t\t\t<li class=\"elementor-icon-list-item\">\n\t\t\t\t\t\t\t\t\t\t\t<span class=\"elementor-icon-list-icon\">\n\t\t\t\t\t\t\t<i aria-hidden=\"true\" class=\"fas fa-check-circle\"><\/i>\t\t\t\t\t\t<\/span>\n\t\t\t\t\t\t\t\t\t\t<span class=\"elementor-icon-list-text\">100% utilisable en bureau <\/span>\n\t\t\t\t\t\t\t\t\t<\/li>\n\t\t\t\t\t\t\t\t<li class=\"elementor-icon-list-item\">\n\t\t\t\t\t\t\t\t\t\t\t<span class=\"elementor-icon-list-icon\">\n\t\t\t\t\t\t\t<i aria-hidden=\"true\" class=\"fas fa-check-circle\"><\/i>\t\t\t\t\t\t<\/span>\n\t\t\t\t\t\t\t\t\t\t<span class=\"elementor-icon-list-text\">Espaces collectifs (salles de conf\u00e9rences, WC, espaces de rencontres et d'accueil, machines \u00e0 caf\u00e9, ...)<\/span>\n\t\t\t\t\t\t\t\t\t<\/li>\n\t\t\t\t\t\t\t\t<li class=\"elementor-icon-list-item\">\n\t\t\t\t\t\t\t\t\t\t\t<span class=\"elementor-icon-list-icon\">\n\t\t\t\t\t\t\t<i aria-hidden=\"true\" class=\"fas fa-check-circle\"><\/i>\t\t\t\t\t\t<\/span>\n\t\t\t\t\t\t\t\t\t\t<span class=\"elementor-icon-list-text\">Acc\u00e8s fauteuil roulant<\/span>\n\t\t\t\t\t\t\t\t\t<\/li>\n\t\t\t\t\t\t\t\t<li class=\"elementor-icon-list-item\">\n\t\t\t\t\t\t\t\t\t\t\t<span class=\"elementor-icon-list-icon\">\n\t\t\t\t\t\t\t<i aria-hidden=\"true\" class=\"fas fa-check-circle\"><\/i>\t\t\t\t\t\t<\/span>\n\t\t\t\t\t\t\t\t\t\t<span class=\"elementor-icon-list-text\">Ascenseur<\/span>\n\t\t\t\t\t\t\t\t\t<\/li>\n\t\t\t\t\t\t<\/ul>\n\t\t\t\t\t\t<\/div>\n\t\t\t\t<\/div>\n\t\t\t\t\t<\/div>\n\t\t<\/div>\n\t\t\t\t\t<\/div>\n\t\t<\/section>\n\t\t\t\t<section class=\"elementor-section elementor-top-section elementor-element elementor-element-1905229 elementor-section-boxed elementor-section-height-default elementor-section-height-default\" data-id=\"1905229\" data-element_type=\"section\" data-e-type=\"section\">\n\t\t\t\t\t\t<div class=\"elementor-container elementor-column-gap-default\">\n\t\t\t\t\t<div class=\"elementor-column elementor-col-100 elementor-top-column elementor-element elementor-element-ff07eca\" data-id=\"ff07eca\" data-element_type=\"column\" data-e-type=\"column\">\n\t\t\t<div class=\"elementor-widget-wrap elementor-element-populated\">\n\t\t\t\t\t\t<div class=\"elementor-element elementor-element-ce851c5 elementor-widget elementor-widget-heading\" data-id=\"ce851c5\" data-element_type=\"widget\" data-e-type=\"widget\" data-widget_type=\"heading.default\">\n\t\t\t\t<div class=\"elementor-widget-container\">\n\t\t\t\t\t<h2 class=\"elementor-heading-title elementor-size-default\">Parkings<\/h2>\t\t\t\t<\/div>\n\t\t\t\t<\/div>\n\t\t\t\t<div class=\"elementor-element elementor-element-9e176b5 elementor-icon-list--layout-traditional elementor-list-item-link-full_width elementor-widget elementor-widget-icon-list\" data-id=\"9e176b5\" data-element_type=\"widget\" data-e-type=\"widget\" data-widget_type=\"icon-list.default\">\n\t\t\t\t<div class=\"elementor-widget-container\">\n\t\t\t\t\t\t\t<ul class=\"elementor-icon-list-items\">\n\t\t\t\t\t\t\t<li class=\"elementor-icon-list-item\">\n\t\t\t\t\t\t\t\t\t\t\t<span class=\"elementor-icon-list-icon\">\n\t\t\t\t\t\t\t<i aria-hidden=\"true\" class=\"fas fa-check-circle\"><\/i>\t\t\t\t\t\t<\/span>\n\t\t\t\t\t\t\t\t\t\t<span class=\"elementor-icon-list-text\">Place de parc ext\u00e9rieure CHF 40.-\/mois<\/span>\n\t\t\t\t\t\t\t\t\t<\/li>\n\t\t\t\t\t\t\t\t<li class=\"elementor-icon-list-item\">\n\t\t\t\t\t\t\t\t\t\t\t<span class=\"elementor-icon-list-icon\">\n\t\t\t\t\t\t\t<i aria-hidden=\"true\" class=\"fas fa-check-circle\"><\/i>\t\t\t\t\t\t<\/span>\n\t\t\t\t\t\t\t\t\t\t<span class=\"elementor-icon-list-text\">Place de parc int\u00e9rieure CHF 100.-\/mois<\/span>\n\t\t\t\t\t\t\t\t\t<\/li>\n\t\t\t\t\t\t\t\t<li class=\"elementor-icon-list-item\">\n\t\t\t\t\t\t\t\t\t\t\t<span class=\"elementor-icon-list-icon\">\n\t\t\t\t\t\t\t<i aria-hidden=\"true\" class=\"fas fa-check-circle\"><\/i>\t\t\t\t\t\t<\/span>\n\t\t\t\t\t\t\t\t\t\t<span class=\"elementor-icon-list-text\">Parking public pour les visiteurs<\/span>\n\t\t\t\t\t\t\t\t\t<\/li>\n\t\t\t\t\t\t\t\t<li class=\"elementor-icon-list-item\">\n\t\t\t\t\t\t\t\t\t\t\t<span class=\"elementor-icon-list-icon\">\n\t\t\t\t\t\t\t<i aria-hidden=\"true\" class=\"fas fa-check-circle\"><\/i>\t\t\t\t\t\t<\/span>\n\t\t\t\t\t\t\t\t\t\t<span class=\"elementor-icon-list-text\">V\u00e9hicules \u00e9lectriques : 16 stations de recharge sur le site<\/span>\n\t\t\t\t\t\t\t\t\t<\/li>\n\t\t\t\t\t\t<\/ul>\n\t\t\t\t\t\t<\/div>\n\t\t\t\t<\/div>\n\t\t\t\t\t<\/div>\n\t\t<\/div>\n\t\t\t\t\t<\/div>\n\t\t<\/section>\n\t\t\t\t<\/div>\n\t\t","protected":false},"excerpt":{"rendered":"<p>Une solution flexible et pratique Besoin d\u2019un bureau meubl\u00e9 pour une p\u00e9riode limit\u00e9e? Le Swiss Digital Center de Sierre vous propose des locaux enti\u00e8rement \u00e9quip\u00e9s pour une p\u00e9riode de 3 mois, renouvelable 3 fois. Dans cette enceinte conviviale et innovante de 20&#8217;000 m2, vous trouverez tout ce dont vous aurez besoin pour d\u00e9velopper votre activit\u00e9. [&hellip;]<\/p>\n","protected":false},"author":1,"featured_media":6811,"parent":7366,"menu_order":4,"comment_status":"closed","ping_status":"closed","template":"","meta":{"_acf_changed":false,"footnotes":""},"class_list":["post-7371","page","type-page","status-publish","has-post-thumbnail","hentry"],"acf":[],"yoast_head":"<!-- This site is optimized with the Yoast SEO plugin v27.3 - https:\/\/yoast.com\/product\/yoast-seo-wordpress\/ -->\n<title>H\u00f4tel d&#039;entreprises (bureaux meubl\u00e9s pour 3 mois) &#8211; Swiss Digital Center<\/title>\n<meta name=\"robots\" content=\"index, follow, max-snippet:-1, max-image-preview:large, max-video-preview:-1\" \/>\n<link rel=\"canonical\" href=\"https:\/\/swissdigitalcenter.ch\/de\/dienstleistungen-fur-unternehmen\/hotel-dentreprises-bureauxmeubles-pour-3-mois\/\" \/>\n<meta property=\"og:locale\" content=\"de_DE\" \/>\n<meta property=\"og:type\" content=\"article\" \/>\n<meta property=\"og:title\" content=\"H\u00f4tel d&#039;entreprises (bureaux meubl\u00e9s pour 3 mois) &#8211; Swiss Digital Center\" \/>\n<meta property=\"og:description\" content=\"Une solution flexible et pratique Besoin d\u2019un bureau meubl\u00e9 pour une p\u00e9riode limit\u00e9e? Le Swiss Digital Center de Sierre vous propose des locaux enti\u00e8rement \u00e9quip\u00e9s pour une p\u00e9riode de 3 mois, renouvelable 3 fois. Dans cette enceinte conviviale et innovante de 20&#8217;000 m2, vous trouverez tout ce dont vous aurez besoin pour d\u00e9velopper votre activit\u00e9. [&hellip;]\" \/>\n<meta property=\"og:url\" content=\"https:\/\/swissdigitalcenter.ch\/de\/dienstleistungen-fur-unternehmen\/hotel-dentreprises-bureauxmeubles-pour-3-mois\/\" \/>\n<meta property=\"og:site_name\" content=\"Swiss Digital Center\" \/>\n<meta property=\"article:publisher\" content=\"https:\/\/www.facebook.com\/TechnoPoleDeSierre\" \/>\n<meta property=\"article:modified_time\" content=\"2022-05-24T09:23:49+00:00\" \/>\n<meta property=\"og:image\" content=\"https:\/\/swissdigitalcenter.ch\/wp-content\/uploads\/2022\/05\/bureauhotel1.jpg\" \/>\n\t<meta property=\"og:image:width\" content=\"790\" \/>\n\t<meta property=\"og:image:height\" content=\"526\" \/>\n\t<meta property=\"og:image:type\" content=\"image\/jpeg\" \/>\n<meta name=\"twitter:card\" content=\"summary_large_image\" \/>\n<meta name=\"twitter:site\" content=\"@tpolesierre\" \/>\n<meta name=\"twitter:label1\" content=\"Gesch\u00e4tzte Lesezeit\" \/>\n\t<meta name=\"twitter:data1\" content=\"1\u00a0Minute\" \/>\n<script type=\"application\/ld+json\" class=\"yoast-schema-graph\">{\"@context\":\"https:\\\/\\\/schema.org\",\"@graph\":[{\"@type\":\"WebPage\",\"@id\":\"https:\\\/\\\/swissdigitalcenter.ch\\\/de\\\/dienstleistungen-fur-unternehmen\\\/hotel-dentreprises-bureauxmeubles-pour-3-mois\\\/\",\"url\":\"https:\\\/\\\/swissdigitalcenter.ch\\\/de\\\/dienstleistungen-fur-unternehmen\\\/hotel-dentreprises-bureauxmeubles-pour-3-mois\\\/\",\"name\":\"H\u00f4tel d'entreprises (bureaux meubl\u00e9s pour 3 mois) &#8211; Swiss Digital Center\",\"isPartOf\":{\"@id\":\"https:\\\/\\\/swissdigitalcenter.ch\\\/fr\\\/#website\"},\"primaryImageOfPage\":{\"@id\":\"https:\\\/\\\/swissdigitalcenter.ch\\\/de\\\/dienstleistungen-fur-unternehmen\\\/hotel-dentreprises-bureauxmeubles-pour-3-mois\\\/#primaryimage\"},\"image\":{\"@id\":\"https:\\\/\\\/swissdigitalcenter.ch\\\/de\\\/dienstleistungen-fur-unternehmen\\\/hotel-dentreprises-bureauxmeubles-pour-3-mois\\\/#primaryimage\"},\"thumbnailUrl\":\"https:\\\/\\\/swissdigitalcenter.ch\\\/wp-content\\\/uploads\\\/2022\\\/05\\\/bureauhotel1.jpg\",\"datePublished\":\"2022-05-12T13:34:06+00:00\",\"dateModified\":\"2022-05-24T09:23:49+00:00\",\"breadcrumb\":{\"@id\":\"https:\\\/\\\/swissdigitalcenter.ch\\\/de\\\/dienstleistungen-fur-unternehmen\\\/hotel-dentreprises-bureauxmeubles-pour-3-mois\\\/#breadcrumb\"},\"inLanguage\":\"de\",\"potentialAction\":[{\"@type\":\"ReadAction\",\"target\":[\"https:\\\/\\\/swissdigitalcenter.ch\\\/de\\\/dienstleistungen-fur-unternehmen\\\/hotel-dentreprises-bureauxmeubles-pour-3-mois\\\/\"]}]},{\"@type\":\"ImageObject\",\"inLanguage\":\"de\",\"@id\":\"https:\\\/\\\/swissdigitalcenter.ch\\\/de\\\/dienstleistungen-fur-unternehmen\\\/hotel-dentreprises-bureauxmeubles-pour-3-mois\\\/#primaryimage\",\"url\":\"https:\\\/\\\/swissdigitalcenter.ch\\\/wp-content\\\/uploads\\\/2022\\\/05\\\/bureauhotel1.jpg\",\"contentUrl\":\"https:\\\/\\\/swissdigitalcenter.ch\\\/wp-content\\\/uploads\\\/2022\\\/05\\\/bureauhotel1.jpg\",\"width\":790,\"height\":526},{\"@type\":\"BreadcrumbList\",\"@id\":\"https:\\\/\\\/swissdigitalcenter.ch\\\/de\\\/dienstleistungen-fur-unternehmen\\\/hotel-dentreprises-bureauxmeubles-pour-3-mois\\\/#breadcrumb\",\"itemListElement\":[{\"@type\":\"ListItem\",\"position\":1,\"name\":\"Home\",\"item\":\"https:\\\/\\\/swissdigitalcenter.ch\\\/de\\\/\"},{\"@type\":\"ListItem\",\"position\":2,\"name\":\"Dienstleistungen f\u00fcr Unternehmen\",\"item\":\"https:\\\/\\\/swissdigitalcenter.ch\\\/de\\\/dienstleistungen-fur-unternehmen\\\/\"},{\"@type\":\"ListItem\",\"position\":3,\"name\":\"H\u00f4tel d&#8217;entreprises (bureaux meubl\u00e9s pour 3 mois)\"}]},{\"@type\":\"WebSite\",\"@id\":\"https:\\\/\\\/swissdigitalcenter.ch\\\/fr\\\/#website\",\"url\":\"https:\\\/\\\/swissdigitalcenter.ch\\\/fr\\\/\",\"name\":\"Swiss Digital Center\",\"description\":\"La digitalisation au c\u0153ur des Alpes\",\"publisher\":{\"@id\":\"https:\\\/\\\/swissdigitalcenter.ch\\\/fr\\\/#organization\"},\"potentialAction\":[{\"@type\":\"SearchAction\",\"target\":{\"@type\":\"EntryPoint\",\"urlTemplate\":\"https:\\\/\\\/swissdigitalcenter.ch\\\/fr\\\/?s={search_term_string}\"},\"query-input\":{\"@type\":\"PropertyValueSpecification\",\"valueRequired\":true,\"valueName\":\"search_term_string\"}}],\"inLanguage\":\"de\"},{\"@type\":\"Organization\",\"@id\":\"https:\\\/\\\/swissdigitalcenter.ch\\\/fr\\\/#organization\",\"name\":\"Swiss Digital Center\",\"url\":\"https:\\\/\\\/swissdigitalcenter.ch\\\/fr\\\/\",\"logo\":{\"@type\":\"ImageObject\",\"inLanguage\":\"de\",\"@id\":\"https:\\\/\\\/swissdigitalcenter.ch\\\/fr\\\/#\\\/schema\\\/logo\\\/image\\\/\",\"url\":\"https:\\\/\\\/swissdigitalcenter.ch\\\/wp-content\\\/uploads\\\/2020\\\/07\\\/favicon-1.png\",\"contentUrl\":\"https:\\\/\\\/swissdigitalcenter.ch\\\/wp-content\\\/uploads\\\/2020\\\/07\\\/favicon-1.png\",\"width\":512,\"height\":512,\"caption\":\"Swiss Digital Center\"},\"image\":{\"@id\":\"https:\\\/\\\/swissdigitalcenter.ch\\\/fr\\\/#\\\/schema\\\/logo\\\/image\\\/\"},\"sameAs\":[\"https:\\\/\\\/www.facebook.com\\\/TechnoPoleDeSierre\",\"https:\\\/\\\/x.com\\\/tpolesierre\"]}]}<\/script>\n<!-- \/ Yoast SEO plugin. -->","yoast_head_json":{"title":"H\u00f4tel d'entreprises (bureaux meubl\u00e9s pour 3 mois) &#8211; Swiss Digital Center","robots":{"index":"index","follow":"follow","max-snippet":"max-snippet:-1","max-image-preview":"max-image-preview:large","max-video-preview":"max-video-preview:-1"},"canonical":"https:\/\/swissdigitalcenter.ch\/de\/dienstleistungen-fur-unternehmen\/hotel-dentreprises-bureauxmeubles-pour-3-mois\/","og_locale":"de_DE","og_type":"article","og_title":"H\u00f4tel d'entreprises (bureaux meubl\u00e9s pour 3 mois) &#8211; Swiss Digital Center","og_description":"Une solution flexible et pratique Besoin d\u2019un bureau meubl\u00e9 pour une p\u00e9riode limit\u00e9e? Le Swiss Digital Center de Sierre vous propose des locaux enti\u00e8rement \u00e9quip\u00e9s pour une p\u00e9riode de 3 mois, renouvelable 3 fois. Dans cette enceinte conviviale et innovante de 20&#8217;000 m2, vous trouverez tout ce dont vous aurez besoin pour d\u00e9velopper votre activit\u00e9. [&hellip;]","og_url":"https:\/\/swissdigitalcenter.ch\/de\/dienstleistungen-fur-unternehmen\/hotel-dentreprises-bureauxmeubles-pour-3-mois\/","og_site_name":"Swiss Digital Center","article_publisher":"https:\/\/www.facebook.com\/TechnoPoleDeSierre","article_modified_time":"2022-05-24T09:23:49+00:00","og_image":[{"width":790,"height":526,"url":"https:\/\/swissdigitalcenter.ch\/wp-content\/uploads\/2022\/05\/bureauhotel1.jpg","type":"image\/jpeg"}],"twitter_card":"summary_large_image","twitter_site":"@tpolesierre","twitter_misc":{"Gesch\u00e4tzte Lesezeit":"1\u00a0Minute"},"schema":{"@context":"https:\/\/schema.org","@graph":[{"@type":"WebPage","@id":"https:\/\/swissdigitalcenter.ch\/de\/dienstleistungen-fur-unternehmen\/hotel-dentreprises-bureauxmeubles-pour-3-mois\/","url":"https:\/\/swissdigitalcenter.ch\/de\/dienstleistungen-fur-unternehmen\/hotel-dentreprises-bureauxmeubles-pour-3-mois\/","name":"H\u00f4tel d'entreprises (bureaux meubl\u00e9s pour 3 mois) &#8211; Swiss Digital Center","isPartOf":{"@id":"https:\/\/swissdigitalcenter.ch\/fr\/#website"},"primaryImageOfPage":{"@id":"https:\/\/swissdigitalcenter.ch\/de\/dienstleistungen-fur-unternehmen\/hotel-dentreprises-bureauxmeubles-pour-3-mois\/#primaryimage"},"image":{"@id":"https:\/\/swissdigitalcenter.ch\/de\/dienstleistungen-fur-unternehmen\/hotel-dentreprises-bureauxmeubles-pour-3-mois\/#primaryimage"},"thumbnailUrl":"https:\/\/swissdigitalcenter.ch\/wp-content\/uploads\/2022\/05\/bureauhotel1.jpg","datePublished":"2022-05-12T13:34:06+00:00","dateModified":"2022-05-24T09:23:49+00:00","breadcrumb":{"@id":"https:\/\/swissdigitalcenter.ch\/de\/dienstleistungen-fur-unternehmen\/hotel-dentreprises-bureauxmeubles-pour-3-mois\/#breadcrumb"},"inLanguage":"de","potentialAction":[{"@type":"ReadAction","target":["https:\/\/swissdigitalcenter.ch\/de\/dienstleistungen-fur-unternehmen\/hotel-dentreprises-bureauxmeubles-pour-3-mois\/"]}]},{"@type":"ImageObject","inLanguage":"de","@id":"https:\/\/swissdigitalcenter.ch\/de\/dienstleistungen-fur-unternehmen\/hotel-dentreprises-bureauxmeubles-pour-3-mois\/#primaryimage","url":"https:\/\/swissdigitalcenter.ch\/wp-content\/uploads\/2022\/05\/bureauhotel1.jpg","contentUrl":"https:\/\/swissdigitalcenter.ch\/wp-content\/uploads\/2022\/05\/bureauhotel1.jpg","width":790,"height":526},{"@type":"BreadcrumbList","@id":"https:\/\/swissdigitalcenter.ch\/de\/dienstleistungen-fur-unternehmen\/hotel-dentreprises-bureauxmeubles-pour-3-mois\/#breadcrumb","itemListElement":[{"@type":"ListItem","position":1,"name":"Home","item":"https:\/\/swissdigitalcenter.ch\/de\/"},{"@type":"ListItem","position":2,"name":"Dienstleistungen f\u00fcr Unternehmen","item":"https:\/\/swissdigitalcenter.ch\/de\/dienstleistungen-fur-unternehmen\/"},{"@type":"ListItem","position":3,"name":"H\u00f4tel d&#8217;entreprises (bureaux meubl\u00e9s pour 3 mois)"}]},{"@type":"WebSite","@id":"https:\/\/swissdigitalcenter.ch\/fr\/#website","url":"https:\/\/swissdigitalcenter.ch\/fr\/","name":"Swiss Digital Center","description":"La digitalisation au c\u0153ur des Alpes","publisher":{"@id":"https:\/\/swissdigitalcenter.ch\/fr\/#organization"},"potentialAction":[{"@type":"SearchAction","target":{"@type":"EntryPoint","urlTemplate":"https:\/\/swissdigitalcenter.ch\/fr\/?s={search_term_string}"},"query-input":{"@type":"PropertyValueSpecification","valueRequired":true,"valueName":"search_term_string"}}],"inLanguage":"de"},{"@type":"Organization","@id":"https:\/\/swissdigitalcenter.ch\/fr\/#organization","name":"Swiss Digital Center","url":"https:\/\/swissdigitalcenter.ch\/fr\/","logo":{"@type":"ImageObject","inLanguage":"de","@id":"https:\/\/swissdigitalcenter.ch\/fr\/#\/schema\/logo\/image\/","url":"https:\/\/swissdigitalcenter.ch\/wp-content\/uploads\/2020\/07\/favicon-1.png","contentUrl":"https:\/\/swissdigitalcenter.ch\/wp-content\/uploads\/2020\/07\/favicon-1.png","width":512,"height":512,"caption":"Swiss Digital Center"},"image":{"@id":"https:\/\/swissdigitalcenter.ch\/fr\/#\/schema\/logo\/image\/"},"sameAs":["https:\/\/www.facebook.com\/TechnoPoleDeSierre","https:\/\/x.com\/tpolesierre"]}]}},"_links":{"self":[{"href":"https:\/\/swissdigitalcenter.ch\/de\/wp-json\/wp\/v2\/pages\/7371","targetHints":{"allow":["GET"]}}],"collection":[{"href":"https:\/\/swissdigitalcenter.ch\/de\/wp-json\/wp\/v2\/pages"}],"about":[{"href":"https:\/\/swissdigitalcenter.ch\/de\/wp-json\/wp\/v2\/types\/page"}],"author":[{"embeddable":true,"href":"https:\/\/swissdigitalcenter.ch\/de\/wp-json\/wp\/v2\/users\/1"}],"replies":[{"embeddable":true,"href":"https:\/\/swissdigitalcenter.ch\/de\/wp-json\/wp\/v2\/comments?post=7371"}],"version-history":[{"count":2,"href":"https:\/\/swissdigitalcenter.ch\/de\/wp-json\/wp\/v2\/pages\/7371\/revisions"}],"predecessor-version":[{"id":7396,"href":"https:\/\/swissdigitalcenter.ch\/de\/wp-json\/wp\/v2\/pages\/7371\/revisions\/7396"}],"up":[{"embeddable":true,"href":"https:\/\/swissdigitalcenter.ch\/de\/wp-json\/wp\/v2\/pages\/7366"}],"wp:featuredmedia":[{"embeddable":true,"href":"https:\/\/swissdigitalcenter.ch\/de\/wp-json\/wp\/v2\/media\/6811"}],"wp:attachment":[{"href":"https:\/\/swissdigitalcenter.ch\/de\/wp-json\/wp\/v2\/media?parent=7371"}],"curies":[{"name":"wp","href":"https:\/\/api.w.org\/{rel}","templated":true}]}}