{"id":7373,"date":"2022-05-12T15:34:56","date_gmt":"2022-05-12T13:34:56","guid":{"rendered":"https:\/\/swissdigitalcenter.ch\/services-pour-entreprises\/data-center-et-solutions-dhebergement\/"},"modified":"2022-05-24T11:21:03","modified_gmt":"2022-05-24T09:21:03","slug":"data-center-et-solutions-dhebergement","status":"publish","type":"page","link":"https:\/\/swissdigitalcenter.ch\/de\/dienstleistungen-fur-unternehmen\/data-center-et-solutions-dhebergement\/","title":{"rendered":"Data center et solutions d&#8217;h\u00e9bergement"},"content":{"rendered":"\t\t<div data-elementor-type=\"wp-page\" data-elementor-id=\"7373\" class=\"elementor elementor-7373 elementor-6845\" data-elementor-post-type=\"page\">\n\t\t\t\t\t\t<section class=\"elementor-section elementor-top-section elementor-element elementor-element-e582a19 elementor-section-boxed elementor-section-height-default elementor-section-height-default\" data-id=\"e582a19\" data-element_type=\"section\" data-e-type=\"section\">\n\t\t\t\t\t\t<div class=\"elementor-container elementor-column-gap-default\">\n\t\t\t\t\t<div class=\"elementor-column elementor-col-100 elementor-top-column elementor-element elementor-element-447a7ce\" data-id=\"447a7ce\" data-element_type=\"column\" data-e-type=\"column\">\n\t\t\t<div class=\"elementor-widget-wrap elementor-element-populated\">\n\t\t\t\t\t\t<div class=\"elementor-element elementor-element-3b214d3 elementor-widget elementor-widget-heading\" data-id=\"3b214d3\" data-element_type=\"widget\" data-e-type=\"widget\" data-widget_type=\"heading.default\">\n\t\t\t\t<div class=\"elementor-widget-container\">\n\t\t\t\t\t<h2 class=\"elementor-heading-title elementor-size-default\">Ici, votre serveur est en s\u00e9curit\u00e9<\/h2>\t\t\t\t<\/div>\n\t\t\t\t<\/div>\n\t\t\t\t<div class=\"elementor-element elementor-element-6405323 elementor-widget elementor-widget-text-editor\" data-id=\"6405323\" data-element_type=\"widget\" data-e-type=\"widget\" data-widget_type=\"text-editor.default\">\n\t\t\t\t<div class=\"elementor-widget-container\">\n\t\t\t\t\t\t\t\t\t<p>Le Swiss Digital Center de Sierre dispose d\u2019une salle d\u2019h\u00e9bergement de haut niveau, avec des espaces privatifs ou mutualis\u00e9s, r\u00e9pondant \u00e0 toutes les exigences: espace s\u00e9curis\u00e9, contr\u00f4le d\u2019acc\u00e8s, puissance \u00e9lectrique, firewall redondant, climatisation, syst\u00e8me de gestion d\u2019alertes, etc.<\/p>\t\t\t\t\t\t\t\t<\/div>\n\t\t\t\t<\/div>\n\t\t\t\t<div class=\"elementor-element elementor-element-4a9e682 elementor-widget elementor-widget-button\" data-id=\"4a9e682\" data-element_type=\"widget\" data-e-type=\"widget\" data-widget_type=\"button.default\">\n\t\t\t\t<div class=\"elementor-widget-container\">\n\t\t\t\t\t\t\t\t\t<div class=\"elementor-button-wrapper\">\n\t\t\t\t\t<a class=\"elementor-button elementor-button-link elementor-size-sm\" href=\"https:\/\/swissdigitalcenter.ch\/a-propos#contact\">\n\t\t\t\t\t\t<span class=\"elementor-button-content-wrapper\">\n\t\t\t\t\t\t\t\t\t<span class=\"elementor-button-text\">Contactez-nous pour une visite<\/span>\n\t\t\t\t\t<\/span>\n\t\t\t\t\t<\/a>\n\t\t\t\t<\/div>\n\t\t\t\t\t\t\t\t<\/div>\n\t\t\t\t<\/div>\n\t\t\t\t\t<\/div>\n\t\t<\/div>\n\t\t\t\t\t<\/div>\n\t\t<\/section>\n\t\t\t\t<section class=\"elementor-section elementor-top-section elementor-element elementor-element-f0255b3 elementor-section-boxed elementor-section-height-default elementor-section-height-default\" data-id=\"f0255b3\" data-element_type=\"section\" data-e-type=\"section\">\n\t\t\t\t\t\t<div class=\"elementor-container elementor-column-gap-default\">\n\t\t\t\t\t<div class=\"elementor-column elementor-col-100 elementor-top-column elementor-element elementor-element-228103e\" data-id=\"228103e\" data-element_type=\"column\" data-e-type=\"column\">\n\t\t\t<div class=\"elementor-widget-wrap elementor-element-populated\">\n\t\t\t\t\t\t<div class=\"elementor-element elementor-element-2e8685f elementor-widget elementor-widget-heading\" data-id=\"2e8685f\" data-element_type=\"widget\" data-e-type=\"widget\" data-widget_type=\"heading.default\">\n\t\t\t\t<div class=\"elementor-widget-container\">\n\t\t\t\t\t<h2 class=\"elementor-heading-title elementor-size-default\">\u00c9quipements et caract\u00e9ristiques<\/h2>\t\t\t\t<\/div>\n\t\t\t\t<\/div>\n\t\t\t\t<div class=\"elementor-element elementor-element-bc0c856 elementor-icon-list--layout-traditional elementor-list-item-link-full_width elementor-widget elementor-widget-icon-list\" data-id=\"bc0c856\" data-element_type=\"widget\" data-e-type=\"widget\" data-widget_type=\"icon-list.default\">\n\t\t\t\t<div class=\"elementor-widget-container\">\n\t\t\t\t\t\t\t<ul class=\"elementor-icon-list-items\">\n\t\t\t\t\t\t\t<li class=\"elementor-icon-list-item\">\n\t\t\t\t\t\t\t\t\t\t\t<span class=\"elementor-icon-list-icon\">\n\t\t\t\t\t\t\t<i aria-hidden=\"true\" class=\"fas fa-check-circle\"><\/i>\t\t\t\t\t\t<\/span>\n\t\t\t\t\t\t\t\t\t\t<span class=\"elementor-icon-list-text\">Contr\u00f4le d\u2019acc\u00e8s principal<\/span>\n\t\t\t\t\t\t\t\t\t<\/li>\n\t\t\t\t\t\t\t\t<li class=\"elementor-icon-list-item\">\n\t\t\t\t\t\t\t\t\t\t\t<span class=\"elementor-icon-list-icon\">\n\t\t\t\t\t\t\t<i aria-hidden=\"true\" class=\"fas fa-check-circle\"><\/i>\t\t\t\t\t\t<\/span>\n\t\t\t\t\t\t\t\t\t\t<span class=\"elementor-icon-list-text\">Salle s\u00e9curis\u00e9e contre l\u2019effraction<\/span>\n\t\t\t\t\t\t\t\t\t<\/li>\n\t\t\t\t\t\t\t\t<li class=\"elementor-icon-list-item\">\n\t\t\t\t\t\t\t\t\t\t\t<span class=\"elementor-icon-list-icon\">\n\t\t\t\t\t\t\t<i aria-hidden=\"true\" class=\"fas fa-check-circle\"><\/i>\t\t\t\t\t\t<\/span>\n\t\t\t\t\t\t\t\t\t\t<span class=\"elementor-icon-list-text\">Acc\u00e8s 7 jours sur 7, 24 heures sur 24<\/span>\n\t\t\t\t\t\t\t\t\t<\/li>\n\t\t\t\t\t\t\t\t<li class=\"elementor-icon-list-item\">\n\t\t\t\t\t\t\t\t\t\t\t<span class=\"elementor-icon-list-icon\">\n\t\t\t\t\t\t\t<i aria-hidden=\"true\" class=\"fas fa-check-circle\"><\/i>\t\t\t\t\t\t<\/span>\n\t\t\t\t\t\t\t\t\t\t<span class=\"elementor-icon-list-text\">Faux plancher sur\u00e9lev\u00e9<\/span>\n\t\t\t\t\t\t\t\t\t<\/li>\n\t\t\t\t\t\t\t\t<li class=\"elementor-icon-list-item\">\n\t\t\t\t\t\t\t\t\t\t\t<span class=\"elementor-icon-list-icon\">\n\t\t\t\t\t\t\t<i aria-hidden=\"true\" class=\"fas fa-check-circle\"><\/i>\t\t\t\t\t\t<\/span>\n\t\t\t\t\t\t\t\t\t\t<span class=\"elementor-icon-list-text\">Climatisation redondante<\/span>\n\t\t\t\t\t\t\t\t\t<\/li>\n\t\t\t\t\t\t\t\t<li class=\"elementor-icon-list-item\">\n\t\t\t\t\t\t\t\t\t\t\t<span class=\"elementor-icon-list-icon\">\n\t\t\t\t\t\t\t<i aria-hidden=\"true\" class=\"fas fa-check-circle\"><\/i>\t\t\t\t\t\t<\/span>\n\t\t\t\t\t\t\t\t\t\t<span class=\"elementor-icon-list-text\">Alimentation \u00e9lectrique s\u00e9curis\u00e9e et redondante, avec alimentation par deux groupes \u00e9lectriques s\u00e9par\u00e9s<\/span>\n\t\t\t\t\t\t\t\t\t<\/li>\n\t\t\t\t\t\t\t\t<li class=\"elementor-icon-list-item\">\n\t\t\t\t\t\t\t\t\t\t\t<span class=\"elementor-icon-list-icon\">\n\t\t\t\t\t\t\t<i aria-hidden=\"true\" class=\"fas fa-check-circle\"><\/i>\t\t\t\t\t\t<\/span>\n\t\t\t\t\t\t\t\t\t\t<span class=\"elementor-icon-list-text\">Syst\u00e8me de gestion d\u2019alertes avec remont\u00e9es des alertes par messagerie et par SMS<\/span>\n\t\t\t\t\t\t\t\t\t<\/li>\n\t\t\t\t\t\t\t\t<li class=\"elementor-icon-list-item\">\n\t\t\t\t\t\t\t\t\t\t\t<span class=\"elementor-icon-list-icon\">\n\t\t\t\t\t\t\t<i aria-hidden=\"true\" class=\"fas fa-check-circle\"><\/i>\t\t\t\t\t\t<\/span>\n\t\t\t\t\t\t\t\t\t\t<span class=\"elementor-icon-list-text\">D\u00e9tecteurs de fum\u00e9e, humidit\u00e9, eau, temp\u00e9rature<\/span>\n\t\t\t\t\t\t\t\t\t<\/li>\n\t\t\t\t\t\t\t\t<li class=\"elementor-icon-list-item\">\n\t\t\t\t\t\t\t\t\t\t\t<span class=\"elementor-icon-list-icon\">\n\t\t\t\t\t\t\t<i aria-hidden=\"true\" class=\"fas fa-check-circle\"><\/i>\t\t\t\t\t\t<\/span>\n\t\t\t\t\t\t\t\t\t\t<span class=\"elementor-icon-list-text\">Firewall redondant avec nombre suffisants de sous-r\u00e9seaux configurables<\/span>\n\t\t\t\t\t\t\t\t\t<\/li>\n\t\t\t\t\t\t<\/ul>\n\t\t\t\t\t\t<\/div>\n\t\t\t\t<\/div>\n\t\t\t\t\t<\/div>\n\t\t<\/div>\n\t\t\t\t\t<\/div>\n\t\t<\/section>\n\t\t\t\t<\/div>\n\t\t","protected":false},"excerpt":{"rendered":"<p>Ici, votre serveur est en s\u00e9curit\u00e9 Le Swiss Digital Center de Sierre dispose d\u2019une salle d\u2019h\u00e9bergement de haut niveau, avec des espaces privatifs ou mutualis\u00e9s, r\u00e9pondant \u00e0 toutes les exigences: espace s\u00e9curis\u00e9, contr\u00f4le d\u2019acc\u00e8s, puissance \u00e9lectrique, firewall redondant, climatisation, syst\u00e8me de gestion d\u2019alertes, etc. Contactez-nous pour une visite \u00c9quipements et caract\u00e9ristiques Contr\u00f4le d\u2019acc\u00e8s principal Salle [&hellip;]<\/p>\n","protected":false},"author":1,"featured_media":8085,"parent":7366,"menu_order":6,"comment_status":"closed","ping_status":"closed","template":"","meta":{"_acf_changed":false,"footnotes":""},"class_list":["post-7373","page","type-page","status-publish","has-post-thumbnail","hentry"],"acf":[],"yoast_head":"<!-- This site is optimized with the Yoast SEO plugin v27.3 - https:\/\/yoast.com\/product\/yoast-seo-wordpress\/ -->\n<title>Data center et solutions d&#039;h\u00e9bergement &#8211; Swiss Digital Center<\/title>\n<meta name=\"robots\" content=\"index, follow, max-snippet:-1, max-image-preview:large, max-video-preview:-1\" \/>\n<link rel=\"canonical\" href=\"https:\/\/swissdigitalcenter.ch\/de\/dienstleistungen-fur-unternehmen\/data-center-et-solutions-dhebergement\/\" \/>\n<meta property=\"og:locale\" content=\"de_DE\" \/>\n<meta property=\"og:type\" content=\"article\" \/>\n<meta property=\"og:title\" content=\"Data center et solutions d&#039;h\u00e9bergement &#8211; Swiss Digital Center\" \/>\n<meta property=\"og:description\" content=\"Ici, votre serveur est en s\u00e9curit\u00e9 Le Swiss Digital Center de Sierre dispose d\u2019une salle d\u2019h\u00e9bergement de haut niveau, avec des espaces privatifs ou mutualis\u00e9s, r\u00e9pondant \u00e0 toutes les exigences: espace s\u00e9curis\u00e9, contr\u00f4le d\u2019acc\u00e8s, puissance \u00e9lectrique, firewall redondant, climatisation, syst\u00e8me de gestion d\u2019alertes, etc. Contactez-nous pour une visite \u00c9quipements et caract\u00e9ristiques Contr\u00f4le d\u2019acc\u00e8s principal Salle [&hellip;]\" \/>\n<meta property=\"og:url\" content=\"https:\/\/swissdigitalcenter.ch\/de\/dienstleistungen-fur-unternehmen\/data-center-et-solutions-dhebergement\/\" \/>\n<meta property=\"og:site_name\" content=\"Swiss Digital Center\" \/>\n<meta property=\"article:publisher\" content=\"https:\/\/www.facebook.com\/TechnoPoleDeSierre\" \/>\n<meta property=\"article:modified_time\" content=\"2022-05-24T09:21:03+00:00\" \/>\n<meta property=\"og:image\" content=\"https:\/\/swissdigitalcenter.ch\/wp-content\/uploads\/2022\/06\/20220600-SDC-756-1-scaled-e1655295297127.jpg\" \/>\n\t<meta property=\"og:image:width\" content=\"2560\" \/>\n\t<meta property=\"og:image:height\" content=\"1707\" \/>\n\t<meta property=\"og:image:type\" content=\"image\/jpeg\" \/>\n<meta name=\"twitter:card\" content=\"summary_large_image\" \/>\n<meta name=\"twitter:site\" content=\"@tpolesierre\" \/>\n<meta name=\"twitter:label1\" content=\"Gesch\u00e4tzte Lesezeit\" \/>\n\t<meta name=\"twitter:data1\" content=\"1\u00a0Minute\" \/>\n<script type=\"application\/ld+json\" class=\"yoast-schema-graph\">{\"@context\":\"https:\\\/\\\/schema.org\",\"@graph\":[{\"@type\":\"WebPage\",\"@id\":\"https:\\\/\\\/swissdigitalcenter.ch\\\/de\\\/dienstleistungen-fur-unternehmen\\\/data-center-et-solutions-dhebergement\\\/\",\"url\":\"https:\\\/\\\/swissdigitalcenter.ch\\\/de\\\/dienstleistungen-fur-unternehmen\\\/data-center-et-solutions-dhebergement\\\/\",\"name\":\"Data center et solutions d'h\u00e9bergement &#8211; Swiss Digital Center\",\"isPartOf\":{\"@id\":\"https:\\\/\\\/swissdigitalcenter.ch\\\/fr\\\/#website\"},\"primaryImageOfPage\":{\"@id\":\"https:\\\/\\\/swissdigitalcenter.ch\\\/de\\\/dienstleistungen-fur-unternehmen\\\/data-center-et-solutions-dhebergement\\\/#primaryimage\"},\"image\":{\"@id\":\"https:\\\/\\\/swissdigitalcenter.ch\\\/de\\\/dienstleistungen-fur-unternehmen\\\/data-center-et-solutions-dhebergement\\\/#primaryimage\"},\"thumbnailUrl\":\"https:\\\/\\\/swissdigitalcenter.ch\\\/wp-content\\\/uploads\\\/2022\\\/06\\\/20220600-SDC-756-1-scaled-e1655295297127.jpg\",\"datePublished\":\"2022-05-12T13:34:56+00:00\",\"dateModified\":\"2022-05-24T09:21:03+00:00\",\"breadcrumb\":{\"@id\":\"https:\\\/\\\/swissdigitalcenter.ch\\\/de\\\/dienstleistungen-fur-unternehmen\\\/data-center-et-solutions-dhebergement\\\/#breadcrumb\"},\"inLanguage\":\"de\",\"potentialAction\":[{\"@type\":\"ReadAction\",\"target\":[\"https:\\\/\\\/swissdigitalcenter.ch\\\/de\\\/dienstleistungen-fur-unternehmen\\\/data-center-et-solutions-dhebergement\\\/\"]}]},{\"@type\":\"ImageObject\",\"inLanguage\":\"de\",\"@id\":\"https:\\\/\\\/swissdigitalcenter.ch\\\/de\\\/dienstleistungen-fur-unternehmen\\\/data-center-et-solutions-dhebergement\\\/#primaryimage\",\"url\":\"https:\\\/\\\/swissdigitalcenter.ch\\\/wp-content\\\/uploads\\\/2022\\\/06\\\/20220600-SDC-756-1-scaled-e1655295297127.jpg\",\"contentUrl\":\"https:\\\/\\\/swissdigitalcenter.ch\\\/wp-content\\\/uploads\\\/2022\\\/06\\\/20220600-SDC-756-1-scaled-e1655295297127.jpg\",\"width\":2560,\"height\":1707},{\"@type\":\"BreadcrumbList\",\"@id\":\"https:\\\/\\\/swissdigitalcenter.ch\\\/de\\\/dienstleistungen-fur-unternehmen\\\/data-center-et-solutions-dhebergement\\\/#breadcrumb\",\"itemListElement\":[{\"@type\":\"ListItem\",\"position\":1,\"name\":\"Home\",\"item\":\"https:\\\/\\\/swissdigitalcenter.ch\\\/de\\\/\"},{\"@type\":\"ListItem\",\"position\":2,\"name\":\"Dienstleistungen f\u00fcr Unternehmen\",\"item\":\"https:\\\/\\\/swissdigitalcenter.ch\\\/de\\\/dienstleistungen-fur-unternehmen\\\/\"},{\"@type\":\"ListItem\",\"position\":3,\"name\":\"Data center et solutions d&#8217;h\u00e9bergement\"}]},{\"@type\":\"WebSite\",\"@id\":\"https:\\\/\\\/swissdigitalcenter.ch\\\/fr\\\/#website\",\"url\":\"https:\\\/\\\/swissdigitalcenter.ch\\\/fr\\\/\",\"name\":\"Swiss Digital Center\",\"description\":\"La digitalisation au c\u0153ur des Alpes\",\"publisher\":{\"@id\":\"https:\\\/\\\/swissdigitalcenter.ch\\\/fr\\\/#organization\"},\"potentialAction\":[{\"@type\":\"SearchAction\",\"target\":{\"@type\":\"EntryPoint\",\"urlTemplate\":\"https:\\\/\\\/swissdigitalcenter.ch\\\/fr\\\/?s={search_term_string}\"},\"query-input\":{\"@type\":\"PropertyValueSpecification\",\"valueRequired\":true,\"valueName\":\"search_term_string\"}}],\"inLanguage\":\"de\"},{\"@type\":\"Organization\",\"@id\":\"https:\\\/\\\/swissdigitalcenter.ch\\\/fr\\\/#organization\",\"name\":\"Swiss Digital Center\",\"url\":\"https:\\\/\\\/swissdigitalcenter.ch\\\/fr\\\/\",\"logo\":{\"@type\":\"ImageObject\",\"inLanguage\":\"de\",\"@id\":\"https:\\\/\\\/swissdigitalcenter.ch\\\/fr\\\/#\\\/schema\\\/logo\\\/image\\\/\",\"url\":\"https:\\\/\\\/swissdigitalcenter.ch\\\/wp-content\\\/uploads\\\/2020\\\/07\\\/favicon-1.png\",\"contentUrl\":\"https:\\\/\\\/swissdigitalcenter.ch\\\/wp-content\\\/uploads\\\/2020\\\/07\\\/favicon-1.png\",\"width\":512,\"height\":512,\"caption\":\"Swiss Digital Center\"},\"image\":{\"@id\":\"https:\\\/\\\/swissdigitalcenter.ch\\\/fr\\\/#\\\/schema\\\/logo\\\/image\\\/\"},\"sameAs\":[\"https:\\\/\\\/www.facebook.com\\\/TechnoPoleDeSierre\",\"https:\\\/\\\/x.com\\\/tpolesierre\"]}]}<\/script>\n<!-- \/ Yoast SEO plugin. -->","yoast_head_json":{"title":"Data center et solutions d'h\u00e9bergement &#8211; Swiss Digital Center","robots":{"index":"index","follow":"follow","max-snippet":"max-snippet:-1","max-image-preview":"max-image-preview:large","max-video-preview":"max-video-preview:-1"},"canonical":"https:\/\/swissdigitalcenter.ch\/de\/dienstleistungen-fur-unternehmen\/data-center-et-solutions-dhebergement\/","og_locale":"de_DE","og_type":"article","og_title":"Data center et solutions d'h\u00e9bergement &#8211; Swiss Digital Center","og_description":"Ici, votre serveur est en s\u00e9curit\u00e9 Le Swiss Digital Center de Sierre dispose d\u2019une salle d\u2019h\u00e9bergement de haut niveau, avec des espaces privatifs ou mutualis\u00e9s, r\u00e9pondant \u00e0 toutes les exigences: espace s\u00e9curis\u00e9, contr\u00f4le d\u2019acc\u00e8s, puissance \u00e9lectrique, firewall redondant, climatisation, syst\u00e8me de gestion d\u2019alertes, etc. Contactez-nous pour une visite \u00c9quipements et caract\u00e9ristiques Contr\u00f4le d\u2019acc\u00e8s principal Salle [&hellip;]","og_url":"https:\/\/swissdigitalcenter.ch\/de\/dienstleistungen-fur-unternehmen\/data-center-et-solutions-dhebergement\/","og_site_name":"Swiss Digital Center","article_publisher":"https:\/\/www.facebook.com\/TechnoPoleDeSierre","article_modified_time":"2022-05-24T09:21:03+00:00","og_image":[{"width":2560,"height":1707,"url":"https:\/\/swissdigitalcenter.ch\/wp-content\/uploads\/2022\/06\/20220600-SDC-756-1-scaled-e1655295297127.jpg","type":"image\/jpeg"}],"twitter_card":"summary_large_image","twitter_site":"@tpolesierre","twitter_misc":{"Gesch\u00e4tzte Lesezeit":"1\u00a0Minute"},"schema":{"@context":"https:\/\/schema.org","@graph":[{"@type":"WebPage","@id":"https:\/\/swissdigitalcenter.ch\/de\/dienstleistungen-fur-unternehmen\/data-center-et-solutions-dhebergement\/","url":"https:\/\/swissdigitalcenter.ch\/de\/dienstleistungen-fur-unternehmen\/data-center-et-solutions-dhebergement\/","name":"Data center et solutions d'h\u00e9bergement &#8211; Swiss Digital Center","isPartOf":{"@id":"https:\/\/swissdigitalcenter.ch\/fr\/#website"},"primaryImageOfPage":{"@id":"https:\/\/swissdigitalcenter.ch\/de\/dienstleistungen-fur-unternehmen\/data-center-et-solutions-dhebergement\/#primaryimage"},"image":{"@id":"https:\/\/swissdigitalcenter.ch\/de\/dienstleistungen-fur-unternehmen\/data-center-et-solutions-dhebergement\/#primaryimage"},"thumbnailUrl":"https:\/\/swissdigitalcenter.ch\/wp-content\/uploads\/2022\/06\/20220600-SDC-756-1-scaled-e1655295297127.jpg","datePublished":"2022-05-12T13:34:56+00:00","dateModified":"2022-05-24T09:21:03+00:00","breadcrumb":{"@id":"https:\/\/swissdigitalcenter.ch\/de\/dienstleistungen-fur-unternehmen\/data-center-et-solutions-dhebergement\/#breadcrumb"},"inLanguage":"de","potentialAction":[{"@type":"ReadAction","target":["https:\/\/swissdigitalcenter.ch\/de\/dienstleistungen-fur-unternehmen\/data-center-et-solutions-dhebergement\/"]}]},{"@type":"ImageObject","inLanguage":"de","@id":"https:\/\/swissdigitalcenter.ch\/de\/dienstleistungen-fur-unternehmen\/data-center-et-solutions-dhebergement\/#primaryimage","url":"https:\/\/swissdigitalcenter.ch\/wp-content\/uploads\/2022\/06\/20220600-SDC-756-1-scaled-e1655295297127.jpg","contentUrl":"https:\/\/swissdigitalcenter.ch\/wp-content\/uploads\/2022\/06\/20220600-SDC-756-1-scaled-e1655295297127.jpg","width":2560,"height":1707},{"@type":"BreadcrumbList","@id":"https:\/\/swissdigitalcenter.ch\/de\/dienstleistungen-fur-unternehmen\/data-center-et-solutions-dhebergement\/#breadcrumb","itemListElement":[{"@type":"ListItem","position":1,"name":"Home","item":"https:\/\/swissdigitalcenter.ch\/de\/"},{"@type":"ListItem","position":2,"name":"Dienstleistungen f\u00fcr Unternehmen","item":"https:\/\/swissdigitalcenter.ch\/de\/dienstleistungen-fur-unternehmen\/"},{"@type":"ListItem","position":3,"name":"Data center et solutions d&#8217;h\u00e9bergement"}]},{"@type":"WebSite","@id":"https:\/\/swissdigitalcenter.ch\/fr\/#website","url":"https:\/\/swissdigitalcenter.ch\/fr\/","name":"Swiss Digital Center","description":"La digitalisation au c\u0153ur des Alpes","publisher":{"@id":"https:\/\/swissdigitalcenter.ch\/fr\/#organization"},"potentialAction":[{"@type":"SearchAction","target":{"@type":"EntryPoint","urlTemplate":"https:\/\/swissdigitalcenter.ch\/fr\/?s={search_term_string}"},"query-input":{"@type":"PropertyValueSpecification","valueRequired":true,"valueName":"search_term_string"}}],"inLanguage":"de"},{"@type":"Organization","@id":"https:\/\/swissdigitalcenter.ch\/fr\/#organization","name":"Swiss Digital Center","url":"https:\/\/swissdigitalcenter.ch\/fr\/","logo":{"@type":"ImageObject","inLanguage":"de","@id":"https:\/\/swissdigitalcenter.ch\/fr\/#\/schema\/logo\/image\/","url":"https:\/\/swissdigitalcenter.ch\/wp-content\/uploads\/2020\/07\/favicon-1.png","contentUrl":"https:\/\/swissdigitalcenter.ch\/wp-content\/uploads\/2020\/07\/favicon-1.png","width":512,"height":512,"caption":"Swiss Digital Center"},"image":{"@id":"https:\/\/swissdigitalcenter.ch\/fr\/#\/schema\/logo\/image\/"},"sameAs":["https:\/\/www.facebook.com\/TechnoPoleDeSierre","https:\/\/x.com\/tpolesierre"]}]}},"_links":{"self":[{"href":"https:\/\/swissdigitalcenter.ch\/de\/wp-json\/wp\/v2\/pages\/7373","targetHints":{"allow":["GET"]}}],"collection":[{"href":"https:\/\/swissdigitalcenter.ch\/de\/wp-json\/wp\/v2\/pages"}],"about":[{"href":"https:\/\/swissdigitalcenter.ch\/de\/wp-json\/wp\/v2\/types\/page"}],"author":[{"embeddable":true,"href":"https:\/\/swissdigitalcenter.ch\/de\/wp-json\/wp\/v2\/users\/1"}],"replies":[{"embeddable":true,"href":"https:\/\/swissdigitalcenter.ch\/de\/wp-json\/wp\/v2\/comments?post=7373"}],"version-history":[{"count":1,"href":"https:\/\/swissdigitalcenter.ch\/de\/wp-json\/wp\/v2\/pages\/7373\/revisions"}],"predecessor-version":[{"id":7387,"href":"https:\/\/swissdigitalcenter.ch\/de\/wp-json\/wp\/v2\/pages\/7373\/revisions\/7387"}],"up":[{"embeddable":true,"href":"https:\/\/swissdigitalcenter.ch\/de\/wp-json\/wp\/v2\/pages\/7366"}],"wp:featuredmedia":[{"embeddable":true,"href":"https:\/\/swissdigitalcenter.ch\/de\/wp-json\/wp\/v2\/media\/8085"}],"wp:attachment":[{"href":"https:\/\/swissdigitalcenter.ch\/de\/wp-json\/wp\/v2\/media?parent=7373"}],"curies":[{"name":"wp","href":"https:\/\/api.w.org\/{rel}","templated":true}]}}