{"id":7375,"date":"2022-05-12T15:35:35","date_gmt":"2022-05-12T13:35:35","guid":{"rendered":"https:\/\/swissdigitalcenter.ch\/services-pour-entreprises\/fitness\/"},"modified":"2022-05-24T11:21:06","modified_gmt":"2022-05-24T09:21:06","slug":"fitness","status":"publish","type":"page","link":"https:\/\/swissdigitalcenter.ch\/de\/dienstleistungen-fur-unternehmen\/fitness\/","title":{"rendered":"Fitness"},"content":{"rendered":"\t\t<div data-elementor-type=\"wp-page\" data-elementor-id=\"7375\" class=\"elementor elementor-7375 elementor-6850\" data-elementor-post-type=\"page\">\n\t\t\t\t\t\t<section class=\"elementor-section elementor-top-section elementor-element elementor-element-34bc181f elementor-section-boxed elementor-section-height-default elementor-section-height-default\" data-id=\"34bc181f\" data-element_type=\"section\" data-e-type=\"section\">\n\t\t\t\t\t\t<div class=\"elementor-container elementor-column-gap-default\">\n\t\t\t\t\t<div class=\"elementor-column elementor-col-100 elementor-top-column elementor-element elementor-element-15c7bedf\" data-id=\"15c7bedf\" data-element_type=\"column\" data-e-type=\"column\">\n\t\t\t<div class=\"elementor-widget-wrap elementor-element-populated\">\n\t\t\t\t\t\t<div class=\"elementor-element elementor-element-4c119a14 elementor-widget elementor-widget-heading\" data-id=\"4c119a14\" data-element_type=\"widget\" data-e-type=\"widget\" data-widget_type=\"heading.default\">\n\t\t\t\t<div class=\"elementor-widget-container\">\n\t\t\t\t\t<h2 class=\"elementor-heading-title elementor-size-default\">Gardez la forme, m\u00eame au travail<\/h2>\t\t\t\t<\/div>\n\t\t\t\t<\/div>\n\t\t\t\t<div class=\"elementor-element elementor-element-4e420fe8 elementor-widget elementor-widget-text-editor\" data-id=\"4e420fe8\" data-element_type=\"widget\" data-e-type=\"widget\" data-widget_type=\"text-editor.default\">\n\t\t\t\t<div class=\"elementor-widget-container\">\n\t\t\t\t\t\t\t\t\t<p>Envie de se d\u00e9gourdir les jambes apr\u00e8s des heures de bureau ? Situ\u00e9 \u00e0 deux pas du lac de G\u00e9ronde et des berges du Rh\u00f4ne, le Swiss Digital Center donne un acc\u00e8s direct \u00e0 la nature pour des balades et sorties jogging.<\/p><p>Pour ceux qui pr\u00e9f\u00e8rent travailler leurs muscles sans s\u2019\u00e9loigner de leur place de travail, une salle de fitness est \u00e0 disposition. Les r\u00e9sidents peuvent profiter d\u2019une quinzaine de machines d\u2019entra\u00eenement, de vestiaires et de douches.<\/p><p>\u00a0<\/p>\t\t\t\t\t\t\t\t<\/div>\n\t\t\t\t<\/div>\n\t\t\t\t<div class=\"elementor-element elementor-element-a7a5727 elementor-widget elementor-widget-button\" data-id=\"a7a5727\" data-element_type=\"widget\" data-e-type=\"widget\" data-widget_type=\"button.default\">\n\t\t\t\t<div class=\"elementor-widget-container\">\n\t\t\t\t\t\t\t\t\t<div class=\"elementor-button-wrapper\">\n\t\t\t\t\t<a class=\"elementor-button elementor-button-link elementor-size-sm\" href=\"https:\/\/swissdigitalcenter.ch\/a-propos#contact\">\n\t\t\t\t\t\t<span class=\"elementor-button-content-wrapper\">\n\t\t\t\t\t\t\t\t\t<span class=\"elementor-button-text\">Contactez-nous pour une visite<\/span>\n\t\t\t\t\t<\/span>\n\t\t\t\t\t<\/a>\n\t\t\t\t<\/div>\n\t\t\t\t\t\t\t\t<\/div>\n\t\t\t\t<\/div>\n\t\t\t\t\t<\/div>\n\t\t<\/div>\n\t\t\t\t\t<\/div>\n\t\t<\/section>\n\t\t\t\t<\/div>\n\t\t","protected":false},"excerpt":{"rendered":"<p>Gardez la forme, m\u00eame au travail Envie de se d\u00e9gourdir les jambes apr\u00e8s des heures de bureau ? Situ\u00e9 \u00e0 deux pas du lac de G\u00e9ronde et des berges du Rh\u00f4ne, le Swiss Digital Center donne un acc\u00e8s direct \u00e0 la nature pour des balades et sorties jogging. Pour ceux qui pr\u00e9f\u00e8rent travailler leurs muscles [&hellip;]<\/p>\n","protected":false},"author":1,"featured_media":7771,"parent":7366,"menu_order":8,"comment_status":"closed","ping_status":"closed","template":"","meta":{"_acf_changed":false,"footnotes":""},"class_list":["post-7375","page","type-page","status-publish","has-post-thumbnail","hentry"],"acf":[],"yoast_head":"<!-- This site is optimized with the Yoast SEO plugin v27.3 - https:\/\/yoast.com\/product\/yoast-seo-wordpress\/ -->\n<title>Fitness &#8211; Swiss Digital Center<\/title>\n<meta name=\"robots\" content=\"index, follow, max-snippet:-1, max-image-preview:large, max-video-preview:-1\" \/>\n<link rel=\"canonical\" href=\"https:\/\/swissdigitalcenter.ch\/de\/dienstleistungen-fur-unternehmen\/fitness\/\" \/>\n<meta property=\"og:locale\" content=\"de_DE\" \/>\n<meta property=\"og:type\" content=\"article\" \/>\n<meta property=\"og:title\" content=\"Fitness &#8211; Swiss Digital Center\" \/>\n<meta property=\"og:description\" content=\"Gardez la forme, m\u00eame au travail Envie de se d\u00e9gourdir les jambes apr\u00e8s des heures de bureau ? Situ\u00e9 \u00e0 deux pas du lac de G\u00e9ronde et des berges du Rh\u00f4ne, le Swiss Digital Center donne un acc\u00e8s direct \u00e0 la nature pour des balades et sorties jogging. Pour ceux qui pr\u00e9f\u00e8rent travailler leurs muscles [&hellip;]\" \/>\n<meta property=\"og:url\" content=\"https:\/\/swissdigitalcenter.ch\/de\/dienstleistungen-fur-unternehmen\/fitness\/\" \/>\n<meta property=\"og:site_name\" content=\"Swiss Digital Center\" \/>\n<meta property=\"article:publisher\" content=\"https:\/\/www.facebook.com\/TechnoPoleDeSierre\" \/>\n<meta property=\"article:modified_time\" content=\"2022-05-24T09:21:06+00:00\" \/>\n<meta property=\"og:image\" content=\"https:\/\/swissdigitalcenter.ch\/wp-content\/uploads\/2022\/06\/20220600-SDC-454-scaled-e1655134312632.jpg\" \/>\n\t<meta property=\"og:image:width\" content=\"2560\" \/>\n\t<meta property=\"og:image:height\" content=\"1707\" \/>\n\t<meta property=\"og:image:type\" content=\"image\/jpeg\" \/>\n<meta name=\"twitter:card\" content=\"summary_large_image\" \/>\n<meta name=\"twitter:site\" content=\"@tpolesierre\" \/>\n<script type=\"application\/ld+json\" class=\"yoast-schema-graph\">{\"@context\":\"https:\\\/\\\/schema.org\",\"@graph\":[{\"@type\":\"WebPage\",\"@id\":\"https:\\\/\\\/swissdigitalcenter.ch\\\/de\\\/dienstleistungen-fur-unternehmen\\\/fitness\\\/\",\"url\":\"https:\\\/\\\/swissdigitalcenter.ch\\\/de\\\/dienstleistungen-fur-unternehmen\\\/fitness\\\/\",\"name\":\"Fitness &#8211; Swiss Digital Center\",\"isPartOf\":{\"@id\":\"https:\\\/\\\/swissdigitalcenter.ch\\\/fr\\\/#website\"},\"primaryImageOfPage\":{\"@id\":\"https:\\\/\\\/swissdigitalcenter.ch\\\/de\\\/dienstleistungen-fur-unternehmen\\\/fitness\\\/#primaryimage\"},\"image\":{\"@id\":\"https:\\\/\\\/swissdigitalcenter.ch\\\/de\\\/dienstleistungen-fur-unternehmen\\\/fitness\\\/#primaryimage\"},\"thumbnailUrl\":\"https:\\\/\\\/swissdigitalcenter.ch\\\/wp-content\\\/uploads\\\/2022\\\/06\\\/20220600-SDC-454-scaled-e1655134312632.jpg\",\"datePublished\":\"2022-05-12T13:35:35+00:00\",\"dateModified\":\"2022-05-24T09:21:06+00:00\",\"breadcrumb\":{\"@id\":\"https:\\\/\\\/swissdigitalcenter.ch\\\/de\\\/dienstleistungen-fur-unternehmen\\\/fitness\\\/#breadcrumb\"},\"inLanguage\":\"de\",\"potentialAction\":[{\"@type\":\"ReadAction\",\"target\":[\"https:\\\/\\\/swissdigitalcenter.ch\\\/de\\\/dienstleistungen-fur-unternehmen\\\/fitness\\\/\"]}]},{\"@type\":\"ImageObject\",\"inLanguage\":\"de\",\"@id\":\"https:\\\/\\\/swissdigitalcenter.ch\\\/de\\\/dienstleistungen-fur-unternehmen\\\/fitness\\\/#primaryimage\",\"url\":\"https:\\\/\\\/swissdigitalcenter.ch\\\/wp-content\\\/uploads\\\/2022\\\/06\\\/20220600-SDC-454-scaled-e1655134312632.jpg\",\"contentUrl\":\"https:\\\/\\\/swissdigitalcenter.ch\\\/wp-content\\\/uploads\\\/2022\\\/06\\\/20220600-SDC-454-scaled-e1655134312632.jpg\",\"width\":2560,\"height\":1707},{\"@type\":\"BreadcrumbList\",\"@id\":\"https:\\\/\\\/swissdigitalcenter.ch\\\/de\\\/dienstleistungen-fur-unternehmen\\\/fitness\\\/#breadcrumb\",\"itemListElement\":[{\"@type\":\"ListItem\",\"position\":1,\"name\":\"Home\",\"item\":\"https:\\\/\\\/swissdigitalcenter.ch\\\/de\\\/\"},{\"@type\":\"ListItem\",\"position\":2,\"name\":\"Dienstleistungen f\u00fcr Unternehmen\",\"item\":\"https:\\\/\\\/swissdigitalcenter.ch\\\/de\\\/dienstleistungen-fur-unternehmen\\\/\"},{\"@type\":\"ListItem\",\"position\":3,\"name\":\"Fitness\"}]},{\"@type\":\"WebSite\",\"@id\":\"https:\\\/\\\/swissdigitalcenter.ch\\\/fr\\\/#website\",\"url\":\"https:\\\/\\\/swissdigitalcenter.ch\\\/fr\\\/\",\"name\":\"Swiss Digital Center\",\"description\":\"La digitalisation au c\u0153ur des Alpes\",\"publisher\":{\"@id\":\"https:\\\/\\\/swissdigitalcenter.ch\\\/fr\\\/#organization\"},\"potentialAction\":[{\"@type\":\"SearchAction\",\"target\":{\"@type\":\"EntryPoint\",\"urlTemplate\":\"https:\\\/\\\/swissdigitalcenter.ch\\\/fr\\\/?s={search_term_string}\"},\"query-input\":{\"@type\":\"PropertyValueSpecification\",\"valueRequired\":true,\"valueName\":\"search_term_string\"}}],\"inLanguage\":\"de\"},{\"@type\":\"Organization\",\"@id\":\"https:\\\/\\\/swissdigitalcenter.ch\\\/fr\\\/#organization\",\"name\":\"Swiss Digital Center\",\"url\":\"https:\\\/\\\/swissdigitalcenter.ch\\\/fr\\\/\",\"logo\":{\"@type\":\"ImageObject\",\"inLanguage\":\"de\",\"@id\":\"https:\\\/\\\/swissdigitalcenter.ch\\\/fr\\\/#\\\/schema\\\/logo\\\/image\\\/\",\"url\":\"https:\\\/\\\/swissdigitalcenter.ch\\\/wp-content\\\/uploads\\\/2020\\\/07\\\/favicon-1.png\",\"contentUrl\":\"https:\\\/\\\/swissdigitalcenter.ch\\\/wp-content\\\/uploads\\\/2020\\\/07\\\/favicon-1.png\",\"width\":512,\"height\":512,\"caption\":\"Swiss Digital Center\"},\"image\":{\"@id\":\"https:\\\/\\\/swissdigitalcenter.ch\\\/fr\\\/#\\\/schema\\\/logo\\\/image\\\/\"},\"sameAs\":[\"https:\\\/\\\/www.facebook.com\\\/TechnoPoleDeSierre\",\"https:\\\/\\\/x.com\\\/tpolesierre\"]}]}<\/script>\n<!-- \/ Yoast SEO plugin. -->","yoast_head_json":{"title":"Fitness &#8211; Swiss Digital Center","robots":{"index":"index","follow":"follow","max-snippet":"max-snippet:-1","max-image-preview":"max-image-preview:large","max-video-preview":"max-video-preview:-1"},"canonical":"https:\/\/swissdigitalcenter.ch\/de\/dienstleistungen-fur-unternehmen\/fitness\/","og_locale":"de_DE","og_type":"article","og_title":"Fitness &#8211; Swiss Digital Center","og_description":"Gardez la forme, m\u00eame au travail Envie de se d\u00e9gourdir les jambes apr\u00e8s des heures de bureau ? Situ\u00e9 \u00e0 deux pas du lac de G\u00e9ronde et des berges du Rh\u00f4ne, le Swiss Digital Center donne un acc\u00e8s direct \u00e0 la nature pour des balades et sorties jogging. Pour ceux qui pr\u00e9f\u00e8rent travailler leurs muscles [&hellip;]","og_url":"https:\/\/swissdigitalcenter.ch\/de\/dienstleistungen-fur-unternehmen\/fitness\/","og_site_name":"Swiss Digital Center","article_publisher":"https:\/\/www.facebook.com\/TechnoPoleDeSierre","article_modified_time":"2022-05-24T09:21:06+00:00","og_image":[{"width":2560,"height":1707,"url":"https:\/\/swissdigitalcenter.ch\/wp-content\/uploads\/2022\/06\/20220600-SDC-454-scaled-e1655134312632.jpg","type":"image\/jpeg"}],"twitter_card":"summary_large_image","twitter_site":"@tpolesierre","schema":{"@context":"https:\/\/schema.org","@graph":[{"@type":"WebPage","@id":"https:\/\/swissdigitalcenter.ch\/de\/dienstleistungen-fur-unternehmen\/fitness\/","url":"https:\/\/swissdigitalcenter.ch\/de\/dienstleistungen-fur-unternehmen\/fitness\/","name":"Fitness &#8211; Swiss Digital Center","isPartOf":{"@id":"https:\/\/swissdigitalcenter.ch\/fr\/#website"},"primaryImageOfPage":{"@id":"https:\/\/swissdigitalcenter.ch\/de\/dienstleistungen-fur-unternehmen\/fitness\/#primaryimage"},"image":{"@id":"https:\/\/swissdigitalcenter.ch\/de\/dienstleistungen-fur-unternehmen\/fitness\/#primaryimage"},"thumbnailUrl":"https:\/\/swissdigitalcenter.ch\/wp-content\/uploads\/2022\/06\/20220600-SDC-454-scaled-e1655134312632.jpg","datePublished":"2022-05-12T13:35:35+00:00","dateModified":"2022-05-24T09:21:06+00:00","breadcrumb":{"@id":"https:\/\/swissdigitalcenter.ch\/de\/dienstleistungen-fur-unternehmen\/fitness\/#breadcrumb"},"inLanguage":"de","potentialAction":[{"@type":"ReadAction","target":["https:\/\/swissdigitalcenter.ch\/de\/dienstleistungen-fur-unternehmen\/fitness\/"]}]},{"@type":"ImageObject","inLanguage":"de","@id":"https:\/\/swissdigitalcenter.ch\/de\/dienstleistungen-fur-unternehmen\/fitness\/#primaryimage","url":"https:\/\/swissdigitalcenter.ch\/wp-content\/uploads\/2022\/06\/20220600-SDC-454-scaled-e1655134312632.jpg","contentUrl":"https:\/\/swissdigitalcenter.ch\/wp-content\/uploads\/2022\/06\/20220600-SDC-454-scaled-e1655134312632.jpg","width":2560,"height":1707},{"@type":"BreadcrumbList","@id":"https:\/\/swissdigitalcenter.ch\/de\/dienstleistungen-fur-unternehmen\/fitness\/#breadcrumb","itemListElement":[{"@type":"ListItem","position":1,"name":"Home","item":"https:\/\/swissdigitalcenter.ch\/de\/"},{"@type":"ListItem","position":2,"name":"Dienstleistungen f\u00fcr Unternehmen","item":"https:\/\/swissdigitalcenter.ch\/de\/dienstleistungen-fur-unternehmen\/"},{"@type":"ListItem","position":3,"name":"Fitness"}]},{"@type":"WebSite","@id":"https:\/\/swissdigitalcenter.ch\/fr\/#website","url":"https:\/\/swissdigitalcenter.ch\/fr\/","name":"Swiss Digital Center","description":"La digitalisation au c\u0153ur des Alpes","publisher":{"@id":"https:\/\/swissdigitalcenter.ch\/fr\/#organization"},"potentialAction":[{"@type":"SearchAction","target":{"@type":"EntryPoint","urlTemplate":"https:\/\/swissdigitalcenter.ch\/fr\/?s={search_term_string}"},"query-input":{"@type":"PropertyValueSpecification","valueRequired":true,"valueName":"search_term_string"}}],"inLanguage":"de"},{"@type":"Organization","@id":"https:\/\/swissdigitalcenter.ch\/fr\/#organization","name":"Swiss Digital Center","url":"https:\/\/swissdigitalcenter.ch\/fr\/","logo":{"@type":"ImageObject","inLanguage":"de","@id":"https:\/\/swissdigitalcenter.ch\/fr\/#\/schema\/logo\/image\/","url":"https:\/\/swissdigitalcenter.ch\/wp-content\/uploads\/2020\/07\/favicon-1.png","contentUrl":"https:\/\/swissdigitalcenter.ch\/wp-content\/uploads\/2020\/07\/favicon-1.png","width":512,"height":512,"caption":"Swiss Digital Center"},"image":{"@id":"https:\/\/swissdigitalcenter.ch\/fr\/#\/schema\/logo\/image\/"},"sameAs":["https:\/\/www.facebook.com\/TechnoPoleDeSierre","https:\/\/x.com\/tpolesierre"]}]}},"_links":{"self":[{"href":"https:\/\/swissdigitalcenter.ch\/de\/wp-json\/wp\/v2\/pages\/7375","targetHints":{"allow":["GET"]}}],"collection":[{"href":"https:\/\/swissdigitalcenter.ch\/de\/wp-json\/wp\/v2\/pages"}],"about":[{"href":"https:\/\/swissdigitalcenter.ch\/de\/wp-json\/wp\/v2\/types\/page"}],"author":[{"embeddable":true,"href":"https:\/\/swissdigitalcenter.ch\/de\/wp-json\/wp\/v2\/users\/1"}],"replies":[{"embeddable":true,"href":"https:\/\/swissdigitalcenter.ch\/de\/wp-json\/wp\/v2\/comments?post=7375"}],"version-history":[{"count":1,"href":"https:\/\/swissdigitalcenter.ch\/de\/wp-json\/wp\/v2\/pages\/7375\/revisions"}],"predecessor-version":[{"id":7389,"href":"https:\/\/swissdigitalcenter.ch\/de\/wp-json\/wp\/v2\/pages\/7375\/revisions\/7389"}],"up":[{"embeddable":true,"href":"https:\/\/swissdigitalcenter.ch\/de\/wp-json\/wp\/v2\/pages\/7366"}],"wp:featuredmedia":[{"embeddable":true,"href":"https:\/\/swissdigitalcenter.ch\/de\/wp-json\/wp\/v2\/media\/7771"}],"wp:attachment":[{"href":"https:\/\/swissdigitalcenter.ch\/de\/wp-json\/wp\/v2\/media?parent=7375"}],"curies":[{"name":"wp","href":"https:\/\/api.w.org\/{rel}","templated":true}]}}