{"id":14677,"date":"2025-06-02T13:31:27","date_gmt":"2025-06-02T11:31:27","guid":{"rendered":"https:\/\/swissdigitalcenter.ch\/?page_id=14677"},"modified":"2025-06-02T13:49:58","modified_gmt":"2025-06-02T11:49:58","slug":"outils-pratiques-pour-les-pme","status":"publish","type":"page","link":"https:\/\/swissdigitalcenter.ch\/fr\/outils-pratiques-pour-les-pme\/","title":{"rendered":"Outils pratiques pour les PME"},"content":{"rendered":"\t\t<div data-elementor-type=\"wp-page\" data-elementor-id=\"14677\" class=\"elementor elementor-14677\" data-elementor-post-type=\"page\">\n\t\t\t\t<div class=\"elementor-element elementor-element-30052b8 e-flex e-con-boxed e-con e-parent\" data-id=\"30052b8\" data-element_type=\"container\" data-e-type=\"container\">\n\t\t\t\t\t<div class=\"e-con-inner\">\n\t\t\t\t<div class=\"elementor-element elementor-element-07781d1 elementor-widget elementor-widget-text-editor\" data-id=\"07781d1\" data-element_type=\"widget\" data-e-type=\"widget\" data-widget_type=\"text-editor.default\">\n\t\t\t\t<div class=\"elementor-widget-container\">\n\t\t\t\t\t\t\t\t\t<p>Le Swiss Digital Center, avec l\u2019aide de ses partenaires, est au service de la transition digitale dans les PME. Pour ce faire, il a mis en place des outils pratiques et gratuits, afin de leur faciliter la vie au quotidien. <br \/>D\u00e9couvrez-les ci-dessous.<\/p>\t\t\t\t\t\t\t\t<\/div>\n\t\t\t\t<\/div>\n\t\t\t\t<div class=\"elementor-element elementor-element-05b8af4 elementor-widget elementor-widget-image\" data-id=\"05b8af4\" data-element_type=\"widget\" data-e-type=\"widget\" data-widget_type=\"image.default\">\n\t\t\t\t<div class=\"elementor-widget-container\">\n\t\t\t\t\t\t\t\t\t\t\t\t\t\t\t<img decoding=\"async\" src=\"https:\/\/swissdigitalcenter.ch\/wp-content\/uploads\/elementor\/thumbs\/md_banner_2.daf2229b-scaled-r6pq8jpkq0m7lm90kcljm2n3d15onbgf5lo3u4chmo.png\" title=\"md_banner_2.daf2229b\" alt=\"md_banner_2.daf2229b\" loading=\"lazy\" \/>\t\t\t\t\t\t\t\t\t\t\t\t\t\t\t<\/div>\n\t\t\t\t<\/div>\n\t\t\t\t<div class=\"elementor-element elementor-element-fc86851 elementor-widget elementor-widget-text-editor\" data-id=\"fc86851\" data-element_type=\"widget\" data-e-type=\"widget\" data-widget_type=\"text-editor.default\">\n\t\t\t\t<div class=\"elementor-widget-container\">\n\t\t\t\t\t\t\t\t\t<h3>Evaluer la maturit\u00e9 digitale de ma PME<\/h3><p>Pour une PME, comprendre son niveau de maturit\u00e9 digitale est une \u00e9tape cruciale pour identifier les forces, les opportunit\u00e9s et les d\u00e9veloppements prioritaires \u00e0 mettre en place. C&rsquo;est pourquoi la HES-SO Valais\/Wallis, en collaboration avec le Swiss Digital Center, a d\u00e9velopp\u00e9 un outil d&rsquo;autodiagnostic gratuit et personnalis\u00e9.<\/p>\t\t\t\t\t\t\t\t<\/div>\n\t\t\t\t<\/div>\n\t\t\t\t<div class=\"elementor-element elementor-element-c904ea6 elementor-align-center elementor-widget elementor-widget-button\" data-id=\"c904ea6\" data-element_type=\"widget\" data-e-type=\"widget\" data-widget_type=\"button.default\">\n\t\t\t\t<div class=\"elementor-widget-container\">\n\t\t\t\t\t\t\t\t\t<div class=\"elementor-button-wrapper\">\n\t\t\t\t\t<a class=\"elementor-button elementor-button-link elementor-size-sm\" href=\"http:\/\/pme.swissdigitalcenter.ch\" target=\"_blank\">\n\t\t\t\t\t\t<span class=\"elementor-button-content-wrapper\">\n\t\t\t\t\t\t\t\t\t<span class=\"elementor-button-text\">Je teste la maturit\u00e9 de ma PME <\/span>\n\t\t\t\t\t<\/span>\n\t\t\t\t\t<\/a>\n\t\t\t\t<\/div>\n\t\t\t\t\t\t\t\t<\/div>\n\t\t\t\t<\/div>\n\t\t\t\t<div class=\"elementor-element elementor-element-763497e elementor-widget elementor-widget-spacer\" data-id=\"763497e\" data-element_type=\"widget\" data-e-type=\"widget\" data-widget_type=\"spacer.default\">\n\t\t\t\t<div class=\"elementor-widget-container\">\n\t\t\t\t\t\t\t<div class=\"elementor-spacer\">\n\t\t\t<div class=\"elementor-spacer-inner\"><\/div>\n\t\t<\/div>\n\t\t\t\t\t\t<\/div>\n\t\t\t\t<\/div>\n\t\t\t\t<div class=\"elementor-element elementor-element-6746eb0 elementor-widget elementor-widget-image\" data-id=\"6746eb0\" data-element_type=\"widget\" data-e-type=\"widget\" data-widget_type=\"image.default\">\n\t\t\t\t<div class=\"elementor-widget-container\">\n\t\t\t\t\t\t\t\t\t\t\t\t\t\t\t<img decoding=\"async\" src=\"https:\/\/swissdigitalcenter.ch\/wp-content\/uploads\/elementor\/thumbs\/master-ia_intelligence-artificielle-scaled-r6f0qq270sx7t2kab31brldl8l6mfogi4r3da74u2o.jpg\" title=\"master ia_intelligence artificielle\" alt=\"master ia_intelligence artificielle\" loading=\"lazy\" \/>\t\t\t\t\t\t\t\t\t\t\t\t\t\t\t<\/div>\n\t\t\t\t<\/div>\n\t\t\t\t<div class=\"elementor-element elementor-element-6f248f6 elementor-widget elementor-widget-text-editor\" data-id=\"6f248f6\" data-element_type=\"widget\" data-e-type=\"widget\" data-widget_type=\"text-editor.default\">\n\t\t\t\t<div class=\"elementor-widget-container\">\n\t\t\t\t\t\t\t\t\t<h3>Choisir le bon syst\u00e8me de gestion (ERP) pour ma PME<\/h3><p>La qu\u00eate d&rsquo;un syst\u00e8me ERP adapt\u00e9 est un d\u00e9fi pour de nombreuses entreprises. Pour r\u00e9pondre \u00e0 ce besoin, la HES-SO Valais-Wallis a d\u00e9velopp\u00e9 ERP Finder, une plateforme innovante. Ce nouvel outil gratuit simplifie le processus de s\u00e9lection d&rsquo;un syst\u00e8me de gestion d&rsquo;entreprise, tout en assurant une meilleure ad\u00e9quation avec les besoins sp\u00e9cifiques des PME. 75 solutions et plus de 240 int\u00e9grateurs r\u00e9f\u00e9renc\u00e9s<\/p>\t\t\t\t\t\t\t\t<\/div>\n\t\t\t\t<\/div>\n\t\t\t\t<div class=\"elementor-element elementor-element-1b88130 elementor-align-center elementor-widget elementor-widget-button\" data-id=\"1b88130\" data-element_type=\"widget\" data-e-type=\"widget\" data-widget_type=\"button.default\">\n\t\t\t\t<div class=\"elementor-widget-container\">\n\t\t\t\t\t\t\t\t\t<div class=\"elementor-button-wrapper\">\n\t\t\t\t\t<a class=\"elementor-button elementor-button-link elementor-size-sm\" href=\"https:\/\/swissdigitalcenter.ch\/fr\/erpfinder\">\n\t\t\t\t\t\t<span class=\"elementor-button-content-wrapper\">\n\t\t\t\t\t\t\t\t\t<span class=\"elementor-button-text\">Je choisis l\u2019ERP qui convient \u00e0 ma PME<\/span>\n\t\t\t\t\t<\/span>\n\t\t\t\t\t<\/a>\n\t\t\t\t<\/div>\n\t\t\t\t\t\t\t\t<\/div>\n\t\t\t\t<\/div>\n\t\t\t\t\t<\/div>\n\t\t\t\t<\/div>\n\t\t<div class=\"elementor-element elementor-element-62538b4 e-flex e-con-boxed e-con e-parent\" data-id=\"62538b4\" data-element_type=\"container\" data-e-type=\"container\">\n\t\t\t\t\t<div class=\"e-con-inner\">\n\t\t\t\t\t<\/div>\n\t\t\t\t<\/div>\n\t\t<div class=\"elementor-element elementor-element-832a761 e-flex e-con-boxed e-con e-parent\" data-id=\"832a761\" data-element_type=\"container\" data-e-type=\"container\">\n\t\t\t\t\t<div class=\"e-con-inner\">\n\t\t\t\t\t<\/div>\n\t\t\t\t<\/div>\n\t\t\t\t<\/div>\n\t\t","protected":false},"excerpt":{"rendered":"<p>Le Swiss Digital Center, avec l\u2019aide de ses partenaires, est au service de la transition digitale dans les PME. Pour ce faire, il a mis en place des outils pratiques et gratuits, afin de leur faciliter la vie au quotidien. D\u00e9couvrez-les ci-dessous. Evaluer la maturit\u00e9 digitale de ma PME Pour une PME, comprendre son niveau [&hellip;]<\/p>\n","protected":false},"author":13,"featured_media":14678,"parent":0,"menu_order":0,"comment_status":"closed","ping_status":"closed","template":"","meta":{"_acf_changed":false,"footnotes":""},"class_list":["post-14677","page","type-page","status-publish","has-post-thumbnail","hentry"],"acf":[],"yoast_head":"<!-- This site is optimized with the Yoast SEO plugin v27.3 - https:\/\/yoast.com\/product\/yoast-seo-wordpress\/ -->\n<title>Outils pratiques pour les PME &#8211; Swiss Digital Center<\/title>\n<meta name=\"description\" content=\"Le Swiss Digital Center, avec l\u2019aide de ses partenaires, est au service de la transition digitale dans les PME. Pour ce faire, il a mis en place des outils pratiques et gratuits, afin de leur faciliter la vie au quotidien.\" \/>\n<meta name=\"robots\" content=\"index, follow, max-snippet:-1, max-image-preview:large, max-video-preview:-1\" \/>\n<link rel=\"canonical\" href=\"https:\/\/swissdigitalcenter.ch\/fr\/outils-pratiques-pour-les-pme\/\" \/>\n<meta property=\"og:locale\" content=\"fr_FR\" \/>\n<meta property=\"og:type\" content=\"article\" \/>\n<meta property=\"og:title\" content=\"Nos outils utiles pour les PME\" \/>\n<meta property=\"og:description\" content=\"Le Swiss Digital Center, avec l\u2019aide de ses partenaires, est au service de la transition digitale dans les PME. Pour ce faire, il a mis en place des outils pratiques et gratuits, afin de leur faciliter la vie au quotidien.\" \/>\n<meta property=\"og:url\" content=\"https:\/\/swissdigitalcenter.ch\/fr\/outils-pratiques-pour-les-pme\/\" \/>\n<meta property=\"og:site_name\" content=\"Swiss Digital Center\" \/>\n<meta property=\"article:publisher\" content=\"https:\/\/www.facebook.com\/TechnoPoleDeSierre\" \/>\n<meta property=\"article:modified_time\" content=\"2025-06-02T11:49:58+00:00\" \/>\n<meta property=\"og:image\" content=\"https:\/\/swissdigitalcenter.ch\/wp-content\/uploads\/2025\/06\/john-FlPc9_VocJ4-unsplash-scaled.jpg\" \/>\n\t<meta property=\"og:image:width\" content=\"2560\" \/>\n\t<meta property=\"og:image:height\" content=\"1707\" \/>\n\t<meta property=\"og:image:type\" content=\"image\/jpeg\" \/>\n<meta name=\"twitter:card\" content=\"summary_large_image\" \/>\n<meta name=\"twitter:title\" content=\"Nos outils utiles pour les PME\" \/>\n<meta name=\"twitter:description\" content=\"Le Swiss Digital Center, avec l\u2019aide de ses partenaires, est au service de la transition digitale dans les PME. Pour ce faire, il a mis en place des outils pratiques et gratuits, afin de leur faciliter la vie au quotidien.\" \/>\n<meta name=\"twitter:image\" content=\"https:\/\/swissdigitalcenter.ch\/wp-content\/uploads\/2025\/06\/john-FlPc9_VocJ4-unsplash-scaled.jpg\" \/>\n<meta name=\"twitter:site\" content=\"@tpolesierre\" \/>\n<meta name=\"twitter:label1\" content=\"Dur\u00e9e de lecture estim\u00e9e\" \/>\n\t<meta name=\"twitter:data1\" content=\"2 minutes\" \/>\n<script type=\"application\/ld+json\" class=\"yoast-schema-graph\">{\"@context\":\"https:\\\/\\\/schema.org\",\"@graph\":[{\"@type\":\"WebPage\",\"@id\":\"https:\\\/\\\/swissdigitalcenter.ch\\\/fr\\\/outils-pratiques-pour-les-pme\\\/\",\"url\":\"https:\\\/\\\/swissdigitalcenter.ch\\\/fr\\\/outils-pratiques-pour-les-pme\\\/\",\"name\":\"Outils pratiques pour les PME &#8211; Swiss Digital Center\",\"isPartOf\":{\"@id\":\"https:\\\/\\\/swissdigitalcenter.ch\\\/fr\\\/#website\"},\"primaryImageOfPage\":{\"@id\":\"https:\\\/\\\/swissdigitalcenter.ch\\\/fr\\\/outils-pratiques-pour-les-pme\\\/#primaryimage\"},\"image\":{\"@id\":\"https:\\\/\\\/swissdigitalcenter.ch\\\/fr\\\/outils-pratiques-pour-les-pme\\\/#primaryimage\"},\"thumbnailUrl\":\"https:\\\/\\\/swissdigitalcenter.ch\\\/wp-content\\\/uploads\\\/2025\\\/06\\\/john-FlPc9_VocJ4-unsplash-scaled.jpg\",\"datePublished\":\"2025-06-02T11:31:27+00:00\",\"dateModified\":\"2025-06-02T11:49:58+00:00\",\"description\":\"Le Swiss Digital Center, avec l\u2019aide de ses partenaires, est au service de la transition digitale dans les PME. Pour ce faire, il a mis en place des outils pratiques et gratuits, afin de leur faciliter la vie au quotidien.\",\"breadcrumb\":{\"@id\":\"https:\\\/\\\/swissdigitalcenter.ch\\\/fr\\\/outils-pratiques-pour-les-pme\\\/#breadcrumb\"},\"inLanguage\":\"fr-FR\",\"potentialAction\":[{\"@type\":\"ReadAction\",\"target\":[\"https:\\\/\\\/swissdigitalcenter.ch\\\/fr\\\/outils-pratiques-pour-les-pme\\\/\"]}]},{\"@type\":\"ImageObject\",\"inLanguage\":\"fr-FR\",\"@id\":\"https:\\\/\\\/swissdigitalcenter.ch\\\/fr\\\/outils-pratiques-pour-les-pme\\\/#primaryimage\",\"url\":\"https:\\\/\\\/swissdigitalcenter.ch\\\/wp-content\\\/uploads\\\/2025\\\/06\\\/john-FlPc9_VocJ4-unsplash-scaled.jpg\",\"contentUrl\":\"https:\\\/\\\/swissdigitalcenter.ch\\\/wp-content\\\/uploads\\\/2025\\\/06\\\/john-FlPc9_VocJ4-unsplash-scaled.jpg\",\"width\":2560,\"height\":1707},{\"@type\":\"BreadcrumbList\",\"@id\":\"https:\\\/\\\/swissdigitalcenter.ch\\\/fr\\\/outils-pratiques-pour-les-pme\\\/#breadcrumb\",\"itemListElement\":[{\"@type\":\"ListItem\",\"position\":1,\"name\":\"Home\",\"item\":\"https:\\\/\\\/swissdigitalcenter.ch\\\/fr\\\/\"},{\"@type\":\"ListItem\",\"position\":2,\"name\":\"Outils pratiques pour les PME\"}]},{\"@type\":\"WebSite\",\"@id\":\"https:\\\/\\\/swissdigitalcenter.ch\\\/fr\\\/#website\",\"url\":\"https:\\\/\\\/swissdigitalcenter.ch\\\/fr\\\/\",\"name\":\"Swiss Digital Center\",\"description\":\"La digitalisation au c\u0153ur des Alpes\",\"publisher\":{\"@id\":\"https:\\\/\\\/swissdigitalcenter.ch\\\/fr\\\/#organization\"},\"potentialAction\":[{\"@type\":\"SearchAction\",\"target\":{\"@type\":\"EntryPoint\",\"urlTemplate\":\"https:\\\/\\\/swissdigitalcenter.ch\\\/fr\\\/?s={search_term_string}\"},\"query-input\":{\"@type\":\"PropertyValueSpecification\",\"valueRequired\":true,\"valueName\":\"search_term_string\"}}],\"inLanguage\":\"fr-FR\"},{\"@type\":\"Organization\",\"@id\":\"https:\\\/\\\/swissdigitalcenter.ch\\\/fr\\\/#organization\",\"name\":\"Swiss Digital Center\",\"url\":\"https:\\\/\\\/swissdigitalcenter.ch\\\/fr\\\/\",\"logo\":{\"@type\":\"ImageObject\",\"inLanguage\":\"fr-FR\",\"@id\":\"https:\\\/\\\/swissdigitalcenter.ch\\\/fr\\\/#\\\/schema\\\/logo\\\/image\\\/\",\"url\":\"https:\\\/\\\/swissdigitalcenter.ch\\\/wp-content\\\/uploads\\\/2020\\\/07\\\/favicon-1.png\",\"contentUrl\":\"https:\\\/\\\/swissdigitalcenter.ch\\\/wp-content\\\/uploads\\\/2020\\\/07\\\/favicon-1.png\",\"width\":512,\"height\":512,\"caption\":\"Swiss Digital Center\"},\"image\":{\"@id\":\"https:\\\/\\\/swissdigitalcenter.ch\\\/fr\\\/#\\\/schema\\\/logo\\\/image\\\/\"},\"sameAs\":[\"https:\\\/\\\/www.facebook.com\\\/TechnoPoleDeSierre\",\"https:\\\/\\\/x.com\\\/tpolesierre\"]}]}<\/script>\n<!-- \/ Yoast SEO plugin. -->","yoast_head_json":{"title":"Outils pratiques pour les PME &#8211; Swiss Digital Center","description":"Le Swiss Digital Center, avec l\u2019aide de ses partenaires, est au service de la transition digitale dans les PME. Pour ce faire, il a mis en place des outils pratiques et gratuits, afin de leur faciliter la vie au quotidien.","robots":{"index":"index","follow":"follow","max-snippet":"max-snippet:-1","max-image-preview":"max-image-preview:large","max-video-preview":"max-video-preview:-1"},"canonical":"https:\/\/swissdigitalcenter.ch\/fr\/outils-pratiques-pour-les-pme\/","og_locale":"fr_FR","og_type":"article","og_title":"Nos outils utiles pour les PME","og_description":"Le Swiss Digital Center, avec l\u2019aide de ses partenaires, est au service de la transition digitale dans les PME. Pour ce faire, il a mis en place des outils pratiques et gratuits, afin de leur faciliter la vie au quotidien.","og_url":"https:\/\/swissdigitalcenter.ch\/fr\/outils-pratiques-pour-les-pme\/","og_site_name":"Swiss Digital Center","article_publisher":"https:\/\/www.facebook.com\/TechnoPoleDeSierre","article_modified_time":"2025-06-02T11:49:58+00:00","og_image":[{"width":2560,"height":1707,"url":"https:\/\/swissdigitalcenter.ch\/wp-content\/uploads\/2025\/06\/john-FlPc9_VocJ4-unsplash-scaled.jpg","type":"image\/jpeg"}],"twitter_card":"summary_large_image","twitter_title":"Nos outils utiles pour les PME","twitter_description":"Le Swiss Digital Center, avec l\u2019aide de ses partenaires, est au service de la transition digitale dans les PME. Pour ce faire, il a mis en place des outils pratiques et gratuits, afin de leur faciliter la vie au quotidien.","twitter_image":"https:\/\/swissdigitalcenter.ch\/wp-content\/uploads\/2025\/06\/john-FlPc9_VocJ4-unsplash-scaled.jpg","twitter_site":"@tpolesierre","twitter_misc":{"Dur\u00e9e de lecture estim\u00e9e":"2 minutes"},"schema":{"@context":"https:\/\/schema.org","@graph":[{"@type":"WebPage","@id":"https:\/\/swissdigitalcenter.ch\/fr\/outils-pratiques-pour-les-pme\/","url":"https:\/\/swissdigitalcenter.ch\/fr\/outils-pratiques-pour-les-pme\/","name":"Outils pratiques pour les PME &#8211; Swiss Digital Center","isPartOf":{"@id":"https:\/\/swissdigitalcenter.ch\/fr\/#website"},"primaryImageOfPage":{"@id":"https:\/\/swissdigitalcenter.ch\/fr\/outils-pratiques-pour-les-pme\/#primaryimage"},"image":{"@id":"https:\/\/swissdigitalcenter.ch\/fr\/outils-pratiques-pour-les-pme\/#primaryimage"},"thumbnailUrl":"https:\/\/swissdigitalcenter.ch\/wp-content\/uploads\/2025\/06\/john-FlPc9_VocJ4-unsplash-scaled.jpg","datePublished":"2025-06-02T11:31:27+00:00","dateModified":"2025-06-02T11:49:58+00:00","description":"Le Swiss Digital Center, avec l\u2019aide de ses partenaires, est au service de la transition digitale dans les PME. Pour ce faire, il a mis en place des outils pratiques et gratuits, afin de leur faciliter la vie au quotidien.","breadcrumb":{"@id":"https:\/\/swissdigitalcenter.ch\/fr\/outils-pratiques-pour-les-pme\/#breadcrumb"},"inLanguage":"fr-FR","potentialAction":[{"@type":"ReadAction","target":["https:\/\/swissdigitalcenter.ch\/fr\/outils-pratiques-pour-les-pme\/"]}]},{"@type":"ImageObject","inLanguage":"fr-FR","@id":"https:\/\/swissdigitalcenter.ch\/fr\/outils-pratiques-pour-les-pme\/#primaryimage","url":"https:\/\/swissdigitalcenter.ch\/wp-content\/uploads\/2025\/06\/john-FlPc9_VocJ4-unsplash-scaled.jpg","contentUrl":"https:\/\/swissdigitalcenter.ch\/wp-content\/uploads\/2025\/06\/john-FlPc9_VocJ4-unsplash-scaled.jpg","width":2560,"height":1707},{"@type":"BreadcrumbList","@id":"https:\/\/swissdigitalcenter.ch\/fr\/outils-pratiques-pour-les-pme\/#breadcrumb","itemListElement":[{"@type":"ListItem","position":1,"name":"Home","item":"https:\/\/swissdigitalcenter.ch\/fr\/"},{"@type":"ListItem","position":2,"name":"Outils pratiques pour les PME"}]},{"@type":"WebSite","@id":"https:\/\/swissdigitalcenter.ch\/fr\/#website","url":"https:\/\/swissdigitalcenter.ch\/fr\/","name":"Swiss Digital Center","description":"La digitalisation au c\u0153ur des Alpes","publisher":{"@id":"https:\/\/swissdigitalcenter.ch\/fr\/#organization"},"potentialAction":[{"@type":"SearchAction","target":{"@type":"EntryPoint","urlTemplate":"https:\/\/swissdigitalcenter.ch\/fr\/?s={search_term_string}"},"query-input":{"@type":"PropertyValueSpecification","valueRequired":true,"valueName":"search_term_string"}}],"inLanguage":"fr-FR"},{"@type":"Organization","@id":"https:\/\/swissdigitalcenter.ch\/fr\/#organization","name":"Swiss Digital Center","url":"https:\/\/swissdigitalcenter.ch\/fr\/","logo":{"@type":"ImageObject","inLanguage":"fr-FR","@id":"https:\/\/swissdigitalcenter.ch\/fr\/#\/schema\/logo\/image\/","url":"https:\/\/swissdigitalcenter.ch\/wp-content\/uploads\/2020\/07\/favicon-1.png","contentUrl":"https:\/\/swissdigitalcenter.ch\/wp-content\/uploads\/2020\/07\/favicon-1.png","width":512,"height":512,"caption":"Swiss Digital Center"},"image":{"@id":"https:\/\/swissdigitalcenter.ch\/fr\/#\/schema\/logo\/image\/"},"sameAs":["https:\/\/www.facebook.com\/TechnoPoleDeSierre","https:\/\/x.com\/tpolesierre"]}]}},"_links":{"self":[{"href":"https:\/\/swissdigitalcenter.ch\/fr\/wp-json\/wp\/v2\/pages\/14677","targetHints":{"allow":["GET"]}}],"collection":[{"href":"https:\/\/swissdigitalcenter.ch\/fr\/wp-json\/wp\/v2\/pages"}],"about":[{"href":"https:\/\/swissdigitalcenter.ch\/fr\/wp-json\/wp\/v2\/types\/page"}],"author":[{"embeddable":true,"href":"https:\/\/swissdigitalcenter.ch\/fr\/wp-json\/wp\/v2\/users\/13"}],"replies":[{"embeddable":true,"href":"https:\/\/swissdigitalcenter.ch\/fr\/wp-json\/wp\/v2\/comments?post=14677"}],"version-history":[{"count":10,"href":"https:\/\/swissdigitalcenter.ch\/fr\/wp-json\/wp\/v2\/pages\/14677\/revisions"}],"predecessor-version":[{"id":14695,"href":"https:\/\/swissdigitalcenter.ch\/fr\/wp-json\/wp\/v2\/pages\/14677\/revisions\/14695"}],"wp:featuredmedia":[{"embeddable":true,"href":"https:\/\/swissdigitalcenter.ch\/fr\/wp-json\/wp\/v2\/media\/14678"}],"wp:attachment":[{"href":"https:\/\/swissdigitalcenter.ch\/fr\/wp-json\/wp\/v2\/media?parent=14677"}],"curies":[{"name":"wp","href":"https:\/\/api.w.org\/{rel}","templated":true}]}}