{"id":1679,"date":"2020-08-18T11:07:19","date_gmt":"2020-08-18T09:07:19","guid":{"rendered":"https:\/\/swissdigitalcenter.ch\/?page_id=1679"},"modified":"2022-06-22T15:09:35","modified_gmt":"2022-06-22T13:09:35","slug":"charte-de-protection-des-donnees","status":"publish","type":"page","link":"https:\/\/swissdigitalcenter.ch\/fr\/charte-de-protection-des-donnees\/","title":{"rendered":"Charte de protection des donn\u00e9es"},"content":{"rendered":"\t\t<div data-elementor-type=\"wp-page\" data-elementor-id=\"1679\" class=\"elementor elementor-1679\" data-elementor-post-type=\"page\">\n\t\t\t\t\t\t<section class=\"elementor-section elementor-top-section elementor-element elementor-element-5e4ea856 elementor-section-boxed elementor-section-height-default elementor-section-height-default\" data-id=\"5e4ea856\" data-element_type=\"section\" data-e-type=\"section\">\n\t\t\t\t\t\t<div class=\"elementor-container elementor-column-gap-default\">\n\t\t\t\t\t<div class=\"elementor-column elementor-col-100 elementor-top-column elementor-element elementor-element-61d29136\" data-id=\"61d29136\" data-element_type=\"column\" data-e-type=\"column\">\n\t\t\t<div class=\"elementor-widget-wrap elementor-element-populated\">\n\t\t\t\t\t\t<div class=\"elementor-element elementor-element-f204efc elementor-widget elementor-widget-heading\" data-id=\"f204efc\" data-element_type=\"widget\" data-e-type=\"widget\" data-widget_type=\"heading.default\">\n\t\t\t\t<div class=\"elementor-widget-container\">\n\t\t\t\t\t<h3 class=\"elementor-heading-title elementor-size-default\">Utilisation du site internet<\/h3>\t\t\t\t<\/div>\n\t\t\t\t<\/div>\n\t\t\t\t<div class=\"elementor-element elementor-element-2f3a7cf2 elementor-widget elementor-widget-text-editor\" data-id=\"2f3a7cf2\" data-element_type=\"widget\" data-e-type=\"widget\" data-widget_type=\"text-editor.default\">\n\t\t\t\t<div class=\"elementor-widget-container\">\n\t\t\t\t\t\t\t\t\t<p>Toute utilisation du pr\u00e9sent site web et des services propos\u00e9s par celui-ci (tels que newsletters) est soumise \u00e0 l\u2019acceptation pr\u00e9alable par l\u2019utilisateur des pr\u00e9sentes conditions g\u00e9n\u00e9rales.<\/p><p>L\u2019ensemble des \u00e9l\u00e9ments du pr\u00e9sent site web est prot\u00e9g\u00e9 par la l\u00e9gislation sur la propri\u00e9t\u00e9 intellectuelle et en particulier par celle relative au droit d\u2019auteur.<\/p><p>Aucune partie du pr\u00e9sent site, qu\u2019elle soit graphique, iconographique, textuelle, vid\u00e9ographique ou sonore, ne peut \u00eatre copi\u00e9e, republi\u00e9e, stock\u00e9e dans un syst\u00e8me de recherche et d\u2019extraction de donn\u00e9es ou encore reproduite, sous quelque forme et par quelque moyen que ce soit, sans l\u2019autorisation expresse du Swiss Digital Center.<\/p><p>Swiss Digital Center s\u2019efforce de donner des informations exactes et actualis\u00e9es sur son site. N\u00e9anmoins, elle ne peut garantir l\u2019exactitude, la fiabilit\u00e9 et l\u2019exhaustivit\u00e9 des informations qui y figurent ou auxquelles il est fait r\u00e9f\u00e9rence.<\/p><p>En outre, des d\u00e9faillances du syst\u00e8me telles que des interruptions, des attaques par des virus ou des pertes de donn\u00e9es ne peuvent pas \u00eatre exclues.<\/p><p>Enfin, le Swiss Digital Center se r\u00e9serve le droit de compl\u00e9ter, modifier ou supprimer son site web ainsi que les informations qui y sont publi\u00e9es en tout temps et sans avis pr\u00e9alable.<\/p>\t\t\t\t\t\t\t\t<\/div>\n\t\t\t\t<\/div>\n\t\t\t\t<div class=\"elementor-element elementor-element-72bb50e elementor-widget elementor-widget-heading\" data-id=\"72bb50e\" data-element_type=\"widget\" data-e-type=\"widget\" data-widget_type=\"heading.default\">\n\t\t\t\t<div class=\"elementor-widget-container\">\n\t\t\t\t\t<h3 class=\"elementor-heading-title elementor-size-default\">Statistiques de fr\u00e9quentation<\/h3>\t\t\t\t<\/div>\n\t\t\t\t<\/div>\n\t\t\t\t<div class=\"elementor-element elementor-element-e5129e7 elementor-widget elementor-widget-text-editor\" data-id=\"e5129e7\" data-element_type=\"widget\" data-e-type=\"widget\" data-widget_type=\"text-editor.default\">\n\t\t\t\t<div class=\"elementor-widget-container\">\n\t\t\t\t\t\t\t\t\t<p>Les acc\u00e8s aux pages du pr\u00e9sent site web sont enregistr\u00e9s \u00e0 des fins de statistique, d\u2019o\u00f9 il r\u00e9sulte des retours d\u2019information quant au comportement des utilisatrices et utilisateurs des sites. Ces statistiques sont relev\u00e9es de mani\u00e8re compl\u00e8tement anonyme. Le pr\u00e9sent site utilise Google Analytics pour analyser l\u2019audience du site, un service d\u2019analyse de site internet fourni gratuitement par Google Inc. (\u00ab Google \u00bb).<\/p><p>Google Analytics utilise des cookies, qui sont des fichiers texte plac\u00e9s sur l\u2019ordinateur, pour aider le site internet \u00e0 analyser l\u2019utilisation du site par ses utilisateurs. Les donn\u00e9es g\u00e9n\u00e9r\u00e9es par les cookies concernant l\u2019utilisation du site (y compris l\u2019adresse IP) sont transmises et stock\u00e9es sur des serveurs situ\u00e9s aux Etats-Unis. Il s\u2019agit de l\u2019adresse IP, de la provenance g\u00e9ographique, de la date de visite, de la dur\u00e9e de la visite, des pages consult\u00e9es et de l\u2019encha\u00eenement des pages. Cette information est utilis\u00e9e dans le but d\u2019\u00e9valuer l\u2019utilisation du site, de compiler des rapports sur l\u2019activit\u00e9 du site \u00e0 destination de son \u00e9diteur et de fournir d\u2019autres services relatifs \u00e0 l\u2019activit\u00e9 du site et \u00e0 l\u2019utilisation d\u2019Internet.<\/p><p>Google est susceptible de communiquer ces donn\u00e9es \u00e0 des tiers en cas d\u2019obligation l\u00e9gale ou lorsque ces tiers traitent ces donn\u00e9es pour leurs comptes, y compris notamment l\u2019\u00e9diteur de ce site. Ils ne recouperont pas l\u2019adresse IP avec toute autre donn\u00e9e d\u00e9tenue. L\u2019utilisation de cookies peut \u00eatre d\u00e9sactiv\u00e9e en s\u00e9lectionnant les param\u00e8tres appropri\u00e9s du navigateur. Cependant, une telle d\u00e9sactivation pourrait emp\u00eacher l\u2019utilisation de certaines fonctionnalit\u00e9s de ce site. Pour plus d&rsquo;informations, vous pouvez consulter les <a href=\"https:\/\/www.google.com\/analytics\/terms\/fr.html\" target=\"_blank\" rel=\"noopener\">conditions g\u00e9n\u00e9rales de Google Analytics<\/a>.<\/p>\t\t\t\t\t\t\t\t<\/div>\n\t\t\t\t<\/div>\n\t\t\t\t<div class=\"elementor-element elementor-element-0b1528d elementor-widget elementor-widget-heading\" data-id=\"0b1528d\" data-element_type=\"widget\" data-e-type=\"widget\" data-widget_type=\"heading.default\">\n\t\t\t\t<div class=\"elementor-widget-container\">\n\t\t\t\t\t<h3 class=\"elementor-heading-title elementor-size-default\">S\u00e9curit\u00e9 des donn\u00e9es<\/h3>\t\t\t\t<\/div>\n\t\t\t\t<\/div>\n\t\t\t\t<div class=\"elementor-element elementor-element-dd0e4fd elementor-widget elementor-widget-text-editor\" data-id=\"dd0e4fd\" data-element_type=\"widget\" data-e-type=\"widget\" data-widget_type=\"text-editor.default\">\n\t\t\t\t<div class=\"elementor-widget-container\">\n\t\t\t\t\t\t\t\t\t<p>Swiss Digital Center et son partenaire technique ont pris les mesures organisationnelles et techniques appropri\u00e9es afin d\u2019emp\u00eacher toute manipulation fortuite ou intentionnelle du pr\u00e9sent site web, ainsi que toute perte, destruction de donn\u00e9es ou acc\u00e8s non autoris\u00e9 lors de l\u2019utilisation de celui-ci.<\/p>\t\t\t\t\t\t\t\t<\/div>\n\t\t\t\t<\/div>\n\t\t\t\t<div class=\"elementor-element elementor-element-42dbada elementor-widget elementor-widget-heading\" data-id=\"42dbada\" data-element_type=\"widget\" data-e-type=\"widget\" data-widget_type=\"heading.default\">\n\t\t\t\t<div class=\"elementor-widget-container\">\n\t\t\t\t\t<h3 class=\"elementor-heading-title elementor-size-default\">Protection des donn\u00e9es personnelles<\/h3>\t\t\t\t<\/div>\n\t\t\t\t<\/div>\n\t\t\t\t<div class=\"elementor-element elementor-element-16e5877 elementor-widget elementor-widget-text-editor\" data-id=\"16e5877\" data-element_type=\"widget\" data-e-type=\"widget\" data-widget_type=\"text-editor.default\">\n\t\t\t\t<div class=\"elementor-widget-container\">\n\t\t\t\t\t\t\t\t\t<p>Des donn\u00e9es personnelles ne sont collect\u00e9es que lorsque l\u2019utilisateur les communique volontairement au Swiss Digital Center en remplissant un formulaire sur le site, notamment \u00e0 l\u2019occasion d\u2019une inscription.<\/p><p>Le Swiss Digital Center ne r\u00e9colte que les donn\u00e9es strictement n\u00e9cessaires \u00e0 la r\u00e9alisation de la prestation.<\/p><p>Ces donn\u00e9es seront utilis\u00e9es exclusivement pour le traitement et l\u2019ex\u00e9cution de la prestation ainsi que pour transmettre les invitations \u00e0 de futurs \u00e9v\u00e9nements ou newsletters (d\u00e9sabonnement possible \u00e0 tout moment en un clic). Si n\u00e9cessaire, elles pourront \u00eatre communiqu\u00e9es aux prestataires de service intervenant dans l\u2019ex\u00e9cution de la prestation. Les donn\u00e9es ainsi transmises ne pourront \u00eatre utilis\u00e9es que pour mener \u00e0 bien la prestation. Aucune autre utilisation n\u2019est autoris\u00e9e par des tiers autres que le Swiss Digital Center.<\/p><p>Pour tout renseignement compl\u00e9mentaire, veuillez contacter le Swiss Digital Center <a href=\"mailto:info@swissdigitalcenter.ch\" target=\"_blank\" rel=\"noopener\">par e-mail<\/a>.<\/p>\t\t\t\t\t\t\t\t<\/div>\n\t\t\t\t<\/div>\n\t\t\t\t\t<\/div>\n\t\t<\/div>\n\t\t\t\t\t<\/div>\n\t\t<\/section>\n\t\t\t\t<\/div>\n\t\t","protected":false},"excerpt":{"rendered":"<p>Utilisation du site internet Toute utilisation du pr\u00e9sent site web et des services propos\u00e9s par celui-ci (tels que newsletters) est soumise \u00e0 l\u2019acceptation pr\u00e9alable par l\u2019utilisateur des pr\u00e9sentes conditions g\u00e9n\u00e9rales. L\u2019ensemble des \u00e9l\u00e9ments du pr\u00e9sent site web est prot\u00e9g\u00e9 par la l\u00e9gislation sur la propri\u00e9t\u00e9 intellectuelle et en particulier par celle relative au droit d\u2019auteur. [&hellip;]<\/p>\n","protected":false},"author":1,"featured_media":0,"parent":0,"menu_order":0,"comment_status":"closed","ping_status":"closed","template":"","meta":{"_acf_changed":false,"footnotes":""},"class_list":["post-1679","page","type-page","status-publish","hentry"],"acf":[],"yoast_head":"<!-- This site is optimized with the Yoast SEO plugin v27.3 - https:\/\/yoast.com\/product\/yoast-seo-wordpress\/ -->\n<title>Charte de protection des donn\u00e9es &#8211; Swiss Digital Center<\/title>\n<meta name=\"description\" content=\"Toute utilisation du site web et des services propos\u00e9s est soumise \u00e0 l\u2019acceptation pr\u00e9alable des conditions g\u00e9n\u00e9rales.\" \/>\n<meta name=\"robots\" content=\"index, follow, max-snippet:-1, max-image-preview:large, max-video-preview:-1\" \/>\n<link rel=\"canonical\" href=\"https:\/\/swissdigitalcenter.ch\/fr\/charte-de-protection-des-donnees\/\" \/>\n<meta property=\"og:locale\" content=\"fr_FR\" \/>\n<meta property=\"og:type\" content=\"article\" \/>\n<meta property=\"og:title\" content=\"Charte de protection des donn\u00e9es &#8211; Swiss Digital Center\" \/>\n<meta property=\"og:description\" content=\"Toute utilisation du site web et des services propos\u00e9s est soumise \u00e0 l\u2019acceptation pr\u00e9alable des conditions g\u00e9n\u00e9rales.\" \/>\n<meta property=\"og:url\" content=\"https:\/\/swissdigitalcenter.ch\/fr\/charte-de-protection-des-donnees\/\" \/>\n<meta property=\"og:site_name\" content=\"Swiss Digital Center\" \/>\n<meta property=\"article:publisher\" content=\"https:\/\/www.facebook.com\/TechnoPoleDeSierre\" \/>\n<meta property=\"article:modified_time\" content=\"2022-06-22T13:09:35+00:00\" \/>\n<meta name=\"twitter:card\" content=\"summary_large_image\" \/>\n<meta name=\"twitter:site\" content=\"@tpolesierre\" \/>\n<meta name=\"twitter:label1\" content=\"Dur\u00e9e de lecture estim\u00e9e\" \/>\n\t<meta name=\"twitter:data1\" content=\"4 minutes\" \/>\n<script type=\"application\/ld+json\" class=\"yoast-schema-graph\">{\"@context\":\"https:\\\/\\\/schema.org\",\"@graph\":[{\"@type\":\"WebPage\",\"@id\":\"https:\\\/\\\/swissdigitalcenter.ch\\\/fr\\\/charte-de-protection-des-donnees\\\/\",\"url\":\"https:\\\/\\\/swissdigitalcenter.ch\\\/fr\\\/charte-de-protection-des-donnees\\\/\",\"name\":\"Charte de protection des donn\u00e9es &#8211; Swiss Digital Center\",\"isPartOf\":{\"@id\":\"https:\\\/\\\/swissdigitalcenter.ch\\\/fr\\\/#website\"},\"datePublished\":\"2020-08-18T09:07:19+00:00\",\"dateModified\":\"2022-06-22T13:09:35+00:00\",\"description\":\"Toute utilisation du site web et des services propos\u00e9s est soumise \u00e0 l\u2019acceptation pr\u00e9alable des conditions g\u00e9n\u00e9rales.\",\"breadcrumb\":{\"@id\":\"https:\\\/\\\/swissdigitalcenter.ch\\\/fr\\\/charte-de-protection-des-donnees\\\/#breadcrumb\"},\"inLanguage\":\"fr-FR\",\"potentialAction\":[{\"@type\":\"ReadAction\",\"target\":[\"https:\\\/\\\/swissdigitalcenter.ch\\\/fr\\\/charte-de-protection-des-donnees\\\/\"]}]},{\"@type\":\"BreadcrumbList\",\"@id\":\"https:\\\/\\\/swissdigitalcenter.ch\\\/fr\\\/charte-de-protection-des-donnees\\\/#breadcrumb\",\"itemListElement\":[{\"@type\":\"ListItem\",\"position\":1,\"name\":\"Home\",\"item\":\"https:\\\/\\\/swissdigitalcenter.ch\\\/fr\\\/\"},{\"@type\":\"ListItem\",\"position\":2,\"name\":\"Charte de protection des donn\u00e9es\"}]},{\"@type\":\"WebSite\",\"@id\":\"https:\\\/\\\/swissdigitalcenter.ch\\\/fr\\\/#website\",\"url\":\"https:\\\/\\\/swissdigitalcenter.ch\\\/fr\\\/\",\"name\":\"Swiss Digital Center\",\"description\":\"La digitalisation au c\u0153ur des Alpes\",\"publisher\":{\"@id\":\"https:\\\/\\\/swissdigitalcenter.ch\\\/fr\\\/#organization\"},\"potentialAction\":[{\"@type\":\"SearchAction\",\"target\":{\"@type\":\"EntryPoint\",\"urlTemplate\":\"https:\\\/\\\/swissdigitalcenter.ch\\\/fr\\\/?s={search_term_string}\"},\"query-input\":{\"@type\":\"PropertyValueSpecification\",\"valueRequired\":true,\"valueName\":\"search_term_string\"}}],\"inLanguage\":\"fr-FR\"},{\"@type\":\"Organization\",\"@id\":\"https:\\\/\\\/swissdigitalcenter.ch\\\/fr\\\/#organization\",\"name\":\"Swiss Digital Center\",\"url\":\"https:\\\/\\\/swissdigitalcenter.ch\\\/fr\\\/\",\"logo\":{\"@type\":\"ImageObject\",\"inLanguage\":\"fr-FR\",\"@id\":\"https:\\\/\\\/swissdigitalcenter.ch\\\/fr\\\/#\\\/schema\\\/logo\\\/image\\\/\",\"url\":\"https:\\\/\\\/swissdigitalcenter.ch\\\/wp-content\\\/uploads\\\/2020\\\/07\\\/favicon-1.png\",\"contentUrl\":\"https:\\\/\\\/swissdigitalcenter.ch\\\/wp-content\\\/uploads\\\/2020\\\/07\\\/favicon-1.png\",\"width\":512,\"height\":512,\"caption\":\"Swiss Digital Center\"},\"image\":{\"@id\":\"https:\\\/\\\/swissdigitalcenter.ch\\\/fr\\\/#\\\/schema\\\/logo\\\/image\\\/\"},\"sameAs\":[\"https:\\\/\\\/www.facebook.com\\\/TechnoPoleDeSierre\",\"https:\\\/\\\/x.com\\\/tpolesierre\"]}]}<\/script>\n<!-- \/ Yoast SEO plugin. -->","yoast_head_json":{"title":"Charte de protection des donn\u00e9es &#8211; Swiss Digital Center","description":"Toute utilisation du site web et des services propos\u00e9s est soumise \u00e0 l\u2019acceptation pr\u00e9alable des conditions g\u00e9n\u00e9rales.","robots":{"index":"index","follow":"follow","max-snippet":"max-snippet:-1","max-image-preview":"max-image-preview:large","max-video-preview":"max-video-preview:-1"},"canonical":"https:\/\/swissdigitalcenter.ch\/fr\/charte-de-protection-des-donnees\/","og_locale":"fr_FR","og_type":"article","og_title":"Charte de protection des donn\u00e9es &#8211; Swiss Digital Center","og_description":"Toute utilisation du site web et des services propos\u00e9s est soumise \u00e0 l\u2019acceptation pr\u00e9alable des conditions g\u00e9n\u00e9rales.","og_url":"https:\/\/swissdigitalcenter.ch\/fr\/charte-de-protection-des-donnees\/","og_site_name":"Swiss Digital Center","article_publisher":"https:\/\/www.facebook.com\/TechnoPoleDeSierre","article_modified_time":"2022-06-22T13:09:35+00:00","twitter_card":"summary_large_image","twitter_site":"@tpolesierre","twitter_misc":{"Dur\u00e9e de lecture estim\u00e9e":"4 minutes"},"schema":{"@context":"https:\/\/schema.org","@graph":[{"@type":"WebPage","@id":"https:\/\/swissdigitalcenter.ch\/fr\/charte-de-protection-des-donnees\/","url":"https:\/\/swissdigitalcenter.ch\/fr\/charte-de-protection-des-donnees\/","name":"Charte de protection des donn\u00e9es &#8211; Swiss Digital Center","isPartOf":{"@id":"https:\/\/swissdigitalcenter.ch\/fr\/#website"},"datePublished":"2020-08-18T09:07:19+00:00","dateModified":"2022-06-22T13:09:35+00:00","description":"Toute utilisation du site web et des services propos\u00e9s est soumise \u00e0 l\u2019acceptation pr\u00e9alable des conditions g\u00e9n\u00e9rales.","breadcrumb":{"@id":"https:\/\/swissdigitalcenter.ch\/fr\/charte-de-protection-des-donnees\/#breadcrumb"},"inLanguage":"fr-FR","potentialAction":[{"@type":"ReadAction","target":["https:\/\/swissdigitalcenter.ch\/fr\/charte-de-protection-des-donnees\/"]}]},{"@type":"BreadcrumbList","@id":"https:\/\/swissdigitalcenter.ch\/fr\/charte-de-protection-des-donnees\/#breadcrumb","itemListElement":[{"@type":"ListItem","position":1,"name":"Home","item":"https:\/\/swissdigitalcenter.ch\/fr\/"},{"@type":"ListItem","position":2,"name":"Charte de protection des donn\u00e9es"}]},{"@type":"WebSite","@id":"https:\/\/swissdigitalcenter.ch\/fr\/#website","url":"https:\/\/swissdigitalcenter.ch\/fr\/","name":"Swiss Digital Center","description":"La digitalisation au c\u0153ur des Alpes","publisher":{"@id":"https:\/\/swissdigitalcenter.ch\/fr\/#organization"},"potentialAction":[{"@type":"SearchAction","target":{"@type":"EntryPoint","urlTemplate":"https:\/\/swissdigitalcenter.ch\/fr\/?s={search_term_string}"},"query-input":{"@type":"PropertyValueSpecification","valueRequired":true,"valueName":"search_term_string"}}],"inLanguage":"fr-FR"},{"@type":"Organization","@id":"https:\/\/swissdigitalcenter.ch\/fr\/#organization","name":"Swiss Digital Center","url":"https:\/\/swissdigitalcenter.ch\/fr\/","logo":{"@type":"ImageObject","inLanguage":"fr-FR","@id":"https:\/\/swissdigitalcenter.ch\/fr\/#\/schema\/logo\/image\/","url":"https:\/\/swissdigitalcenter.ch\/wp-content\/uploads\/2020\/07\/favicon-1.png","contentUrl":"https:\/\/swissdigitalcenter.ch\/wp-content\/uploads\/2020\/07\/favicon-1.png","width":512,"height":512,"caption":"Swiss Digital Center"},"image":{"@id":"https:\/\/swissdigitalcenter.ch\/fr\/#\/schema\/logo\/image\/"},"sameAs":["https:\/\/www.facebook.com\/TechnoPoleDeSierre","https:\/\/x.com\/tpolesierre"]}]}},"_links":{"self":[{"href":"https:\/\/swissdigitalcenter.ch\/fr\/wp-json\/wp\/v2\/pages\/1679","targetHints":{"allow":["GET"]}}],"collection":[{"href":"https:\/\/swissdigitalcenter.ch\/fr\/wp-json\/wp\/v2\/pages"}],"about":[{"href":"https:\/\/swissdigitalcenter.ch\/fr\/wp-json\/wp\/v2\/types\/page"}],"author":[{"embeddable":true,"href":"https:\/\/swissdigitalcenter.ch\/fr\/wp-json\/wp\/v2\/users\/1"}],"replies":[{"embeddable":true,"href":"https:\/\/swissdigitalcenter.ch\/fr\/wp-json\/wp\/v2\/comments?post=1679"}],"version-history":[{"count":8,"href":"https:\/\/swissdigitalcenter.ch\/fr\/wp-json\/wp\/v2\/pages\/1679\/revisions"}],"predecessor-version":[{"id":8310,"href":"https:\/\/swissdigitalcenter.ch\/fr\/wp-json\/wp\/v2\/pages\/1679\/revisions\/8310"}],"wp:attachment":[{"href":"https:\/\/swissdigitalcenter.ch\/fr\/wp-json\/wp\/v2\/media?parent=1679"}],"curies":[{"name":"wp","href":"https:\/\/api.w.org\/{rel}","templated":true}]}}