{"id":6847,"date":"2022-05-12T15:35:17","date_gmt":"2022-05-12T13:35:17","guid":{"rendered":"https:\/\/swissdigitalcenter.ch\/?page_id=6847"},"modified":"2022-05-19T15:29:01","modified_gmt":"2022-05-19T13:29:01","slug":"business-corner","status":"publish","type":"page","link":"https:\/\/swissdigitalcenter.ch\/fr\/services-pour-entreprises\/business-corner\/","title":{"rendered":"Business Corner"},"content":{"rendered":"\t\t<div data-elementor-type=\"wp-page\" data-elementor-id=\"6847\" class=\"elementor elementor-6847\" data-elementor-post-type=\"page\">\n\t\t\t\t\t\t<section class=\"elementor-section elementor-top-section elementor-element elementor-element-18c819c4 elementor-section-boxed elementor-section-height-default elementor-section-height-default\" data-id=\"18c819c4\" data-element_type=\"section\" data-e-type=\"section\">\n\t\t\t\t\t\t<div class=\"elementor-container elementor-column-gap-default\">\n\t\t\t\t\t<div class=\"elementor-column elementor-col-100 elementor-top-column elementor-element elementor-element-2f0409f5\" data-id=\"2f0409f5\" data-element_type=\"column\" data-e-type=\"column\">\n\t\t\t<div class=\"elementor-widget-wrap elementor-element-populated\">\n\t\t\t\t\t\t<div class=\"elementor-element elementor-element-1c8a281 elementor-widget elementor-widget-heading\" data-id=\"1c8a281\" data-element_type=\"widget\" data-e-type=\"widget\" data-widget_type=\"heading.default\">\n\t\t\t\t<div class=\"elementor-widget-container\">\n\t\t\t\t\t<h2 class=\"elementor-heading-title elementor-size-default\">Une zone \u00e9quip\u00e9e pour imprimer, relier, perforer et plastifier<\/h2>\t\t\t\t<\/div>\n\t\t\t\t<\/div>\n\t\t\t\t<div class=\"elementor-element elementor-element-1713f545 elementor-widget elementor-widget-text-editor\" data-id=\"1713f545\" data-element_type=\"widget\" data-e-type=\"widget\" data-widget_type=\"text-editor.default\">\n\t\t\t\t<div class=\"elementor-widget-container\">\n\t\t\t\t\t\t\t\t\t<p>Le Swiss Digital Center met \u00e0 disposition de ses r\u00e9sidents deux business corners \u00e9quip\u00e9s de photocopieurs, machines \u00e0 relier, machine \u00e0 plastifier, perforatrices et massicots. Une machine \u00e0 affranchir est aussi disponible, ainsi qu&rsquo;une bo\u00eete \u00e0 lettres relev\u00e9e quotidiennement par la Poste.<\/p>\t\t\t\t\t\t\t\t<\/div>\n\t\t\t\t<\/div>\n\t\t\t\t<div class=\"elementor-element elementor-element-73ddeba elementor-widget elementor-widget-button\" data-id=\"73ddeba\" data-element_type=\"widget\" data-e-type=\"widget\" data-widget_type=\"button.default\">\n\t\t\t\t<div class=\"elementor-widget-container\">\n\t\t\t\t\t\t\t\t\t<div class=\"elementor-button-wrapper\">\n\t\t\t\t\t<a class=\"elementor-button elementor-button-link elementor-size-sm\" href=\"https:\/\/swissdigitalcenter.ch\/a-propos#contact\">\n\t\t\t\t\t\t<span class=\"elementor-button-content-wrapper\">\n\t\t\t\t\t\t\t\t\t<span class=\"elementor-button-text\">Contactez-nous pour une visite<\/span>\n\t\t\t\t\t<\/span>\n\t\t\t\t\t<\/a>\n\t\t\t\t<\/div>\n\t\t\t\t\t\t\t\t<\/div>\n\t\t\t\t<\/div>\n\t\t\t\t\t<\/div>\n\t\t<\/div>\n\t\t\t\t\t<\/div>\n\t\t<\/section>\n\t\t\t\t<\/div>\n\t\t","protected":false},"excerpt":{"rendered":"<p>Une zone \u00e9quip\u00e9e pour imprimer, relier, perforer et plastifier Le Swiss Digital Center met \u00e0 disposition de ses r\u00e9sidents deux business corners \u00e9quip\u00e9s de photocopieurs, machines \u00e0 relier, machine \u00e0 plastifier, perforatrices et massicots. Une machine \u00e0 affranchir est aussi disponible, ainsi qu&rsquo;une bo\u00eete \u00e0 lettres relev\u00e9e quotidiennement par la Poste. Contactez-nous pour une visite<\/p>\n","protected":false},"author":1,"featured_media":6923,"parent":6033,"menu_order":7,"comment_status":"closed","ping_status":"closed","template":"","meta":{"_acf_changed":false,"footnotes":""},"class_list":["post-6847","page","type-page","status-publish","has-post-thumbnail","hentry"],"acf":[],"yoast_head":"<!-- This site is optimized with the Yoast SEO plugin v27.3 - https:\/\/yoast.com\/product\/yoast-seo-wordpress\/ -->\n<title>Business Corner &#8211; Swiss Digital Center<\/title>\n<meta name=\"robots\" content=\"index, follow, max-snippet:-1, max-image-preview:large, max-video-preview:-1\" \/>\n<link rel=\"canonical\" href=\"https:\/\/swissdigitalcenter.ch\/fr\/services-pour-entreprises\/business-corner\/\" \/>\n<meta property=\"og:locale\" content=\"fr_FR\" \/>\n<meta property=\"og:type\" content=\"article\" \/>\n<meta property=\"og:title\" content=\"Business Corner &#8211; Swiss Digital Center\" \/>\n<meta property=\"og:description\" content=\"Une zone \u00e9quip\u00e9e pour imprimer, relier, perforer et plastifier Le Swiss Digital Center met \u00e0 disposition de ses r\u00e9sidents deux business corners \u00e9quip\u00e9s de photocopieurs, machines \u00e0 relier, machine \u00e0 plastifier, perforatrices et massicots. Une machine \u00e0 affranchir est aussi disponible, ainsi qu&rsquo;une bo\u00eete \u00e0 lettres relev\u00e9e quotidiennement par la Poste. Contactez-nous pour une visite\" \/>\n<meta property=\"og:url\" content=\"https:\/\/swissdigitalcenter.ch\/fr\/services-pour-entreprises\/business-corner\/\" \/>\n<meta property=\"og:site_name\" content=\"Swiss Digital Center\" \/>\n<meta property=\"article:publisher\" content=\"https:\/\/www.facebook.com\/TechnoPoleDeSierre\" \/>\n<meta property=\"article:modified_time\" content=\"2022-05-19T13:29:01+00:00\" \/>\n<meta property=\"og:image\" content=\"https:\/\/swissdigitalcenter.ch\/wp-content\/uploads\/2022\/05\/Business-Corner.jpg\" \/>\n\t<meta property=\"og:image:width\" content=\"1174\" \/>\n\t<meta property=\"og:image:height\" content=\"520\" \/>\n\t<meta property=\"og:image:type\" content=\"image\/jpeg\" \/>\n<meta name=\"twitter:card\" content=\"summary_large_image\" \/>\n<meta name=\"twitter:site\" content=\"@tpolesierre\" \/>\n<script type=\"application\/ld+json\" class=\"yoast-schema-graph\">{\"@context\":\"https:\\\/\\\/schema.org\",\"@graph\":[{\"@type\":\"WebPage\",\"@id\":\"https:\\\/\\\/swissdigitalcenter.ch\\\/fr\\\/services-pour-entreprises\\\/business-corner\\\/\",\"url\":\"https:\\\/\\\/swissdigitalcenter.ch\\\/fr\\\/services-pour-entreprises\\\/business-corner\\\/\",\"name\":\"Business Corner &#8211; Swiss Digital Center\",\"isPartOf\":{\"@id\":\"https:\\\/\\\/swissdigitalcenter.ch\\\/fr\\\/#website\"},\"primaryImageOfPage\":{\"@id\":\"https:\\\/\\\/swissdigitalcenter.ch\\\/fr\\\/services-pour-entreprises\\\/business-corner\\\/#primaryimage\"},\"image\":{\"@id\":\"https:\\\/\\\/swissdigitalcenter.ch\\\/fr\\\/services-pour-entreprises\\\/business-corner\\\/#primaryimage\"},\"thumbnailUrl\":\"https:\\\/\\\/swissdigitalcenter.ch\\\/wp-content\\\/uploads\\\/2022\\\/05\\\/Business-Corner.jpg\",\"datePublished\":\"2022-05-12T13:35:17+00:00\",\"dateModified\":\"2022-05-19T13:29:01+00:00\",\"breadcrumb\":{\"@id\":\"https:\\\/\\\/swissdigitalcenter.ch\\\/fr\\\/services-pour-entreprises\\\/business-corner\\\/#breadcrumb\"},\"inLanguage\":\"fr-FR\",\"potentialAction\":[{\"@type\":\"ReadAction\",\"target\":[\"https:\\\/\\\/swissdigitalcenter.ch\\\/fr\\\/services-pour-entreprises\\\/business-corner\\\/\"]}]},{\"@type\":\"ImageObject\",\"inLanguage\":\"fr-FR\",\"@id\":\"https:\\\/\\\/swissdigitalcenter.ch\\\/fr\\\/services-pour-entreprises\\\/business-corner\\\/#primaryimage\",\"url\":\"https:\\\/\\\/swissdigitalcenter.ch\\\/wp-content\\\/uploads\\\/2022\\\/05\\\/Business-Corner.jpg\",\"contentUrl\":\"https:\\\/\\\/swissdigitalcenter.ch\\\/wp-content\\\/uploads\\\/2022\\\/05\\\/Business-Corner.jpg\",\"width\":1174,\"height\":520},{\"@type\":\"BreadcrumbList\",\"@id\":\"https:\\\/\\\/swissdigitalcenter.ch\\\/fr\\\/services-pour-entreprises\\\/business-corner\\\/#breadcrumb\",\"itemListElement\":[{\"@type\":\"ListItem\",\"position\":1,\"name\":\"Home\",\"item\":\"https:\\\/\\\/swissdigitalcenter.ch\\\/fr\\\/\"},{\"@type\":\"ListItem\",\"position\":2,\"name\":\"Services pour entreprises\",\"item\":\"https:\\\/\\\/swissdigitalcenter.ch\\\/fr\\\/services-pour-entreprises\\\/\"},{\"@type\":\"ListItem\",\"position\":3,\"name\":\"Business Corner\"}]},{\"@type\":\"WebSite\",\"@id\":\"https:\\\/\\\/swissdigitalcenter.ch\\\/fr\\\/#website\",\"url\":\"https:\\\/\\\/swissdigitalcenter.ch\\\/fr\\\/\",\"name\":\"Swiss Digital Center\",\"description\":\"La digitalisation au c\u0153ur des Alpes\",\"publisher\":{\"@id\":\"https:\\\/\\\/swissdigitalcenter.ch\\\/fr\\\/#organization\"},\"potentialAction\":[{\"@type\":\"SearchAction\",\"target\":{\"@type\":\"EntryPoint\",\"urlTemplate\":\"https:\\\/\\\/swissdigitalcenter.ch\\\/fr\\\/?s={search_term_string}\"},\"query-input\":{\"@type\":\"PropertyValueSpecification\",\"valueRequired\":true,\"valueName\":\"search_term_string\"}}],\"inLanguage\":\"fr-FR\"},{\"@type\":\"Organization\",\"@id\":\"https:\\\/\\\/swissdigitalcenter.ch\\\/fr\\\/#organization\",\"name\":\"Swiss Digital Center\",\"url\":\"https:\\\/\\\/swissdigitalcenter.ch\\\/fr\\\/\",\"logo\":{\"@type\":\"ImageObject\",\"inLanguage\":\"fr-FR\",\"@id\":\"https:\\\/\\\/swissdigitalcenter.ch\\\/fr\\\/#\\\/schema\\\/logo\\\/image\\\/\",\"url\":\"https:\\\/\\\/swissdigitalcenter.ch\\\/wp-content\\\/uploads\\\/2020\\\/07\\\/favicon-1.png\",\"contentUrl\":\"https:\\\/\\\/swissdigitalcenter.ch\\\/wp-content\\\/uploads\\\/2020\\\/07\\\/favicon-1.png\",\"width\":512,\"height\":512,\"caption\":\"Swiss Digital Center\"},\"image\":{\"@id\":\"https:\\\/\\\/swissdigitalcenter.ch\\\/fr\\\/#\\\/schema\\\/logo\\\/image\\\/\"},\"sameAs\":[\"https:\\\/\\\/www.facebook.com\\\/TechnoPoleDeSierre\",\"https:\\\/\\\/x.com\\\/tpolesierre\"]}]}<\/script>\n<!-- \/ Yoast SEO plugin. -->","yoast_head_json":{"title":"Business Corner &#8211; Swiss Digital Center","robots":{"index":"index","follow":"follow","max-snippet":"max-snippet:-1","max-image-preview":"max-image-preview:large","max-video-preview":"max-video-preview:-1"},"canonical":"https:\/\/swissdigitalcenter.ch\/fr\/services-pour-entreprises\/business-corner\/","og_locale":"fr_FR","og_type":"article","og_title":"Business Corner &#8211; Swiss Digital Center","og_description":"Une zone \u00e9quip\u00e9e pour imprimer, relier, perforer et plastifier Le Swiss Digital Center met \u00e0 disposition de ses r\u00e9sidents deux business corners \u00e9quip\u00e9s de photocopieurs, machines \u00e0 relier, machine \u00e0 plastifier, perforatrices et massicots. Une machine \u00e0 affranchir est aussi disponible, ainsi qu&rsquo;une bo\u00eete \u00e0 lettres relev\u00e9e quotidiennement par la Poste. Contactez-nous pour une visite","og_url":"https:\/\/swissdigitalcenter.ch\/fr\/services-pour-entreprises\/business-corner\/","og_site_name":"Swiss Digital Center","article_publisher":"https:\/\/www.facebook.com\/TechnoPoleDeSierre","article_modified_time":"2022-05-19T13:29:01+00:00","og_image":[{"width":1174,"height":520,"url":"https:\/\/swissdigitalcenter.ch\/wp-content\/uploads\/2022\/05\/Business-Corner.jpg","type":"image\/jpeg"}],"twitter_card":"summary_large_image","twitter_site":"@tpolesierre","schema":{"@context":"https:\/\/schema.org","@graph":[{"@type":"WebPage","@id":"https:\/\/swissdigitalcenter.ch\/fr\/services-pour-entreprises\/business-corner\/","url":"https:\/\/swissdigitalcenter.ch\/fr\/services-pour-entreprises\/business-corner\/","name":"Business Corner &#8211; Swiss Digital Center","isPartOf":{"@id":"https:\/\/swissdigitalcenter.ch\/fr\/#website"},"primaryImageOfPage":{"@id":"https:\/\/swissdigitalcenter.ch\/fr\/services-pour-entreprises\/business-corner\/#primaryimage"},"image":{"@id":"https:\/\/swissdigitalcenter.ch\/fr\/services-pour-entreprises\/business-corner\/#primaryimage"},"thumbnailUrl":"https:\/\/swissdigitalcenter.ch\/wp-content\/uploads\/2022\/05\/Business-Corner.jpg","datePublished":"2022-05-12T13:35:17+00:00","dateModified":"2022-05-19T13:29:01+00:00","breadcrumb":{"@id":"https:\/\/swissdigitalcenter.ch\/fr\/services-pour-entreprises\/business-corner\/#breadcrumb"},"inLanguage":"fr-FR","potentialAction":[{"@type":"ReadAction","target":["https:\/\/swissdigitalcenter.ch\/fr\/services-pour-entreprises\/business-corner\/"]}]},{"@type":"ImageObject","inLanguage":"fr-FR","@id":"https:\/\/swissdigitalcenter.ch\/fr\/services-pour-entreprises\/business-corner\/#primaryimage","url":"https:\/\/swissdigitalcenter.ch\/wp-content\/uploads\/2022\/05\/Business-Corner.jpg","contentUrl":"https:\/\/swissdigitalcenter.ch\/wp-content\/uploads\/2022\/05\/Business-Corner.jpg","width":1174,"height":520},{"@type":"BreadcrumbList","@id":"https:\/\/swissdigitalcenter.ch\/fr\/services-pour-entreprises\/business-corner\/#breadcrumb","itemListElement":[{"@type":"ListItem","position":1,"name":"Home","item":"https:\/\/swissdigitalcenter.ch\/fr\/"},{"@type":"ListItem","position":2,"name":"Services pour entreprises","item":"https:\/\/swissdigitalcenter.ch\/fr\/services-pour-entreprises\/"},{"@type":"ListItem","position":3,"name":"Business Corner"}]},{"@type":"WebSite","@id":"https:\/\/swissdigitalcenter.ch\/fr\/#website","url":"https:\/\/swissdigitalcenter.ch\/fr\/","name":"Swiss Digital Center","description":"La digitalisation au c\u0153ur des Alpes","publisher":{"@id":"https:\/\/swissdigitalcenter.ch\/fr\/#organization"},"potentialAction":[{"@type":"SearchAction","target":{"@type":"EntryPoint","urlTemplate":"https:\/\/swissdigitalcenter.ch\/fr\/?s={search_term_string}"},"query-input":{"@type":"PropertyValueSpecification","valueRequired":true,"valueName":"search_term_string"}}],"inLanguage":"fr-FR"},{"@type":"Organization","@id":"https:\/\/swissdigitalcenter.ch\/fr\/#organization","name":"Swiss Digital Center","url":"https:\/\/swissdigitalcenter.ch\/fr\/","logo":{"@type":"ImageObject","inLanguage":"fr-FR","@id":"https:\/\/swissdigitalcenter.ch\/fr\/#\/schema\/logo\/image\/","url":"https:\/\/swissdigitalcenter.ch\/wp-content\/uploads\/2020\/07\/favicon-1.png","contentUrl":"https:\/\/swissdigitalcenter.ch\/wp-content\/uploads\/2020\/07\/favicon-1.png","width":512,"height":512,"caption":"Swiss Digital Center"},"image":{"@id":"https:\/\/swissdigitalcenter.ch\/fr\/#\/schema\/logo\/image\/"},"sameAs":["https:\/\/www.facebook.com\/TechnoPoleDeSierre","https:\/\/x.com\/tpolesierre"]}]}},"_links":{"self":[{"href":"https:\/\/swissdigitalcenter.ch\/fr\/wp-json\/wp\/v2\/pages\/6847","targetHints":{"allow":["GET"]}}],"collection":[{"href":"https:\/\/swissdigitalcenter.ch\/fr\/wp-json\/wp\/v2\/pages"}],"about":[{"href":"https:\/\/swissdigitalcenter.ch\/fr\/wp-json\/wp\/v2\/types\/page"}],"author":[{"embeddable":true,"href":"https:\/\/swissdigitalcenter.ch\/fr\/wp-json\/wp\/v2\/users\/1"}],"replies":[{"embeddable":true,"href":"https:\/\/swissdigitalcenter.ch\/fr\/wp-json\/wp\/v2\/comments?post=6847"}],"version-history":[{"count":13,"href":"https:\/\/swissdigitalcenter.ch\/fr\/wp-json\/wp\/v2\/pages\/6847\/revisions"}],"predecessor-version":[{"id":7160,"href":"https:\/\/swissdigitalcenter.ch\/fr\/wp-json\/wp\/v2\/pages\/6847\/revisions\/7160"}],"up":[{"embeddable":true,"href":"https:\/\/swissdigitalcenter.ch\/fr\/wp-json\/wp\/v2\/pages\/6033"}],"wp:featuredmedia":[{"embeddable":true,"href":"https:\/\/swissdigitalcenter.ch\/fr\/wp-json\/wp\/v2\/media\/6923"}],"wp:attachment":[{"href":"https:\/\/swissdigitalcenter.ch\/fr\/wp-json\/wp\/v2\/media?parent=6847"}],"curies":[{"name":"wp","href":"https:\/\/api.w.org\/{rel}","templated":true}]}}