{"id":7187,"date":"2022-05-23T15:47:57","date_gmt":"2022-05-23T13:47:57","guid":{"rendered":"https:\/\/swissdigitalcenter.ch\/?page_id=7187"},"modified":"2022-08-02T10:22:16","modified_gmt":"2022-08-02T08:22:16","slug":"digitalisation-en-valais","status":"publish","type":"page","link":"https:\/\/swissdigitalcenter.ch\/fr\/digitalisation-en-valais\/","title":{"rendered":"Digitalisation en Valais"},"content":{"rendered":"\t\t<div data-elementor-type=\"wp-page\" data-elementor-id=\"7187\" class=\"elementor elementor-7187\" data-elementor-post-type=\"page\">\n\t\t\t\t\t\t<section class=\"elementor-section elementor-top-section elementor-element elementor-element-42e3821f elementor-section-boxed elementor-section-height-default elementor-section-height-default\" data-id=\"42e3821f\" data-element_type=\"section\" data-e-type=\"section\">\n\t\t\t\t\t\t<div class=\"elementor-container elementor-column-gap-default\">\n\t\t\t\t\t<div class=\"elementor-column elementor-col-100 elementor-top-column elementor-element elementor-element-ee2b03b\" data-id=\"ee2b03b\" data-element_type=\"column\" data-e-type=\"column\">\n\t\t\t<div class=\"elementor-widget-wrap elementor-element-populated\">\n\t\t\t\t\t\t<div class=\"elementor-element elementor-element-3902546b elementor-widget elementor-widget-heading\" data-id=\"3902546b\" data-element_type=\"widget\" data-e-type=\"widget\" data-widget_type=\"heading.default\">\n\t\t\t\t<div class=\"elementor-widget-container\">\n\t\t\t\t\t<h2 class=\"elementor-heading-title elementor-size-default\">La digitalisation, c'est quoi ?<\/h2>\t\t\t\t<\/div>\n\t\t\t\t<\/div>\n\t\t\t\t<div class=\"elementor-element elementor-element-46b3f3b5 elementor-widget elementor-widget-text-editor\" data-id=\"46b3f3b5\" data-element_type=\"widget\" data-e-type=\"widget\" data-widget_type=\"text-editor.default\">\n\t\t\t\t<div class=\"elementor-widget-container\">\n\t\t\t\t\t\t\t\t\t<p>La digitalisation, telle que nous l\u2019entendons ici, d\u00e9crit un d\u00e9veloppement r\u00e9sultant de diverses innovations techniques, qui ouvre de nouvelles possibilit\u00e9s en mati\u00e8re de gestion des donn\u00e9es. Elle permet d\u2019offrir de nouveaux produits et services et de r\u00e9organiser certaines cha\u00eenes de valeur \u00e9conomiques. On l\u2019associe de plus en plus \u00e0 la transformation digitale.<\/p><p>Appliqu\u00e9e aux entreprises et \u00e0 l\u2019\u00e9conomie en g\u00e9n\u00e9ral, elle ouvre de nouvelles perspectives gr\u00e2ce notamment \u00e0\u2009: \u00a0<\/p>\t\t\t\t\t\t\t\t<\/div>\n\t\t\t\t<\/div>\n\t\t\t\t<section class=\"elementor-section elementor-inner-section elementor-element elementor-element-171ef0c1 elementor-section-boxed elementor-section-height-default elementor-section-height-default\" data-id=\"171ef0c1\" data-element_type=\"section\" data-e-type=\"section\">\n\t\t\t\t\t\t<div class=\"elementor-container elementor-column-gap-default\">\n\t\t\t\t\t<div class=\"elementor-column elementor-col-33 elementor-inner-column elementor-element elementor-element-7e0f5696\" data-id=\"7e0f5696\" data-element_type=\"column\" data-e-type=\"column\">\n\t\t\t<div class=\"elementor-widget-wrap elementor-element-populated\">\n\t\t\t\t\t\t<div class=\"elementor-element elementor-element-50fd9c8a elementor-position-top elementor-widget elementor-widget-image-box\" data-id=\"50fd9c8a\" data-element_type=\"widget\" data-e-type=\"widget\" data-widget_type=\"image-box.default\">\n\t\t\t\t<div class=\"elementor-widget-container\">\n\t\t\t\t\t<div class=\"elementor-image-box-wrapper\"><figure class=\"elementor-image-box-img\"><img decoding=\"async\" width=\"100\" height=\"100\" src=\"https:\/\/swissdigitalcenter.ch\/wp-content\/uploads\/2022\/05\/icon-distribution.png\" class=\"attachment-full size-full wp-image-6689\" alt=\"\" \/><\/figure><div class=\"elementor-image-box-content\"><p class=\"elementor-image-box-description\">l\u2019ouverture de nouveaux canaux de distribution et un \u00e9largissement des publics cibles<\/p><\/div><\/div>\t\t\t\t<\/div>\n\t\t\t\t<\/div>\n\t\t\t\t\t<\/div>\n\t\t<\/div>\n\t\t\t\t<div class=\"elementor-column elementor-col-33 elementor-inner-column elementor-element elementor-element-4f5a3105\" data-id=\"4f5a3105\" data-element_type=\"column\" data-e-type=\"column\">\n\t\t\t<div class=\"elementor-widget-wrap elementor-element-populated\">\n\t\t\t\t\t\t<div class=\"elementor-element elementor-element-cdb05fd elementor-position-top elementor-widget elementor-widget-image-box\" data-id=\"cdb05fd\" data-element_type=\"widget\" data-e-type=\"widget\" data-widget_type=\"image-box.default\">\n\t\t\t\t<div class=\"elementor-widget-container\">\n\t\t\t\t\t<div class=\"elementor-image-box-wrapper\"><figure class=\"elementor-image-box-img\"><img decoding=\"async\" width=\"100\" height=\"100\" src=\"https:\/\/swissdigitalcenter.ch\/wp-content\/uploads\/2022\/05\/icon-reseau.png\" class=\"attachment-full size-full wp-image-6698\" alt=\"\" \/><\/figure><div class=\"elementor-image-box-content\"><p class=\"elementor-image-box-description\">une mise en r\u00e9seau accrue \u00e0 l\u2019int\u00e9rieur et \u00e0 l\u2019ext\u00e9rieur des organisations<\/p><\/div><\/div>\t\t\t\t<\/div>\n\t\t\t\t<\/div>\n\t\t\t\t\t<\/div>\n\t\t<\/div>\n\t\t\t\t<div class=\"elementor-column elementor-col-33 elementor-inner-column elementor-element elementor-element-1047ab1e\" data-id=\"1047ab1e\" data-element_type=\"column\" data-e-type=\"column\">\n\t\t\t<div class=\"elementor-widget-wrap elementor-element-populated\">\n\t\t\t\t\t\t<div class=\"elementor-element elementor-element-2ac4e369 elementor-position-top elementor-widget elementor-widget-image-box\" data-id=\"2ac4e369\" data-element_type=\"widget\" data-e-type=\"widget\" data-widget_type=\"image-box.default\">\n\t\t\t\t<div class=\"elementor-widget-container\">\n\t\t\t\t\t<div class=\"elementor-image-box-wrapper\"><figure class=\"elementor-image-box-img\"><img decoding=\"async\" width=\"100\" height=\"100\" src=\"https:\/\/swissdigitalcenter.ch\/wp-content\/uploads\/2022\/05\/icon-automatisation.png\" class=\"attachment-full size-full wp-image-6683\" alt=\"\" \/><\/figure><div class=\"elementor-image-box-content\"><p class=\"elementor-image-box-description\">l\u2019automatisation et le monitoring de certaines prestations ou de certains processus<\/p><\/div><\/div>\t\t\t\t<\/div>\n\t\t\t\t<\/div>\n\t\t\t\t\t<\/div>\n\t\t<\/div>\n\t\t\t\t\t<\/div>\n\t\t<\/section>\n\t\t\t\t<section class=\"elementor-section elementor-inner-section elementor-element elementor-element-661a24ff elementor-section-boxed elementor-section-height-default elementor-section-height-default\" data-id=\"661a24ff\" data-element_type=\"section\" data-e-type=\"section\">\n\t\t\t\t\t\t<div class=\"elementor-container elementor-column-gap-default\">\n\t\t\t\t\t<div class=\"elementor-column elementor-col-33 elementor-inner-column elementor-element elementor-element-33444c8\" data-id=\"33444c8\" data-element_type=\"column\" data-e-type=\"column\">\n\t\t\t<div class=\"elementor-widget-wrap elementor-element-populated\">\n\t\t\t\t\t\t<div class=\"elementor-element elementor-element-61ef7d6 elementor-position-top elementor-widget elementor-widget-image-box\" data-id=\"61ef7d6\" data-element_type=\"widget\" data-e-type=\"widget\" data-widget_type=\"image-box.default\">\n\t\t\t\t<div class=\"elementor-widget-container\">\n\t\t\t\t\t<div class=\"elementor-image-box-wrapper\"><figure class=\"elementor-image-box-img\"><img loading=\"lazy\" decoding=\"async\" width=\"100\" height=\"100\" src=\"https:\/\/swissdigitalcenter.ch\/wp-content\/uploads\/2022\/05\/icon-donnees.png\" class=\"attachment-full size-full wp-image-6692\" alt=\"\" \/><\/figure><div class=\"elementor-image-box-content\"><p class=\"elementor-image-box-description\">une meilleure r\u00e9colte ainsi qu\u2019un traitement efficace des donn\u00e9es en lien avec les activit\u00e9s<\/p><\/div><\/div>\t\t\t\t<\/div>\n\t\t\t\t<\/div>\n\t\t\t\t\t<\/div>\n\t\t<\/div>\n\t\t\t\t<div class=\"elementor-column elementor-col-33 elementor-inner-column elementor-element elementor-element-1ae27146\" data-id=\"1ae27146\" data-element_type=\"column\" data-e-type=\"column\">\n\t\t\t<div class=\"elementor-widget-wrap elementor-element-populated\">\n\t\t\t\t\t\t<div class=\"elementor-element elementor-element-40c472d0 elementor-position-top elementor-widget elementor-widget-image-box\" data-id=\"40c472d0\" data-element_type=\"widget\" data-e-type=\"widget\" data-widget_type=\"image-box.default\">\n\t\t\t\t<div class=\"elementor-widget-container\">\n\t\t\t\t\t<div class=\"elementor-image-box-wrapper\"><figure class=\"elementor-image-box-img\"><img loading=\"lazy\" decoding=\"async\" width=\"100\" height=\"100\" src=\"https:\/\/swissdigitalcenter.ch\/wp-content\/uploads\/2022\/05\/icon-decentralisation.png\" class=\"attachment-full size-full wp-image-6686\" alt=\"\" \/><\/figure><div class=\"elementor-image-box-content\"><p class=\"elementor-image-box-description\">une d\u00e9centralisation du travail\u2009<\/p><\/div><\/div>\t\t\t\t<\/div>\n\t\t\t\t<\/div>\n\t\t\t\t\t<\/div>\n\t\t<\/div>\n\t\t\t\t<div class=\"elementor-column elementor-col-33 elementor-inner-column elementor-element elementor-element-4d4df09b\" data-id=\"4d4df09b\" data-element_type=\"column\" data-e-type=\"column\">\n\t\t\t<div class=\"elementor-widget-wrap elementor-element-populated\">\n\t\t\t\t\t\t<div class=\"elementor-element elementor-element-56b17b8d elementor-position-top elementor-widget elementor-widget-image-box\" data-id=\"56b17b8d\" data-element_type=\"widget\" data-e-type=\"widget\" data-widget_type=\"image-box.default\">\n\t\t\t\t<div class=\"elementor-widget-container\">\n\t\t\t\t\t<div class=\"elementor-image-box-wrapper\"><figure class=\"elementor-image-box-img\"><img loading=\"lazy\" decoding=\"async\" width=\"100\" height=\"100\" src=\"https:\/\/swissdigitalcenter.ch\/wp-content\/uploads\/2022\/05\/icon-information.png\" class=\"attachment-full size-full wp-image-6695\" alt=\"\" \/><\/figure><div class=\"elementor-image-box-content\"><p class=\"elementor-image-box-description\">une circulation rapide de l\u2019information, diminuant ainsi l\u2019importance de la notion de distance<\/p><\/div><\/div>\t\t\t\t<\/div>\n\t\t\t\t<\/div>\n\t\t\t\t\t<\/div>\n\t\t<\/div>\n\t\t\t\t\t<\/div>\n\t\t<\/section>\n\t\t\t\t<div class=\"elementor-element elementor-element-46f7ebc0 elementor-widget elementor-widget-text-editor\" data-id=\"46f7ebc0\" data-element_type=\"widget\" data-e-type=\"widget\" data-widget_type=\"text-editor.default\">\n\t\t\t\t<div class=\"elementor-widget-container\">\n\t\t\t\t\t\t\t\t\t<p>La digitalisation permet, lorsqu\u2019elle est bien ma\u00eetris\u00e9e, un gain de productivit\u00e9 et de performance.<\/p>\t\t\t\t\t\t\t\t<\/div>\n\t\t\t\t<\/div>\n\t\t\t\t\t<\/div>\n\t\t<\/div>\n\t\t\t\t\t<\/div>\n\t\t<\/section>\n\t\t\t\t<section class=\"elementor-section elementor-top-section elementor-element elementor-element-4ac9fca4 elementor-section-boxed elementor-section-height-default elementor-section-height-default\" data-id=\"4ac9fca4\" data-element_type=\"section\" data-e-type=\"section\">\n\t\t\t\t\t\t<div class=\"elementor-container elementor-column-gap-default\">\n\t\t\t\t\t<div class=\"elementor-column elementor-col-100 elementor-top-column elementor-element elementor-element-6c07caaa\" data-id=\"6c07caaa\" data-element_type=\"column\" data-e-type=\"column\">\n\t\t\t<div class=\"elementor-widget-wrap elementor-element-populated\">\n\t\t\t\t\t\t<div class=\"elementor-element elementor-element-205ffb2c elementor-widget elementor-widget-heading\" data-id=\"205ffb2c\" data-element_type=\"widget\" data-e-type=\"widget\" data-widget_type=\"heading.default\">\n\t\t\t\t<div class=\"elementor-widget-container\">\n\t\t\t\t\t<h2 class=\"elementor-heading-title elementor-size-default\">Les fournisseurs de digitalisation en Valais<\/h2>\t\t\t\t<\/div>\n\t\t\t\t<\/div>\n\t\t\t\t<div class=\"elementor-element elementor-element-7030c0a2 elementor-widget elementor-widget-text-editor\" data-id=\"7030c0a2\" data-element_type=\"widget\" data-e-type=\"widget\" data-widget_type=\"text-editor.default\">\n\t\t\t\t<div class=\"elementor-widget-container\">\n\t\t\t\t\t\t\t\t\t<p>Le Valais regorge d\u2019entreprises et d\u2019institutions qui fournissent des services et prestations en lien avec la digitalisation. Plus de 200 fournisseurs proposent leurs services et technologies aux PME, institutions, \u00e9coles et infrastructures du canton. Les voici en d\u00e9tails&#8230;<\/p>\t\t\t\t\t\t\t\t<\/div>\n\t\t\t\t<\/div>\n\t\t\t\t<div class=\"elementor-element elementor-element-34c3e990 elementor-widget elementor-widget-shortcode\" data-id=\"34c3e990\" data-element_type=\"widget\" data-e-type=\"widget\" data-widget_type=\"shortcode.default\">\n\t\t\t\t<div class=\"elementor-widget-container\">\n\t\t\t\t\t\t\t<div class=\"elementor-shortcode\">[table id=7 datatables_columnfilterwidgets=true  automatic_url_conversion=true automatic_url_conversion_new_window=true automatic_url_conversion_rel_nofollow=true \/]<\/div>\n\t\t\t\t\t\t<\/div>\n\t\t\t\t<\/div>\n\t\t\t\t<div class=\"elementor-element elementor-element-162b7226 elementor-widget elementor-widget-text-editor\" data-id=\"162b7226\" data-element_type=\"widget\" data-e-type=\"widget\" data-widget_type=\"text-editor.default\">\n\t\t\t\t<div class=\"elementor-widget-container\">\n\t\t\t\t\t\t\t\t\t<p>Votre entreprise ou institution n\u2019est pas r\u00e9pertori\u00e9e dans cette liste\u2009?<\/p>\t\t\t\t\t\t\t\t<\/div>\n\t\t\t\t<\/div>\n\t\t\t\t<div class=\"elementor-element elementor-element-6363a367 elementor-widget elementor-widget-button\" data-id=\"6363a367\" data-element_type=\"widget\" data-e-type=\"widget\" data-widget_type=\"button.default\">\n\t\t\t\t<div class=\"elementor-widget-container\">\n\t\t\t\t\t\t\t\t\t<div class=\"elementor-button-wrapper\">\n\t\t\t\t\t<a class=\"elementor-button elementor-button-link elementor-size-sm\" href=\"mailto:info@swissdigitalcenter.ch?subject=Fournisseurs%20de%20digitalisation%20en%20Valais%20:%20Demande%20d&#039;ajout%20de%20mon%20entreprise\/institution&#038;body=Bonjour,\">\n\t\t\t\t\t\t<span class=\"elementor-button-content-wrapper\">\n\t\t\t\t\t\t\t\t\t<span class=\"elementor-button-text\">Contactez-nous !<\/span>\n\t\t\t\t\t<\/span>\n\t\t\t\t\t<\/a>\n\t\t\t\t<\/div>\n\t\t\t\t\t\t\t\t<\/div>\n\t\t\t\t<\/div>\n\t\t\t\t\t<\/div>\n\t\t<\/div>\n\t\t\t\t\t<\/div>\n\t\t<\/section>\n\t\t\t\t<\/div>\n\t\t","protected":false},"excerpt":{"rendered":"<p>La digitalisation, c&rsquo;est quoi ? La digitalisation, telle que nous l\u2019entendons ici, d\u00e9crit un d\u00e9veloppement r\u00e9sultant de diverses innovations techniques, qui ouvre de nouvelles possibilit\u00e9s en mati\u00e8re de gestion des donn\u00e9es. Elle permet d\u2019offrir de nouveaux produits et services et de r\u00e9organiser certaines cha\u00eenes de valeur \u00e9conomiques. On l\u2019associe de plus en plus \u00e0 la [&hellip;]<\/p>\n","protected":false},"author":1,"featured_media":0,"parent":0,"menu_order":0,"comment_status":"closed","ping_status":"closed","template":"","meta":{"_acf_changed":false,"footnotes":""},"class_list":["post-7187","page","type-page","status-publish","hentry"],"acf":[],"yoast_head":"<!-- This site is optimized with the Yoast SEO plugin v27.3 - https:\/\/yoast.com\/product\/yoast-seo-wordpress\/ -->\n<title>Digitalisation en Valais &#8211; Swiss Digital Center<\/title>\n<meta name=\"robots\" content=\"index, follow, max-snippet:-1, max-image-preview:large, max-video-preview:-1\" \/>\n<link rel=\"canonical\" href=\"https:\/\/swissdigitalcenter.ch\/fr\/digitalisation-en-valais\/\" \/>\n<meta property=\"og:locale\" content=\"fr_FR\" \/>\n<meta property=\"og:type\" content=\"article\" \/>\n<meta property=\"og:title\" content=\"Digitalisation en Valais &#8211; Swiss Digital Center\" \/>\n<meta property=\"og:description\" content=\"La digitalisation, c&rsquo;est quoi ? La digitalisation, telle que nous l\u2019entendons ici, d\u00e9crit un d\u00e9veloppement r\u00e9sultant de diverses innovations techniques, qui ouvre de nouvelles possibilit\u00e9s en mati\u00e8re de gestion des donn\u00e9es. Elle permet d\u2019offrir de nouveaux produits et services et de r\u00e9organiser certaines cha\u00eenes de valeur \u00e9conomiques. On l\u2019associe de plus en plus \u00e0 la [&hellip;]\" \/>\n<meta property=\"og:url\" content=\"https:\/\/swissdigitalcenter.ch\/fr\/digitalisation-en-valais\/\" \/>\n<meta property=\"og:site_name\" content=\"Swiss Digital Center\" \/>\n<meta property=\"article:publisher\" content=\"https:\/\/www.facebook.com\/TechnoPoleDeSierre\" \/>\n<meta property=\"article:modified_time\" content=\"2022-08-02T08:22:16+00:00\" \/>\n<meta property=\"og:image\" content=\"https:\/\/swissdigitalcenter.ch\/wp-content\/uploads\/2022\/05\/icon-distribution.png\" \/>\n<meta name=\"twitter:card\" content=\"summary_large_image\" \/>\n<meta name=\"twitter:site\" content=\"@tpolesierre\" \/>\n<meta name=\"twitter:label1\" content=\"Dur\u00e9e de lecture estim\u00e9e\" \/>\n\t<meta name=\"twitter:data1\" content=\"3 minutes\" \/>\n<script type=\"application\/ld+json\" class=\"yoast-schema-graph\">{\"@context\":\"https:\\\/\\\/schema.org\",\"@graph\":[{\"@type\":\"WebPage\",\"@id\":\"https:\\\/\\\/swissdigitalcenter.ch\\\/fr\\\/digitalisation-en-valais\\\/\",\"url\":\"https:\\\/\\\/swissdigitalcenter.ch\\\/fr\\\/digitalisation-en-valais\\\/\",\"name\":\"Digitalisation en Valais &#8211; Swiss Digital Center\",\"isPartOf\":{\"@id\":\"https:\\\/\\\/swissdigitalcenter.ch\\\/fr\\\/#website\"},\"primaryImageOfPage\":{\"@id\":\"https:\\\/\\\/swissdigitalcenter.ch\\\/fr\\\/digitalisation-en-valais\\\/#primaryimage\"},\"image\":{\"@id\":\"https:\\\/\\\/swissdigitalcenter.ch\\\/fr\\\/digitalisation-en-valais\\\/#primaryimage\"},\"thumbnailUrl\":\"https:\\\/\\\/swissdigitalcenter.ch\\\/wp-content\\\/uploads\\\/2022\\\/05\\\/icon-distribution.png\",\"datePublished\":\"2022-05-23T13:47:57+00:00\",\"dateModified\":\"2022-08-02T08:22:16+00:00\",\"breadcrumb\":{\"@id\":\"https:\\\/\\\/swissdigitalcenter.ch\\\/fr\\\/digitalisation-en-valais\\\/#breadcrumb\"},\"inLanguage\":\"fr-FR\",\"potentialAction\":[{\"@type\":\"ReadAction\",\"target\":[\"https:\\\/\\\/swissdigitalcenter.ch\\\/fr\\\/digitalisation-en-valais\\\/\"]}]},{\"@type\":\"ImageObject\",\"inLanguage\":\"fr-FR\",\"@id\":\"https:\\\/\\\/swissdigitalcenter.ch\\\/fr\\\/digitalisation-en-valais\\\/#primaryimage\",\"url\":\"https:\\\/\\\/swissdigitalcenter.ch\\\/wp-content\\\/uploads\\\/2022\\\/05\\\/icon-distribution.png\",\"contentUrl\":\"https:\\\/\\\/swissdigitalcenter.ch\\\/wp-content\\\/uploads\\\/2022\\\/05\\\/icon-distribution.png\"},{\"@type\":\"BreadcrumbList\",\"@id\":\"https:\\\/\\\/swissdigitalcenter.ch\\\/fr\\\/digitalisation-en-valais\\\/#breadcrumb\",\"itemListElement\":[{\"@type\":\"ListItem\",\"position\":1,\"name\":\"Home\",\"item\":\"https:\\\/\\\/swissdigitalcenter.ch\\\/fr\\\/\"},{\"@type\":\"ListItem\",\"position\":2,\"name\":\"Digitalisation en Valais\"}]},{\"@type\":\"WebSite\",\"@id\":\"https:\\\/\\\/swissdigitalcenter.ch\\\/fr\\\/#website\",\"url\":\"https:\\\/\\\/swissdigitalcenter.ch\\\/fr\\\/\",\"name\":\"Swiss Digital Center\",\"description\":\"La digitalisation au c\u0153ur des Alpes\",\"publisher\":{\"@id\":\"https:\\\/\\\/swissdigitalcenter.ch\\\/fr\\\/#organization\"},\"potentialAction\":[{\"@type\":\"SearchAction\",\"target\":{\"@type\":\"EntryPoint\",\"urlTemplate\":\"https:\\\/\\\/swissdigitalcenter.ch\\\/fr\\\/?s={search_term_string}\"},\"query-input\":{\"@type\":\"PropertyValueSpecification\",\"valueRequired\":true,\"valueName\":\"search_term_string\"}}],\"inLanguage\":\"fr-FR\"},{\"@type\":\"Organization\",\"@id\":\"https:\\\/\\\/swissdigitalcenter.ch\\\/fr\\\/#organization\",\"name\":\"Swiss Digital Center\",\"url\":\"https:\\\/\\\/swissdigitalcenter.ch\\\/fr\\\/\",\"logo\":{\"@type\":\"ImageObject\",\"inLanguage\":\"fr-FR\",\"@id\":\"https:\\\/\\\/swissdigitalcenter.ch\\\/fr\\\/#\\\/schema\\\/logo\\\/image\\\/\",\"url\":\"https:\\\/\\\/swissdigitalcenter.ch\\\/wp-content\\\/uploads\\\/2020\\\/07\\\/favicon-1.png\",\"contentUrl\":\"https:\\\/\\\/swissdigitalcenter.ch\\\/wp-content\\\/uploads\\\/2020\\\/07\\\/favicon-1.png\",\"width\":512,\"height\":512,\"caption\":\"Swiss Digital Center\"},\"image\":{\"@id\":\"https:\\\/\\\/swissdigitalcenter.ch\\\/fr\\\/#\\\/schema\\\/logo\\\/image\\\/\"},\"sameAs\":[\"https:\\\/\\\/www.facebook.com\\\/TechnoPoleDeSierre\",\"https:\\\/\\\/x.com\\\/tpolesierre\"]}]}<\/script>\n<!-- \/ Yoast SEO plugin. -->","yoast_head_json":{"title":"Digitalisation en Valais &#8211; Swiss Digital Center","robots":{"index":"index","follow":"follow","max-snippet":"max-snippet:-1","max-image-preview":"max-image-preview:large","max-video-preview":"max-video-preview:-1"},"canonical":"https:\/\/swissdigitalcenter.ch\/fr\/digitalisation-en-valais\/","og_locale":"fr_FR","og_type":"article","og_title":"Digitalisation en Valais &#8211; Swiss Digital Center","og_description":"La digitalisation, c&rsquo;est quoi ? La digitalisation, telle que nous l\u2019entendons ici, d\u00e9crit un d\u00e9veloppement r\u00e9sultant de diverses innovations techniques, qui ouvre de nouvelles possibilit\u00e9s en mati\u00e8re de gestion des donn\u00e9es. Elle permet d\u2019offrir de nouveaux produits et services et de r\u00e9organiser certaines cha\u00eenes de valeur \u00e9conomiques. On l\u2019associe de plus en plus \u00e0 la [&hellip;]","og_url":"https:\/\/swissdigitalcenter.ch\/fr\/digitalisation-en-valais\/","og_site_name":"Swiss Digital Center","article_publisher":"https:\/\/www.facebook.com\/TechnoPoleDeSierre","article_modified_time":"2022-08-02T08:22:16+00:00","og_image":[{"url":"https:\/\/swissdigitalcenter.ch\/wp-content\/uploads\/2022\/05\/icon-distribution.png","type":"","width":"","height":""}],"twitter_card":"summary_large_image","twitter_site":"@tpolesierre","twitter_misc":{"Dur\u00e9e de lecture estim\u00e9e":"3 minutes"},"schema":{"@context":"https:\/\/schema.org","@graph":[{"@type":"WebPage","@id":"https:\/\/swissdigitalcenter.ch\/fr\/digitalisation-en-valais\/","url":"https:\/\/swissdigitalcenter.ch\/fr\/digitalisation-en-valais\/","name":"Digitalisation en Valais &#8211; Swiss Digital Center","isPartOf":{"@id":"https:\/\/swissdigitalcenter.ch\/fr\/#website"},"primaryImageOfPage":{"@id":"https:\/\/swissdigitalcenter.ch\/fr\/digitalisation-en-valais\/#primaryimage"},"image":{"@id":"https:\/\/swissdigitalcenter.ch\/fr\/digitalisation-en-valais\/#primaryimage"},"thumbnailUrl":"https:\/\/swissdigitalcenter.ch\/wp-content\/uploads\/2022\/05\/icon-distribution.png","datePublished":"2022-05-23T13:47:57+00:00","dateModified":"2022-08-02T08:22:16+00:00","breadcrumb":{"@id":"https:\/\/swissdigitalcenter.ch\/fr\/digitalisation-en-valais\/#breadcrumb"},"inLanguage":"fr-FR","potentialAction":[{"@type":"ReadAction","target":["https:\/\/swissdigitalcenter.ch\/fr\/digitalisation-en-valais\/"]}]},{"@type":"ImageObject","inLanguage":"fr-FR","@id":"https:\/\/swissdigitalcenter.ch\/fr\/digitalisation-en-valais\/#primaryimage","url":"https:\/\/swissdigitalcenter.ch\/wp-content\/uploads\/2022\/05\/icon-distribution.png","contentUrl":"https:\/\/swissdigitalcenter.ch\/wp-content\/uploads\/2022\/05\/icon-distribution.png"},{"@type":"BreadcrumbList","@id":"https:\/\/swissdigitalcenter.ch\/fr\/digitalisation-en-valais\/#breadcrumb","itemListElement":[{"@type":"ListItem","position":1,"name":"Home","item":"https:\/\/swissdigitalcenter.ch\/fr\/"},{"@type":"ListItem","position":2,"name":"Digitalisation en Valais"}]},{"@type":"WebSite","@id":"https:\/\/swissdigitalcenter.ch\/fr\/#website","url":"https:\/\/swissdigitalcenter.ch\/fr\/","name":"Swiss Digital Center","description":"La digitalisation au c\u0153ur des Alpes","publisher":{"@id":"https:\/\/swissdigitalcenter.ch\/fr\/#organization"},"potentialAction":[{"@type":"SearchAction","target":{"@type":"EntryPoint","urlTemplate":"https:\/\/swissdigitalcenter.ch\/fr\/?s={search_term_string}"},"query-input":{"@type":"PropertyValueSpecification","valueRequired":true,"valueName":"search_term_string"}}],"inLanguage":"fr-FR"},{"@type":"Organization","@id":"https:\/\/swissdigitalcenter.ch\/fr\/#organization","name":"Swiss Digital Center","url":"https:\/\/swissdigitalcenter.ch\/fr\/","logo":{"@type":"ImageObject","inLanguage":"fr-FR","@id":"https:\/\/swissdigitalcenter.ch\/fr\/#\/schema\/logo\/image\/","url":"https:\/\/swissdigitalcenter.ch\/wp-content\/uploads\/2020\/07\/favicon-1.png","contentUrl":"https:\/\/swissdigitalcenter.ch\/wp-content\/uploads\/2020\/07\/favicon-1.png","width":512,"height":512,"caption":"Swiss Digital Center"},"image":{"@id":"https:\/\/swissdigitalcenter.ch\/fr\/#\/schema\/logo\/image\/"},"sameAs":["https:\/\/www.facebook.com\/TechnoPoleDeSierre","https:\/\/x.com\/tpolesierre"]}]}},"_links":{"self":[{"href":"https:\/\/swissdigitalcenter.ch\/fr\/wp-json\/wp\/v2\/pages\/7187","targetHints":{"allow":["GET"]}}],"collection":[{"href":"https:\/\/swissdigitalcenter.ch\/fr\/wp-json\/wp\/v2\/pages"}],"about":[{"href":"https:\/\/swissdigitalcenter.ch\/fr\/wp-json\/wp\/v2\/types\/page"}],"author":[{"embeddable":true,"href":"https:\/\/swissdigitalcenter.ch\/fr\/wp-json\/wp\/v2\/users\/1"}],"replies":[{"embeddable":true,"href":"https:\/\/swissdigitalcenter.ch\/fr\/wp-json\/wp\/v2\/comments?post=7187"}],"version-history":[{"count":20,"href":"https:\/\/swissdigitalcenter.ch\/fr\/wp-json\/wp\/v2\/pages\/7187\/revisions"}],"predecessor-version":[{"id":8944,"href":"https:\/\/swissdigitalcenter.ch\/fr\/wp-json\/wp\/v2\/pages\/7187\/revisions\/8944"}],"wp:attachment":[{"href":"https:\/\/swissdigitalcenter.ch\/fr\/wp-json\/wp\/v2\/media?parent=7187"}],"curies":[{"name":"wp","href":"https:\/\/api.w.org\/{rel}","templated":true}]}}