{"id":7943,"date":"2022-06-15T10:10:00","date_gmt":"2022-06-15T08:10:00","guid":{"rendered":"https:\/\/swissdigitalcenter.ch\/?page_id=7943"},"modified":"2022-06-20T15:14:27","modified_gmt":"2022-06-20T13:14:27","slug":"formation-et-recherche","status":"publish","type":"page","link":"https:\/\/swissdigitalcenter.ch\/fr\/formation-et-recherche\/","title":{"rendered":"Formation et recherche"},"content":{"rendered":"\t\t<div data-elementor-type=\"wp-page\" data-elementor-id=\"7943\" class=\"elementor elementor-7943\" data-elementor-post-type=\"page\">\n\t\t\t\t\t\t<section class=\"elementor-section elementor-top-section elementor-element elementor-element-afa479b elementor-section-boxed elementor-section-height-default elementor-section-height-default\" data-id=\"afa479b\" data-element_type=\"section\" data-e-type=\"section\">\n\t\t\t\t\t\t<div class=\"elementor-container elementor-column-gap-default\">\n\t\t\t\t\t<div class=\"elementor-column elementor-col-100 elementor-top-column elementor-element elementor-element-facfc0d\" data-id=\"facfc0d\" data-element_type=\"column\" data-e-type=\"column\">\n\t\t\t<div class=\"elementor-widget-wrap elementor-element-populated\">\n\t\t\t\t\t\t<div class=\"elementor-element elementor-element-eda4da5 elementor-widget elementor-widget-heading\" data-id=\"eda4da5\" data-element_type=\"widget\" data-e-type=\"widget\" data-widget_type=\"heading.default\">\n\t\t\t\t<div class=\"elementor-widget-container\">\n\t\t\t\t\t<h2 class=\"elementor-heading-title elementor-size-default\">L'\u00e9cosyst\u00e8me sierrois<\/h2>\t\t\t\t<\/div>\n\t\t\t\t<\/div>\n\t\t\t\t<div class=\"elementor-element elementor-element-def2c19 elementor-widget elementor-widget-text-editor\" data-id=\"def2c19\" data-element_type=\"widget\" data-e-type=\"widget\" data-widget_type=\"text-editor.default\">\n\t\t\t\t<div class=\"elementor-widget-container\">\n\t\t\t\t\t\t\t\t\t<p>Les instituts de recherche du site offrent aux entreprises un acc\u00e8s direct aux fonds nationaux et internationaux de recherche : 6 instituts de recherche, plus de 130 professeurs et chercheurs !\u00a0\u00a0<\/p>\t\t\t\t\t\t\t\t<\/div>\n\t\t\t\t<\/div>\n\t\t\t\t<section class=\"elementor-section elementor-inner-section elementor-element elementor-element-6364d6e elementor-section-boxed elementor-section-height-default elementor-section-height-default\" data-id=\"6364d6e\" data-element_type=\"section\" data-e-type=\"section\">\n\t\t\t\t\t\t<div class=\"elementor-container elementor-column-gap-default\">\n\t\t\t\t\t<div class=\"elementor-column elementor-col-50 elementor-inner-column elementor-element elementor-element-d03a3a4\" data-id=\"d03a3a4\" data-element_type=\"column\" data-e-type=\"column\">\n\t\t\t<div class=\"elementor-widget-wrap elementor-element-populated\">\n\t\t\t\t\t\t<div class=\"elementor-element elementor-element-86f903a elementor-view-default elementor-position-block-start elementor-mobile-position-block-start elementor-widget elementor-widget-icon-box\" data-id=\"86f903a\" data-element_type=\"widget\" data-e-type=\"widget\" data-widget_type=\"icon-box.default\">\n\t\t\t\t<div class=\"elementor-widget-container\">\n\t\t\t\t\t\t\t<div class=\"elementor-icon-box-wrapper\">\n\n\t\t\t\t\t\t<div class=\"elementor-icon-box-icon\">\n\t\t\t\t<span  class=\"elementor-icon\">\n\t\t\t\t<svg xmlns=\"http:\/\/www.w3.org\/2000\/svg\" xmlns:xlink=\"http:\/\/www.w3.org\/1999\/xlink\" id=\"Calque_1\" x=\"0px\" y=\"0px\" viewBox=\"0 0 998 900.9\" style=\"enable-background:new 0 0 998 900.9;\" xml:space=\"preserve\"><path d=\"M748.5,678.7L499,819.1L249.5,678.7V530.4l-71.3-39.6v229.6L499,900.9l320.8-180.5V490.8l-71.3,39.6V678.7z M499,0L0,258.8 v61.8l499,277.2l427.7-237.6V557H998V258.8L499,0z M855.5,318.2l-71.3,39.6L499,516.2L213.9,357.8l-71.3-39.6l-49.4-27.5L499,80.3 l405.9,210.4L855.5,318.2z\"><\/path><\/svg>\t\t\t\t<\/span>\n\t\t\t<\/div>\n\t\t\t\n\t\t\t\t\t\t<div class=\"elementor-icon-box-content\">\n\n\t\t\t\t\t\t\t\t\t<h3 class=\"elementor-icon-box-title\">\n\t\t\t\t\t\t<span  >\n\t\t\t\t\t\t\tFormation\t\t\t\t\t\t<\/span>\n\t\t\t\t\t<\/h3>\n\t\t\t\t\n\t\t\t\t\n\t\t\t<\/div>\n\t\t\t\n\t\t<\/div>\n\t\t\t\t\t\t<\/div>\n\t\t\t\t<\/div>\n\t\t\t\t<div class=\"elementor-element elementor-element-8d814cb elementor-widget elementor-widget-text-editor\" data-id=\"8d814cb\" data-element_type=\"widget\" data-e-type=\"widget\" data-widget_type=\"text-editor.default\">\n\t\t\t\t<div class=\"elementor-widget-container\">\n\t\t\t\t\t\t\t\t\t<ul><li>HES-SO <a href=\"https:\/\/www.hevs.ch\/fr\/hautes-ecoles\/haute-ecole-de-gestion\/\">Haute Ecole de Gestion (HEG)<\/a>, Tourisme, Economie d\u2019entreprise et Informatique<\/li><li>HES-SO\u00a0<a href=\"https:\/\/www.digitalteamacademy.ch\/\">Digital Team Academy<\/a><\/li><li>HES-SO\u00a0<a href=\"https:\/\/www.teamacademy.ch\/\">Team Academy<\/a><\/li><li>HES-SO <a href=\"http:\/\/www.businessexperience.ch\/\">Business Experience<\/a><\/li><li><a href=\"https:\/\/unidistance.ch\/\">Unidistance<\/a><\/li><li><a href=\"https:\/\/eptm.ch\/campus\/\">CFTI<\/a><\/li><\/ul>\t\t\t\t\t\t\t\t<\/div>\n\t\t\t\t<\/div>\n\t\t\t\t\t<\/div>\n\t\t<\/div>\n\t\t\t\t<div class=\"elementor-column elementor-col-50 elementor-inner-column elementor-element elementor-element-bf39521\" data-id=\"bf39521\" data-element_type=\"column\" data-e-type=\"column\">\n\t\t\t<div class=\"elementor-widget-wrap elementor-element-populated\">\n\t\t\t\t\t\t<div class=\"elementor-element elementor-element-39d8c2a elementor-view-default elementor-position-block-start elementor-mobile-position-block-start elementor-widget elementor-widget-icon-box\" data-id=\"39d8c2a\" data-element_type=\"widget\" data-e-type=\"widget\" data-widget_type=\"icon-box.default\">\n\t\t\t\t<div class=\"elementor-widget-container\">\n\t\t\t\t\t\t\t<div class=\"elementor-icon-box-wrapper\">\n\n\t\t\t\t\t\t<div class=\"elementor-icon-box-icon\">\n\t\t\t\t<span  class=\"elementor-icon\">\n\t\t\t\t<svg xmlns=\"http:\/\/www.w3.org\/2000\/svg\" xmlns:xlink=\"http:\/\/www.w3.org\/1999\/xlink\" id=\"Calque_1\" x=\"0px\" y=\"0px\" viewBox=\"0 0 669.2 912.5\" style=\"enable-background:new 0 0 669.2 912.5;\" xml:space=\"preserve\"><path d=\"M577.9,577.9c0,134.4-109,243.3-243.3,243.3c-134.4,0-243.3-109-243.3-243.3H577.9z M669.2,577.9 c0-126.2-71-241-182.5-297.9v-97.5c50.3,0,91.3-40.9,91.3-91.3S537,0,486.7,0H182.5c-50.3,0-91.3,40.9-91.3,91.3 s40.9,91.3,91.3,91.3V280C71,336.9,0,451.8,0,577.9c0,184.5,150.1,334.6,334.6,334.6C519.1,912.5,669.2,762.4,669.2,577.9z  M486.7,60.8c16.8,0,30.4,13.7,30.4,30.4c0,16.8-13.6,30.4-30.4,30.4h-60.8v197.5l18.3,8c99.8,43.6,164.3,142.1,164.3,250.8 c0,150.9-122.8,273.8-273.8,273.8c-151,0-273.8-122.8-273.8-273.8c0-108.7,64.5-207.2,164.3-250.8l18.3-8V121.7h-60.8 c-16.8,0-30.4-13.7-30.4-30.4c0-16.8,13.6-30.4,30.4-30.4H486.7z\"><\/path><\/svg>\t\t\t\t<\/span>\n\t\t\t<\/div>\n\t\t\t\n\t\t\t\t\t\t<div class=\"elementor-icon-box-content\">\n\n\t\t\t\t\t\t\t\t\t<h3 class=\"elementor-icon-box-title\">\n\t\t\t\t\t\t<span  >\n\t\t\t\t\t\t\tRecherche\t\t\t\t\t\t<\/span>\n\t\t\t\t\t<\/h3>\n\t\t\t\t\n\t\t\t\t\n\t\t\t<\/div>\n\t\t\t\n\t\t<\/div>\n\t\t\t\t\t\t<\/div>\n\t\t\t\t<\/div>\n\t\t\t\t<div class=\"elementor-element elementor-element-0a64144 elementor-widget elementor-widget-text-editor\" data-id=\"0a64144\" data-element_type=\"widget\" data-e-type=\"widget\" data-widget_type=\"text-editor.default\">\n\t\t\t\t<div class=\"elementor-widget-container\">\n\t\t\t\t\t\t\t\t\t<ul><li><span style=\"color: var( --e-global-color-primary ); font-family: var( --e-global-typography-text-font-family ), Sans-serif; font-size: var( --e-global-typography-text-font-size ); font-weight: var( --e-global-typography-text-font-weight );\"><a href=\"https:\/\/icare.ch\/\">Institut Icare<\/a><\/span><\/li><li><span style=\"color: var( --e-global-color-primary ); font-family: var( --e-global-typography-text-font-family ), Sans-serif; font-size: var( --e-global-typography-text-font-size ); font-weight: var( --e-global-typography-text-font-weight );\">HES-SO <a href=\"https:\/\/www.hevs.ch\/fr\/hautes-ecoles\/haute-ecole-de-gestion\/informatique-de-gestion\/\">Institut Informatique<\/a><\/span><\/li><li>HES-SO <a href=\"https:\/\/www.hes-so.ch\/de\/recherche-innovation\/instituts-de-recherche\/detail-institut\/iem-institut-entrepreneuriat-management\">Institut Entrepreneuriat &amp; Management<\/a><\/li><li>HES-SO <a href=\"https:\/\/www.hevs.ch\/fr\/recherche-appliquee-et-developpement-a-la-hes-so-valais-wallis\/institut-tourisme-valais\/\">Institut Tourisme<\/a><\/li><li>HES-SO <a href=\"https:\/\/www.hevs.ch\/fr\/recherche-appliquee-et-developpement-a-la-hes-so-valais-wallis\/institut-de-recherche-energie-et-environnement\/pages-instituts\/institut-energie-et-environnement-19749\">Institut Energie et environnement<\/a><\/li><li>Novelis <a href=\"https:\/\/www.science-valais.ch\/fr\/meta\/blog\/novelis-centre-de-recherche-et-dinnovation-sur-laluminium\">Centre de recherche et d&rsquo;innovation sur l&rsquo;aluminium<\/a><\/li><\/ul>\t\t\t\t\t\t\t\t<\/div>\n\t\t\t\t<\/div>\n\t\t\t\t\t<\/div>\n\t\t<\/div>\n\t\t\t\t\t<\/div>\n\t\t<\/section>\n\t\t\t\t\t<\/div>\n\t\t<\/div>\n\t\t\t\t\t<\/div>\n\t\t<\/section>\n\t\t\t\t<\/div>\n\t\t","protected":false},"excerpt":{"rendered":"<p>L&rsquo;\u00e9cosyst\u00e8me sierrois Les instituts de recherche du site offrent aux entreprises un acc\u00e8s direct aux fonds nationaux et internationaux de recherche : 6 instituts de recherche, plus de 130 professeurs et chercheurs !\u00a0\u00a0 Formation HES-SO Haute Ecole de Gestion (HEG), Tourisme, Economie d\u2019entreprise et Informatique HES-SO\u00a0Digital Team Academy HES-SO\u00a0Team Academy HES-SO Business Experience Unidistance CFTI [&hellip;]<\/p>\n","protected":false},"author":13,"featured_media":8076,"parent":0,"menu_order":0,"comment_status":"closed","ping_status":"closed","template":"","meta":{"_acf_changed":false,"footnotes":""},"class_list":["post-7943","page","type-page","status-publish","has-post-thumbnail","hentry"],"acf":[],"yoast_head":"<!-- This site is optimized with the Yoast SEO plugin v27.3 - https:\/\/yoast.com\/product\/yoast-seo-wordpress\/ -->\n<title>Formation et recherche &#8211; Swiss Digital Center<\/title>\n<meta name=\"robots\" content=\"index, follow, max-snippet:-1, max-image-preview:large, max-video-preview:-1\" \/>\n<link rel=\"canonical\" href=\"https:\/\/swissdigitalcenter.ch\/fr\/formation-et-recherche\/\" \/>\n<meta property=\"og:locale\" content=\"fr_FR\" \/>\n<meta property=\"og:type\" content=\"article\" \/>\n<meta property=\"og:title\" content=\"Formation et recherche &#8211; Swiss Digital Center\" \/>\n<meta property=\"og:description\" content=\"L&rsquo;\u00e9cosyst\u00e8me sierrois Les instituts de recherche du site offrent aux entreprises un acc\u00e8s direct aux fonds nationaux et internationaux de recherche : 6 instituts de recherche, plus de 130 professeurs et chercheurs !\u00a0\u00a0 Formation HES-SO Haute Ecole de Gestion (HEG), Tourisme, Economie d\u2019entreprise et Informatique HES-SO\u00a0Digital Team Academy HES-SO\u00a0Team Academy HES-SO Business Experience Unidistance CFTI [&hellip;]\" \/>\n<meta property=\"og:url\" content=\"https:\/\/swissdigitalcenter.ch\/fr\/formation-et-recherche\/\" \/>\n<meta property=\"og:site_name\" content=\"Swiss Digital Center\" \/>\n<meta property=\"article:publisher\" content=\"https:\/\/www.facebook.com\/TechnoPoleDeSierre\" \/>\n<meta property=\"article:modified_time\" content=\"2022-06-20T13:14:27+00:00\" \/>\n<meta property=\"og:image\" content=\"https:\/\/swissdigitalcenter.ch\/wp-content\/uploads\/2022\/06\/20220600-SDC-719-1-scaled-e1655294518562.jpg\" \/>\n\t<meta property=\"og:image:width\" content=\"1708\" \/>\n\t<meta property=\"og:image:height\" content=\"742\" \/>\n\t<meta property=\"og:image:type\" content=\"image\/jpeg\" \/>\n<meta name=\"twitter:card\" content=\"summary_large_image\" \/>\n<meta name=\"twitter:site\" content=\"@tpolesierre\" \/>\n<script type=\"application\/ld+json\" class=\"yoast-schema-graph\">{\"@context\":\"https:\\\/\\\/schema.org\",\"@graph\":[{\"@type\":\"WebPage\",\"@id\":\"https:\\\/\\\/swissdigitalcenter.ch\\\/fr\\\/formation-et-recherche\\\/\",\"url\":\"https:\\\/\\\/swissdigitalcenter.ch\\\/fr\\\/formation-et-recherche\\\/\",\"name\":\"Formation et recherche &#8211; Swiss Digital Center\",\"isPartOf\":{\"@id\":\"https:\\\/\\\/swissdigitalcenter.ch\\\/fr\\\/#website\"},\"primaryImageOfPage\":{\"@id\":\"https:\\\/\\\/swissdigitalcenter.ch\\\/fr\\\/formation-et-recherche\\\/#primaryimage\"},\"image\":{\"@id\":\"https:\\\/\\\/swissdigitalcenter.ch\\\/fr\\\/formation-et-recherche\\\/#primaryimage\"},\"thumbnailUrl\":\"https:\\\/\\\/swissdigitalcenter.ch\\\/wp-content\\\/uploads\\\/2022\\\/06\\\/20220600-SDC-719-1-scaled-e1655294518562.jpg\",\"datePublished\":\"2022-06-15T08:10:00+00:00\",\"dateModified\":\"2022-06-20T13:14:27+00:00\",\"breadcrumb\":{\"@id\":\"https:\\\/\\\/swissdigitalcenter.ch\\\/fr\\\/formation-et-recherche\\\/#breadcrumb\"},\"inLanguage\":\"fr-FR\",\"potentialAction\":[{\"@type\":\"ReadAction\",\"target\":[\"https:\\\/\\\/swissdigitalcenter.ch\\\/fr\\\/formation-et-recherche\\\/\"]}]},{\"@type\":\"ImageObject\",\"inLanguage\":\"fr-FR\",\"@id\":\"https:\\\/\\\/swissdigitalcenter.ch\\\/fr\\\/formation-et-recherche\\\/#primaryimage\",\"url\":\"https:\\\/\\\/swissdigitalcenter.ch\\\/wp-content\\\/uploads\\\/2022\\\/06\\\/20220600-SDC-719-1-scaled-e1655294518562.jpg\",\"contentUrl\":\"https:\\\/\\\/swissdigitalcenter.ch\\\/wp-content\\\/uploads\\\/2022\\\/06\\\/20220600-SDC-719-1-scaled-e1655294518562.jpg\",\"width\":1708,\"height\":742},{\"@type\":\"BreadcrumbList\",\"@id\":\"https:\\\/\\\/swissdigitalcenter.ch\\\/fr\\\/formation-et-recherche\\\/#breadcrumb\",\"itemListElement\":[{\"@type\":\"ListItem\",\"position\":1,\"name\":\"Home\",\"item\":\"https:\\\/\\\/swissdigitalcenter.ch\\\/fr\\\/\"},{\"@type\":\"ListItem\",\"position\":2,\"name\":\"Formation et recherche\"}]},{\"@type\":\"WebSite\",\"@id\":\"https:\\\/\\\/swissdigitalcenter.ch\\\/fr\\\/#website\",\"url\":\"https:\\\/\\\/swissdigitalcenter.ch\\\/fr\\\/\",\"name\":\"Swiss Digital Center\",\"description\":\"La digitalisation au c\u0153ur des Alpes\",\"publisher\":{\"@id\":\"https:\\\/\\\/swissdigitalcenter.ch\\\/fr\\\/#organization\"},\"potentialAction\":[{\"@type\":\"SearchAction\",\"target\":{\"@type\":\"EntryPoint\",\"urlTemplate\":\"https:\\\/\\\/swissdigitalcenter.ch\\\/fr\\\/?s={search_term_string}\"},\"query-input\":{\"@type\":\"PropertyValueSpecification\",\"valueRequired\":true,\"valueName\":\"search_term_string\"}}],\"inLanguage\":\"fr-FR\"},{\"@type\":\"Organization\",\"@id\":\"https:\\\/\\\/swissdigitalcenter.ch\\\/fr\\\/#organization\",\"name\":\"Swiss Digital Center\",\"url\":\"https:\\\/\\\/swissdigitalcenter.ch\\\/fr\\\/\",\"logo\":{\"@type\":\"ImageObject\",\"inLanguage\":\"fr-FR\",\"@id\":\"https:\\\/\\\/swissdigitalcenter.ch\\\/fr\\\/#\\\/schema\\\/logo\\\/image\\\/\",\"url\":\"https:\\\/\\\/swissdigitalcenter.ch\\\/wp-content\\\/uploads\\\/2020\\\/07\\\/favicon-1.png\",\"contentUrl\":\"https:\\\/\\\/swissdigitalcenter.ch\\\/wp-content\\\/uploads\\\/2020\\\/07\\\/favicon-1.png\",\"width\":512,\"height\":512,\"caption\":\"Swiss Digital Center\"},\"image\":{\"@id\":\"https:\\\/\\\/swissdigitalcenter.ch\\\/fr\\\/#\\\/schema\\\/logo\\\/image\\\/\"},\"sameAs\":[\"https:\\\/\\\/www.facebook.com\\\/TechnoPoleDeSierre\",\"https:\\\/\\\/x.com\\\/tpolesierre\"]}]}<\/script>\n<!-- \/ Yoast SEO plugin. -->","yoast_head_json":{"title":"Formation et recherche &#8211; Swiss Digital Center","robots":{"index":"index","follow":"follow","max-snippet":"max-snippet:-1","max-image-preview":"max-image-preview:large","max-video-preview":"max-video-preview:-1"},"canonical":"https:\/\/swissdigitalcenter.ch\/fr\/formation-et-recherche\/","og_locale":"fr_FR","og_type":"article","og_title":"Formation et recherche &#8211; Swiss Digital Center","og_description":"L&rsquo;\u00e9cosyst\u00e8me sierrois Les instituts de recherche du site offrent aux entreprises un acc\u00e8s direct aux fonds nationaux et internationaux de recherche : 6 instituts de recherche, plus de 130 professeurs et chercheurs !\u00a0\u00a0 Formation HES-SO Haute Ecole de Gestion (HEG), Tourisme, Economie d\u2019entreprise et Informatique HES-SO\u00a0Digital Team Academy HES-SO\u00a0Team Academy HES-SO Business Experience Unidistance CFTI [&hellip;]","og_url":"https:\/\/swissdigitalcenter.ch\/fr\/formation-et-recherche\/","og_site_name":"Swiss Digital Center","article_publisher":"https:\/\/www.facebook.com\/TechnoPoleDeSierre","article_modified_time":"2022-06-20T13:14:27+00:00","og_image":[{"width":1708,"height":742,"url":"https:\/\/swissdigitalcenter.ch\/wp-content\/uploads\/2022\/06\/20220600-SDC-719-1-scaled-e1655294518562.jpg","type":"image\/jpeg"}],"twitter_card":"summary_large_image","twitter_site":"@tpolesierre","schema":{"@context":"https:\/\/schema.org","@graph":[{"@type":"WebPage","@id":"https:\/\/swissdigitalcenter.ch\/fr\/formation-et-recherche\/","url":"https:\/\/swissdigitalcenter.ch\/fr\/formation-et-recherche\/","name":"Formation et recherche &#8211; Swiss Digital Center","isPartOf":{"@id":"https:\/\/swissdigitalcenter.ch\/fr\/#website"},"primaryImageOfPage":{"@id":"https:\/\/swissdigitalcenter.ch\/fr\/formation-et-recherche\/#primaryimage"},"image":{"@id":"https:\/\/swissdigitalcenter.ch\/fr\/formation-et-recherche\/#primaryimage"},"thumbnailUrl":"https:\/\/swissdigitalcenter.ch\/wp-content\/uploads\/2022\/06\/20220600-SDC-719-1-scaled-e1655294518562.jpg","datePublished":"2022-06-15T08:10:00+00:00","dateModified":"2022-06-20T13:14:27+00:00","breadcrumb":{"@id":"https:\/\/swissdigitalcenter.ch\/fr\/formation-et-recherche\/#breadcrumb"},"inLanguage":"fr-FR","potentialAction":[{"@type":"ReadAction","target":["https:\/\/swissdigitalcenter.ch\/fr\/formation-et-recherche\/"]}]},{"@type":"ImageObject","inLanguage":"fr-FR","@id":"https:\/\/swissdigitalcenter.ch\/fr\/formation-et-recherche\/#primaryimage","url":"https:\/\/swissdigitalcenter.ch\/wp-content\/uploads\/2022\/06\/20220600-SDC-719-1-scaled-e1655294518562.jpg","contentUrl":"https:\/\/swissdigitalcenter.ch\/wp-content\/uploads\/2022\/06\/20220600-SDC-719-1-scaled-e1655294518562.jpg","width":1708,"height":742},{"@type":"BreadcrumbList","@id":"https:\/\/swissdigitalcenter.ch\/fr\/formation-et-recherche\/#breadcrumb","itemListElement":[{"@type":"ListItem","position":1,"name":"Home","item":"https:\/\/swissdigitalcenter.ch\/fr\/"},{"@type":"ListItem","position":2,"name":"Formation et recherche"}]},{"@type":"WebSite","@id":"https:\/\/swissdigitalcenter.ch\/fr\/#website","url":"https:\/\/swissdigitalcenter.ch\/fr\/","name":"Swiss Digital Center","description":"La digitalisation au c\u0153ur des Alpes","publisher":{"@id":"https:\/\/swissdigitalcenter.ch\/fr\/#organization"},"potentialAction":[{"@type":"SearchAction","target":{"@type":"EntryPoint","urlTemplate":"https:\/\/swissdigitalcenter.ch\/fr\/?s={search_term_string}"},"query-input":{"@type":"PropertyValueSpecification","valueRequired":true,"valueName":"search_term_string"}}],"inLanguage":"fr-FR"},{"@type":"Organization","@id":"https:\/\/swissdigitalcenter.ch\/fr\/#organization","name":"Swiss Digital Center","url":"https:\/\/swissdigitalcenter.ch\/fr\/","logo":{"@type":"ImageObject","inLanguage":"fr-FR","@id":"https:\/\/swissdigitalcenter.ch\/fr\/#\/schema\/logo\/image\/","url":"https:\/\/swissdigitalcenter.ch\/wp-content\/uploads\/2020\/07\/favicon-1.png","contentUrl":"https:\/\/swissdigitalcenter.ch\/wp-content\/uploads\/2020\/07\/favicon-1.png","width":512,"height":512,"caption":"Swiss Digital Center"},"image":{"@id":"https:\/\/swissdigitalcenter.ch\/fr\/#\/schema\/logo\/image\/"},"sameAs":["https:\/\/www.facebook.com\/TechnoPoleDeSierre","https:\/\/x.com\/tpolesierre"]}]}},"_links":{"self":[{"href":"https:\/\/swissdigitalcenter.ch\/fr\/wp-json\/wp\/v2\/pages\/7943","targetHints":{"allow":["GET"]}}],"collection":[{"href":"https:\/\/swissdigitalcenter.ch\/fr\/wp-json\/wp\/v2\/pages"}],"about":[{"href":"https:\/\/swissdigitalcenter.ch\/fr\/wp-json\/wp\/v2\/types\/page"}],"author":[{"embeddable":true,"href":"https:\/\/swissdigitalcenter.ch\/fr\/wp-json\/wp\/v2\/users\/13"}],"replies":[{"embeddable":true,"href":"https:\/\/swissdigitalcenter.ch\/fr\/wp-json\/wp\/v2\/comments?post=7943"}],"version-history":[{"count":45,"href":"https:\/\/swissdigitalcenter.ch\/fr\/wp-json\/wp\/v2\/pages\/7943\/revisions"}],"predecessor-version":[{"id":8264,"href":"https:\/\/swissdigitalcenter.ch\/fr\/wp-json\/wp\/v2\/pages\/7943\/revisions\/8264"}],"wp:featuredmedia":[{"embeddable":true,"href":"https:\/\/swissdigitalcenter.ch\/fr\/wp-json\/wp\/v2\/media\/8076"}],"wp:attachment":[{"href":"https:\/\/swissdigitalcenter.ch\/fr\/wp-json\/wp\/v2\/media?parent=7943"}],"curies":[{"name":"wp","href":"https:\/\/api.w.org\/{rel}","templated":true}]}}